{"id":7525,"date":"2025-10-26T23:58:51","date_gmt":"2025-10-26T23:58:51","guid":{"rendered":"https:\/\/rapifarma.shop\/?post_type=product&#038;p=7525"},"modified":"2025-10-27T00:23:45","modified_gmt":"2025-10-27T00:23:45","slug":"simisure-alimento-en-polvo-sabor-fresa-462-g","status":"publish","type":"product","link":"https:\/\/rapifarma.shop\/en\/product\/simisure-alimento-en-polvo-sabor-fresa-462-g\/","title":{"rendered":"SIMISURE \u2013 Alimento en Polvo Sabor Fresa (462 g)"},"content":{"rendered":"<p data-start=\"0\" data-end=\"461\"><strong data-start=\"0\" data-end=\"58\">SimiSure Fresa \u2013 Alimento en Polvo Sin Lactosa (462 g)<\/strong><br data-start=\"58\" data-end=\"61\" \/>SimiSure sabor fresa es un <strong data-start=\"88\" data-end=\"121\">alimento en polvo sin lactosa<\/strong>, enriquecido con <strong data-start=\"139\" data-end=\"186\">prote\u00ednas, vitaminas y minerales esenciales<\/strong>, dise\u00f1ado para complementar la nutrici\u00f3n diaria. Contiene maltodextrina, concentrado de prote\u00edna de soya y una mezcla equilibrada de micronutrientes como <strong data-start=\"341\" data-end=\"400\">vitaminas A, C, D, E, complejo B, calcio, hierro y zinc<\/strong>, que apoyan el sistema inmunol\u00f3gico y la energ\u00eda corporal.\u00a0<strong data-start=\"463\" data-end=\"487\">Modo de preparaci\u00f3n:<\/strong> Mezclar 7 cucharadas (66 g) en 240 mL de agua y agitar hasta disolver. <strong>Rinde 1.7 litros y es suficiente para una semana. <\/strong><strong data-start=\"561\" data-end=\"578\">Presentaci\u00f3n:<\/strong> Bolsa de 462 g. <strong data-start=\"597\" data-end=\"607\">Sabor:<\/strong> Fresa. <strong data-start=\"617\" data-end=\"632\">Fabricante: <\/strong>Labotarorios SIMILARES.<\/p>","protected":false},"excerpt":{"rendered":"<ul>\n<li><strong data-start=\"244\" data-end=\"279\">Bolsa 462 gr<\/strong><\/li>\n<li>Vitaminas y Proteinas (ver informacion nutrimental en las imagenes)<\/li>\n<li>Laboratorios SIMILARES<\/li>\n<li>Fecha de Vencimiento: Agosto 2030<\/li>\n<\/ul>","protected":false},"featured_media":7526,"comment_status":"open","ping_status":"closed","template":"","meta":[],"product_brand":[],"product_cat":[67],"product_tag":[],"class_list":{"0":"post-7525","1":"product","2":"type-product","3":"status-publish","4":"has-post-thumbnail","6":"product_cat-suplementosy-vitaminas","8":"first","9":"instock","10":"shipping-taxable","11":"purchasable","12":"product-type-simple"},"_links":{"self":[{"href":"https:\/\/rapifarma.shop\/en\/wp-json\/wp\/v2\/product\/7525","targetHints":{"allow":["GET"]}}],"collection":[{"href":"https:\/\/rapifarma.shop\/en\/wp-json\/wp\/v2\/product"}],"about":[{"href":"https:\/\/rapifarma.shop\/en\/wp-json\/wp\/v2\/types\/product"}],"replies":[{"embeddable":true,"href":"https:\/\/rapifarma.shop\/en\/wp-json\/wp\/v2\/comments?post=7525"}],"wp:featuredmedia":[{"embeddable":true,"href":"https:\/\/rapifarma.shop\/en\/wp-json\/wp\/v2\/media\/7526"}],"wp:attachment":[{"href":"https:\/\/rapifarma.shop\/en\/wp-json\/wp\/v2\/media?parent=7525"}],"wp:term":[{"taxonomy":"product_brand","embeddable":true,"href":"https:\/\/rapifarma.shop\/en\/wp-json\/wp\/v2\/product_brand?post=7525"},{"taxonomy":"product_cat","embeddable":true,"href":"https:\/\/rapifarma.shop\/en\/wp-json\/wp\/v2\/product_cat?post=7525"},{"taxonomy":"product_tag","embeddable":true,"href":"https:\/\/rapifarma.shop\/en\/wp-json\/wp\/v2\/product_tag?post=7525"}],"curies":[{"name":"wp","href":"https:\/\/api.w.org\/{rel}","templated":true}]}}