{"id":7520,"date":"2025-10-26T23:30:07","date_gmt":"2025-10-26T23:30:07","guid":{"rendered":"https:\/\/rapifarma.shop\/?post_type=product&#038;p=7520"},"modified":"2025-10-26T23:30:07","modified_gmt":"2025-10-26T23:30:07","slug":"apotex-capsulas-benzonatato-100-mg","status":"publish","type":"product","link":"https:\/\/rapifarma.shop\/en\/product\/apotex-capsulas-benzonatato-100-mg\/","title":{"rendered":"Apotex C\u00e1psulas (Benzonatato) 100 mg"},"content":{"rendered":"<p><strong data-start=\"0\" data-end=\"40\" data-is-only-node=\"\">Benzonatato C\u00e1psulas 100 mg<\/strong><br data-start=\"40\" data-end=\"43\" \/>Cada c\u00e1psula contiene <strong data-start=\"65\" data-end=\"87\">Benzonatato 100 mg<\/strong>, formulado como <strong data-start=\"104\" data-end=\"118\">antitusivo<\/strong> para aliviar la <strong data-start=\"135\" data-end=\"147\">tos seca<\/strong> causada por resfriados, infecciones respiratorias o irritaciones de garganta. Act\u00faa adormeciendo los receptores de la tos en las v\u00edas respiratorias, proporcionando alivio r\u00e1pido y prolongado. <strong data-start=\"342\" data-end=\"368\">V\u00eda de administraci\u00f3n:<\/strong> oral. <strong data-start=\"377\" data-end=\"394\">Presentaci\u00f3n:<\/strong> caja con 20 c\u00e1psulas. F<strong data-start=\"419\" data-end=\"434\">abricante:<\/strong> Gelcaps<\/p>","protected":false},"excerpt":{"rendered":"<ul>\n<li><strong>30 C\u00e1psulas<\/strong><\/li>\n<li>Benzonatato 100 mg<\/li>\n<li>Laboratorios GELCAPS<\/li>\n<li>Fecha de Vencimiento: Junio 2027<\/li>\n<\/ul>","protected":false},"featured_media":7522,"comment_status":"open","ping_status":"closed","template":"","meta":[],"product_brand":[],"product_cat":[66],"product_tag":[],"class_list":{"0":"post-7520","1":"product","2":"type-product","3":"status-publish","4":"has-post-thumbnail","6":"product_cat-tabletas-y-capsulas","8":"first","9":"instock","10":"shipping-taxable","11":"purchasable","12":"product-type-simple"},"_links":{"self":[{"href":"https:\/\/rapifarma.shop\/en\/wp-json\/wp\/v2\/product\/7520","targetHints":{"allow":["GET"]}}],"collection":[{"href":"https:\/\/rapifarma.shop\/en\/wp-json\/wp\/v2\/product"}],"about":[{"href":"https:\/\/rapifarma.shop\/en\/wp-json\/wp\/v2\/types\/product"}],"replies":[{"embeddable":true,"href":"https:\/\/rapifarma.shop\/en\/wp-json\/wp\/v2\/comments?post=7520"}],"wp:featuredmedia":[{"embeddable":true,"href":"https:\/\/rapifarma.shop\/en\/wp-json\/wp\/v2\/media\/7522"}],"wp:attachment":[{"href":"https:\/\/rapifarma.shop\/en\/wp-json\/wp\/v2\/media?parent=7520"}],"wp:term":[{"taxonomy":"product_brand","embeddable":true,"href":"https:\/\/rapifarma.shop\/en\/wp-json\/wp\/v2\/product_brand?post=7520"},{"taxonomy":"product_cat","embeddable":true,"href":"https:\/\/rapifarma.shop\/en\/wp-json\/wp\/v2\/product_cat?post=7520"},{"taxonomy":"product_tag","embeddable":true,"href":"https:\/\/rapifarma.shop\/en\/wp-json\/wp\/v2\/product_tag?post=7520"}],"curies":[{"name":"wp","href":"https:\/\/api.w.org\/{rel}","templated":true}]}}