{"id":7184,"date":"2025-10-25T15:15:52","date_gmt":"2025-10-25T15:15:52","guid":{"rendered":"https:\/\/rapifarma.shop\/?post_type=product&#038;p=7184"},"modified":"2025-10-26T16:00:37","modified_gmt":"2025-10-26T16:00:37","slug":"jeringuillas-5-ml-con-aguja-22g-x-32-mm","status":"publish","type":"product","link":"https:\/\/rapifarma.shop\/en\/product\/jeringuillas-5-ml-con-aguja-22g-x-32-mm\/","title":{"rendered":"Jeringuillas 5 mL con aguja 22G x 32 mm"},"content":{"rendered":"<p><strong data-start=\"0\" data-end=\"42\" data-is-only-node=\"\">Jeringas 5 mL con aguja 22G x 32 mm<\/strong><br data-start=\"42\" data-end=\"45\" \/>Jeringas hipod\u00e9rmicas de pl\u00e1stico <strong data-start=\"79\" data-end=\"106\">est\u00e9riles y desechables<\/strong>, dise\u00f1adas para uso manual. Cada unidad tiene <strong data-start=\"153\" data-end=\"174\">capacidad de 5 mL<\/strong> e incluye aguja <strong data-start=\"191\" data-end=\"206\">22G x 32 mm<\/strong>, ideal para aplicaciones intramusculares o subcut\u00e1neas. Fabricadas con materiales <strong data-start=\"291\" data-end=\"332\">at\u00f3xicos, libres de l\u00e1tex y pir\u00f3genos<\/strong>, garantizando seguridad y biocompatibilidad. <strong data-start=\"380\" data-end=\"397\">Presentaci\u00f3n:<\/strong> caja con 5 jeringas listas para usar. Fabricadas por Laboratorios <strong>DL.<\/strong><\/p>","protected":false},"excerpt":{"rendered":"<ul>\n<li><strong data-start=\"389\" data-end=\"470\" data-is-last-node=\"\">5 Jeringuillas<\/strong><\/li>\n<li>Capacidad de 5 mL e incluye aguja 22G x 32 mm<\/li>\n<li>Laboratorios DL<\/li>\n<li>Fecha de Vencimiento: ??<\/li>\n<\/ul>","protected":false},"featured_media":7387,"comment_status":"open","ping_status":"closed","template":"","meta":[],"product_brand":[],"product_cat":[64,70],"product_tag":[],"class_list":{"0":"post-7184","1":"product","2":"type-product","3":"status-publish","4":"has-post-thumbnail","6":"product_cat-inyectables","7":"product_cat-insumos-y-equipos","9":"first","10":"instock","11":"shipping-taxable","12":"purchasable","13":"product-type-simple"},"_links":{"self":[{"href":"https:\/\/rapifarma.shop\/en\/wp-json\/wp\/v2\/product\/7184","targetHints":{"allow":["GET"]}}],"collection":[{"href":"https:\/\/rapifarma.shop\/en\/wp-json\/wp\/v2\/product"}],"about":[{"href":"https:\/\/rapifarma.shop\/en\/wp-json\/wp\/v2\/types\/product"}],"replies":[{"embeddable":true,"href":"https:\/\/rapifarma.shop\/en\/wp-json\/wp\/v2\/comments?post=7184"}],"wp:featuredmedia":[{"embeddable":true,"href":"https:\/\/rapifarma.shop\/en\/wp-json\/wp\/v2\/media\/7387"}],"wp:attachment":[{"href":"https:\/\/rapifarma.shop\/en\/wp-json\/wp\/v2\/media?parent=7184"}],"wp:term":[{"taxonomy":"product_brand","embeddable":true,"href":"https:\/\/rapifarma.shop\/en\/wp-json\/wp\/v2\/product_brand?post=7184"},{"taxonomy":"product_cat","embeddable":true,"href":"https:\/\/rapifarma.shop\/en\/wp-json\/wp\/v2\/product_cat?post=7184"},{"taxonomy":"product_tag","embeddable":true,"href":"https:\/\/rapifarma.shop\/en\/wp-json\/wp\/v2\/product_tag?post=7184"}],"curies":[{"name":"wp","href":"https:\/\/api.w.org\/{rel}","templated":true}]}}