{"id":7174,"date":"2025-10-24T20:15:12","date_gmt":"2025-10-24T20:15:12","guid":{"rendered":"https:\/\/rapifarma.shop\/?post_type=product&#038;p=7174"},"modified":"2025-10-26T19:08:06","modified_gmt":"2025-10-26T19:08:06","slug":"daclafin-suspension-peptobismol-subsalicilato-de-bismuto-1-75-g","status":"publish","type":"product","link":"https:\/\/rapifarma.shop\/en\/product\/daclafin-suspension-peptobismol-subsalicilato-de-bismuto-1-75-g\/","title":{"rendered":"Daclafin Suspensi\u00f3n (Peptobismol\/Subsalicilato de Bismuto) 1.75 g"},"content":{"rendered":"<p><strong data-start=\"0\" data-end=\"67\" data-is-only-node=\"\">Daclafin Suspensi\u00f3n 1.750 g \/ 100 mL (Subsalicilato de Bismuto)<\/strong><br data-start=\"67\" data-end=\"70\" \/>Daclafin contiene <strong data-start=\"88\" data-end=\"140\">Subsalicilato de Bismuto 1.750 g por cada 100 mL<\/strong>, un protector gastrointestinal indicado para aliviar <strong data-start=\"194\" data-end=\"235\">acidez, n\u00e1usea, indigesti\u00f3n y diarrea<\/strong>. Su acci\u00f3n recubre la mucosa g\u00e1strica y reduce la irritaci\u00f3n causada por el exceso de \u00e1cido.<br data-start=\"328\" data-end=\"331\" \/><strong data-start=\"331\" data-end=\"357\">V\u00eda de administraci\u00f3n:<\/strong> oral. <strong data-start=\"364\" data-end=\"418\">Fabricado por Laboratorios Daclafin. Presentaci\u00f3n:<\/strong> frasco con 120 mL de suspensi\u00f3n oral.<\/p>","protected":false},"excerpt":{"rendered":"<ul>\n<li><strong>Contiene 120 mL<\/strong><\/li>\n<li>Subsalicilato de Bismuto 1.750 g por cada 100 mL<\/li>\n<li>Laboratorios DACLAFIN<\/li>\n<li>Fecha de Vencimiento: ????<\/li>\n<\/ul>","protected":false},"featured_media":7478,"comment_status":"open","ping_status":"closed","template":"","meta":[],"product_brand":[],"product_cat":[69],"product_tag":[],"class_list":{"0":"post-7174","1":"product","2":"type-product","3":"status-publish","4":"has-post-thumbnail","6":"product_cat-suspensiones-y-colirios","8":"first","9":"instock","10":"shipping-taxable","11":"purchasable","12":"product-type-simple"},"_links":{"self":[{"href":"https:\/\/rapifarma.shop\/en\/wp-json\/wp\/v2\/product\/7174","targetHints":{"allow":["GET"]}}],"collection":[{"href":"https:\/\/rapifarma.shop\/en\/wp-json\/wp\/v2\/product"}],"about":[{"href":"https:\/\/rapifarma.shop\/en\/wp-json\/wp\/v2\/types\/product"}],"replies":[{"embeddable":true,"href":"https:\/\/rapifarma.shop\/en\/wp-json\/wp\/v2\/comments?post=7174"}],"wp:featuredmedia":[{"embeddable":true,"href":"https:\/\/rapifarma.shop\/en\/wp-json\/wp\/v2\/media\/7478"}],"wp:attachment":[{"href":"https:\/\/rapifarma.shop\/en\/wp-json\/wp\/v2\/media?parent=7174"}],"wp:term":[{"taxonomy":"product_brand","embeddable":true,"href":"https:\/\/rapifarma.shop\/en\/wp-json\/wp\/v2\/product_brand?post=7174"},{"taxonomy":"product_cat","embeddable":true,"href":"https:\/\/rapifarma.shop\/en\/wp-json\/wp\/v2\/product_cat?post=7174"},{"taxonomy":"product_tag","embeddable":true,"href":"https:\/\/rapifarma.shop\/en\/wp-json\/wp\/v2\/product_tag?post=7174"}],"curies":[{"name":"wp","href":"https:\/\/api.w.org\/{rel}","templated":true}]}}