{"id":7166,"date":"2025-10-24T18:51:05","date_gmt":"2025-10-24T18:51:05","guid":{"rendered":"https:\/\/rapifarma.shop\/?post_type=product&#038;p=7166"},"modified":"2025-10-26T17:36:27","modified_gmt":"2025-10-26T17:36:27","slug":"metamizol-sodico-solucion-inyectable-1-g","status":"publish","type":"product","link":"https:\/\/rapifarma.shop\/en\/product\/metamizol-sodico-solucion-inyectable-1-g\/","title":{"rendered":"Metamizol S\u00f3dico Soluci\u00f3n Inyectable 1 g"},"content":{"rendered":"<p><strong data-start=\"0\" data-end=\"71\" data-is-only-node=\"\">Metamizol S\u00f3dico Soluci\u00f3n Inyectable 1 g \/ 2 mL<\/strong><br data-start=\"71\" data-end=\"74\" \/>Metamizol S\u00f3dico contiene <strong data-start=\"100\" data-end=\"144\">1 g por cada 2 mL de soluci\u00f3n inyectable<\/strong>, un analg\u00e9sico y antipir\u00e9tico de acci\u00f3n r\u00e1pida indicado para el <strong data-start=\"209\" data-end=\"270\">alivio del dolor intenso y la reducci\u00f3n de la fiebre alta<\/strong> cuando otros tratamientos no son eficaces. Su administraci\u00f3n puede ser <strong data-start=\"342\" data-end=\"373\">intramuscular o intravenosa<\/strong>, bajo estricta vigilancia m\u00e9dica.<br data-start=\"407\" data-end=\"410\" \/><strong data-start=\"410\" data-end=\"519\" data-is-last-node=\"\">Fabricado por AMSA Laboratorios. Presentaci\u00f3n: caja con 3 ampolletas de 2 mL.\u00a0<\/strong><\/p>","protected":false},"excerpt":{"rendered":"<ul>\n<li><strong>3 Ampulas<\/strong><\/li>\n<li>Metamizol S\u00f3dico 1 g por cada 2 mL de soluci\u00f3n inyectable<\/li>\n<li>Laboratorios AMSA<\/li>\n<li>Fecha de Vencimiento: Mayo????<\/li>\n<\/ul>","protected":false},"featured_media":7423,"comment_status":"open","ping_status":"closed","template":"","meta":[],"product_brand":[],"product_cat":[64],"product_tag":[],"class_list":{"0":"post-7166","1":"product","2":"type-product","3":"status-publish","4":"has-post-thumbnail","6":"product_cat-inyectables","8":"first","9":"instock","10":"shipping-taxable","11":"purchasable","12":"product-type-simple"},"_links":{"self":[{"href":"https:\/\/rapifarma.shop\/en\/wp-json\/wp\/v2\/product\/7166","targetHints":{"allow":["GET"]}}],"collection":[{"href":"https:\/\/rapifarma.shop\/en\/wp-json\/wp\/v2\/product"}],"about":[{"href":"https:\/\/rapifarma.shop\/en\/wp-json\/wp\/v2\/types\/product"}],"replies":[{"embeddable":true,"href":"https:\/\/rapifarma.shop\/en\/wp-json\/wp\/v2\/comments?post=7166"}],"wp:featuredmedia":[{"embeddable":true,"href":"https:\/\/rapifarma.shop\/en\/wp-json\/wp\/v2\/media\/7423"}],"wp:attachment":[{"href":"https:\/\/rapifarma.shop\/en\/wp-json\/wp\/v2\/media?parent=7166"}],"wp:term":[{"taxonomy":"product_brand","embeddable":true,"href":"https:\/\/rapifarma.shop\/en\/wp-json\/wp\/v2\/product_brand?post=7166"},{"taxonomy":"product_cat","embeddable":true,"href":"https:\/\/rapifarma.shop\/en\/wp-json\/wp\/v2\/product_cat?post=7166"},{"taxonomy":"product_tag","embeddable":true,"href":"https:\/\/rapifarma.shop\/en\/wp-json\/wp\/v2\/product_tag?post=7166"}],"curies":[{"name":"wp","href":"https:\/\/api.w.org\/{rel}","templated":true}]}}