{"id":7151,"date":"2025-10-24T18:03:54","date_gmt":"2025-10-24T18:03:54","guid":{"rendered":"https:\/\/rapifarma.shop\/?post_type=product&#038;p=7151"},"modified":"2025-10-26T22:17:02","modified_gmt":"2025-10-26T22:17:02","slug":"vandix-capsulasg-amoxicilina-500-m","status":"publish","type":"product","link":"https:\/\/rapifarma.shop\/en\/product\/vandix-capsulasg-amoxicilina-500-m\/","title":{"rendered":"Vandix C\u00e1psulas (Amoxicilina)  500 m"},"content":{"rendered":"<p><strong data-start=\"0\" data-end=\"40\" data-is-only-node=\"\">Vandix C\u00e1psulas 500 mg (Amoxicilina)<\/strong><br data-start=\"40\" data-end=\"43\" \/>Vandix contiene <strong data-start=\"59\" data-end=\"93\">Amoxicilina 500 mg por c\u00e1psula<\/strong>, un antibi\u00f3tico del grupo de las penicilinas indicado para el tratamiento de <strong data-start=\"171\" data-end=\"256\">infecciones bacterianas respiratorias, urinarias, de o\u00eddo, piel y tejidos blandos<\/strong>. Act\u00faa inhibiendo el crecimiento de bacterias sensibles. Su administraci\u00f3n es <strong data-start=\"335\" data-end=\"343\">oral<\/strong>, y debe realizarse bajo prescripci\u00f3n m\u00e9dica. <strong data-start=\"389\" data-end=\"470\" data-is-last-node=\"\">Fabricado por Farmac\u00e9utica Wandel. Presentaci\u00f3n: caja con 12 c\u00e1psulas de 500 mg.<\/strong><\/p>","protected":false},"excerpt":{"rendered":"<ul>\n<li><strong data-start=\"389\" data-end=\"470\" data-is-last-node=\"\">12 C\u00e1psulas<\/strong><\/li>\n<li>Amoxicilina 500 mg<\/li>\n<li>Laboratorios WANDEL<\/li>\n<li>Fecha de Vencimiento: Abril 2027<\/li>\n<\/ul>","protected":false},"featured_media":7514,"comment_status":"open","ping_status":"closed","template":"","meta":[],"product_brand":[],"product_cat":[66],"product_tag":[],"class_list":{"0":"post-7151","1":"product","2":"type-product","3":"status-publish","4":"has-post-thumbnail","6":"product_cat-tabletas-y-capsulas","8":"first","9":"instock","10":"shipping-taxable","11":"product-type-simple"},"_links":{"self":[{"href":"https:\/\/rapifarma.shop\/en\/wp-json\/wp\/v2\/product\/7151","targetHints":{"allow":["GET"]}}],"collection":[{"href":"https:\/\/rapifarma.shop\/en\/wp-json\/wp\/v2\/product"}],"about":[{"href":"https:\/\/rapifarma.shop\/en\/wp-json\/wp\/v2\/types\/product"}],"replies":[{"embeddable":true,"href":"https:\/\/rapifarma.shop\/en\/wp-json\/wp\/v2\/comments?post=7151"}],"wp:featuredmedia":[{"embeddable":true,"href":"https:\/\/rapifarma.shop\/en\/wp-json\/wp\/v2\/media\/7514"}],"wp:attachment":[{"href":"https:\/\/rapifarma.shop\/en\/wp-json\/wp\/v2\/media?parent=7151"}],"wp:term":[{"taxonomy":"product_brand","embeddable":true,"href":"https:\/\/rapifarma.shop\/en\/wp-json\/wp\/v2\/product_brand?post=7151"},{"taxonomy":"product_cat","embeddable":true,"href":"https:\/\/rapifarma.shop\/en\/wp-json\/wp\/v2\/product_cat?post=7151"},{"taxonomy":"product_tag","embeddable":true,"href":"https:\/\/rapifarma.shop\/en\/wp-json\/wp\/v2\/product_tag?post=7151"}],"curies":[{"name":"wp","href":"https:\/\/api.w.org\/{rel}","templated":true}]}}