{"id":7147,"date":"2025-10-24T17:42:57","date_gmt":"2025-10-24T17:42:57","guid":{"rendered":"https:\/\/rapifarma.shop\/?post_type=product&#038;p=7147"},"modified":"2025-10-26T15:58:58","modified_gmt":"2025-10-26T15:58:58","slug":"veridex-tabletas-ivermectina-6-mg","status":"publish","type":"product","link":"https:\/\/rapifarma.shop\/en\/product\/veridex-tabletas-ivermectina-6-mg\/","title":{"rendered":"Veridex Tabletas (Ivermectina)  6 mg"},"content":{"rendered":"<p><strong data-start=\"0\" data-end=\"39\" data-is-only-node=\"\">Veridex Tabletas 6 mg (Ivermectina)<\/strong><br data-start=\"39\" data-end=\"42\" \/>Veridex contiene <strong data-start=\"59\" data-end=\"91\">Ivermectina 6 mg por tableta<\/strong>, un antiparasitario de amplio espectro eficaz en el tratamiento de infecciones causadas por par\u00e1sitos internos y externos, como la escabiosis (sarna), oncocercosis y estrongiloidiasis. Su administraci\u00f3n es <strong data-start=\"298\" data-end=\"306\">oral<\/strong>, bajo prescripci\u00f3n m\u00e9dica. Debe ingerirse o disolverse en una cucharada de agua seg\u00fan las indicaciones del m\u00e9dico. <strong data-start=\"422\" data-end=\"494\" data-is-last-node=\"\">Fabricado por Laboratorios Maver. Presentaci\u00f3n: caja con 4 tabletas.<\/strong><\/p>","protected":false},"excerpt":{"rendered":"<ul>\n<li><strong>4 Tabletas<\/strong><\/li>\n<li>Ivermectina 6 mg<\/li>\n<li>Laboratorios MAVER<\/li>\n<li>Fecha de Vencimiento: Febrero 2027<\/li>\n<\/ul>","protected":false},"featured_media":7384,"comment_status":"open","ping_status":"closed","template":"","meta":[],"product_brand":[],"product_cat":[66],"product_tag":[],"class_list":{"0":"post-7147","1":"product","2":"type-product","3":"status-publish","4":"has-post-thumbnail","6":"product_cat-tabletas-y-capsulas","8":"first","9":"instock","10":"shipping-taxable","11":"purchasable","12":"product-type-simple"},"_links":{"self":[{"href":"https:\/\/rapifarma.shop\/en\/wp-json\/wp\/v2\/product\/7147","targetHints":{"allow":["GET"]}}],"collection":[{"href":"https:\/\/rapifarma.shop\/en\/wp-json\/wp\/v2\/product"}],"about":[{"href":"https:\/\/rapifarma.shop\/en\/wp-json\/wp\/v2\/types\/product"}],"replies":[{"embeddable":true,"href":"https:\/\/rapifarma.shop\/en\/wp-json\/wp\/v2\/comments?post=7147"}],"wp:featuredmedia":[{"embeddable":true,"href":"https:\/\/rapifarma.shop\/en\/wp-json\/wp\/v2\/media\/7384"}],"wp:attachment":[{"href":"https:\/\/rapifarma.shop\/en\/wp-json\/wp\/v2\/media?parent=7147"}],"wp:term":[{"taxonomy":"product_brand","embeddable":true,"href":"https:\/\/rapifarma.shop\/en\/wp-json\/wp\/v2\/product_brand?post=7147"},{"taxonomy":"product_cat","embeddable":true,"href":"https:\/\/rapifarma.shop\/en\/wp-json\/wp\/v2\/product_cat?post=7147"},{"taxonomy":"product_tag","embeddable":true,"href":"https:\/\/rapifarma.shop\/en\/wp-json\/wp\/v2\/product_tag?post=7147"}],"curies":[{"name":"wp","href":"https:\/\/api.w.org\/{rel}","templated":true}]}}