{"id":7143,"date":"2025-10-24T17:22:10","date_gmt":"2025-10-24T17:22:10","guid":{"rendered":"https:\/\/rapifarma.shop\/?post_type=product&#038;p=7143"},"modified":"2025-10-26T14:12:11","modified_gmt":"2025-10-26T14:12:11","slug":"captopril-tabletas-25-mg","status":"publish","type":"product","link":"https:\/\/rapifarma.shop\/en\/product\/captopril-tabletas-25-mg\/","title":{"rendered":"Captopril Tabletas 25 mg"},"content":{"rendered":"<p><strong data-start=\"0\" data-end=\"49\" data-is-only-node=\"\">Captopril Tabletas 25 mg\u00a0<\/strong><br data-start=\"49\" data-end=\"52\" \/>Captopril contiene <strong data-start=\"71\" data-end=\"102\">Captopril 25 mg por tableta<\/strong>, un medicamento inhibidor de la enzima convertidora de angiotensina (IECA) utilizado para el <strong data-start=\"196\" data-end=\"297\">tratamiento de la hipertensi\u00f3n arterial, insuficiencia card\u00edaca congestiva y nefropat\u00eda diab\u00e9tica<\/strong>. Ayuda a relajar los vasos sangu\u00edneos, mejorando la circulaci\u00f3n y reduciendo la presi\u00f3n arterial. Su administraci\u00f3n es oral y debe ser indicada por el m\u00e9dico. <strong data-start=\"457\" data-end=\"530\" data-is-last-node=\"\">Fabricado por Ultra Laboratorios. Presentaci\u00f3n: caja con 30 tabletas.<\/strong><\/p>","protected":false},"excerpt":{"rendered":"<ul>\n<li><strong>30 Tabletas<\/strong><\/li>\n<li>Captopril 25 mg<\/li>\n<li>Laboratorios ULTRA<\/li>\n<li>Fecha de Vencimiento: ??<\/li>\n<\/ul>","protected":false},"featured_media":7287,"comment_status":"open","ping_status":"closed","template":"","meta":[],"product_brand":[],"product_cat":[66],"product_tag":[],"class_list":{"0":"post-7143","1":"product","2":"type-product","3":"status-publish","4":"has-post-thumbnail","6":"product_cat-tabletas-y-capsulas","8":"first","9":"instock","10":"shipping-taxable","11":"purchasable","12":"product-type-simple"},"_links":{"self":[{"href":"https:\/\/rapifarma.shop\/en\/wp-json\/wp\/v2\/product\/7143","targetHints":{"allow":["GET"]}}],"collection":[{"href":"https:\/\/rapifarma.shop\/en\/wp-json\/wp\/v2\/product"}],"about":[{"href":"https:\/\/rapifarma.shop\/en\/wp-json\/wp\/v2\/types\/product"}],"replies":[{"embeddable":true,"href":"https:\/\/rapifarma.shop\/en\/wp-json\/wp\/v2\/comments?post=7143"}],"wp:featuredmedia":[{"embeddable":true,"href":"https:\/\/rapifarma.shop\/en\/wp-json\/wp\/v2\/media\/7287"}],"wp:attachment":[{"href":"https:\/\/rapifarma.shop\/en\/wp-json\/wp\/v2\/media?parent=7143"}],"wp:term":[{"taxonomy":"product_brand","embeddable":true,"href":"https:\/\/rapifarma.shop\/en\/wp-json\/wp\/v2\/product_brand?post=7143"},{"taxonomy":"product_cat","embeddable":true,"href":"https:\/\/rapifarma.shop\/en\/wp-json\/wp\/v2\/product_cat?post=7143"},{"taxonomy":"product_tag","embeddable":true,"href":"https:\/\/rapifarma.shop\/en\/wp-json\/wp\/v2\/product_tag?post=7143"}],"curies":[{"name":"wp","href":"https:\/\/api.w.org\/{rel}","templated":true}]}}