{"id":7140,"date":"2025-10-24T16:48:06","date_gmt":"2025-10-24T16:48:06","guid":{"rendered":"https:\/\/rapifarma.shop\/?post_type=product&#038;p=7140"},"modified":"2025-10-26T04:17:23","modified_gmt":"2025-10-26T04:17:23","slug":"plusgel-tabletas-masticables-antiacido","status":"publish","type":"product","link":"https:\/\/rapifarma.shop\/en\/product\/plusgel-tabletas-masticables-antiacido\/","title":{"rendered":"Plusgel Tabletas Masticables (Anti\u00e1cido)"},"content":{"rendered":"<p><strong data-start=\"0\" data-end=\"111\" data-is-only-node=\"\">Plusgel Tabletas Masticables (Hidr\u00f3xido de Aluminio 200 mg, Hidr\u00f3xido de Magnesio 200 mg, Dimeticona 20 mg)<\/strong><br data-start=\"111\" data-end=\"114\" \/>Plusgel combina <strong data-start=\"130\" data-end=\"162\">Hidr\u00f3xido de aluminio 200 mg<\/strong>, <strong data-start=\"164\" data-end=\"196\">Hidr\u00f3xido de magnesio 200 mg<\/strong> y <strong data-start=\"199\" data-end=\"219\">Dimeticona 20 mg<\/strong> por tableta, formulado como anti\u00e1cido y antiflatulento para aliviar la acidez, gastritis, \u00falcera p\u00e9ptica e indigesti\u00f3n. Su acci\u00f3n reduce la acidez estomacal y el malestar por gases, con agradable sabor menta-lim\u00f3n. Se administra por v\u00eda oral, masticando 2 a 3 tabletas despu\u00e9s de las comidas. <strong data-start=\"513\" data-end=\"602\" data-is-last-node=\"\">Fabricado por Laboratorios Collins. Presentaci\u00f3n: frasco con 50 tabletas masticables.<\/strong><\/p>","protected":false},"excerpt":{"rendered":"<ul>\n<li><strong>50 Tabletas<\/strong><\/li>\n<li>Hidr\u00f3xido de Aluminio 200 mg, Hidr\u00f3xido de Magnesio 200 mg y Dimeticona 20 mg<\/li>\n<li>Laboratorios COLLINS<\/li>\n<li>Fecha de Vencimiento: ??<\/li>\n<\/ul>","protected":false},"featured_media":7253,"comment_status":"open","ping_status":"closed","template":"","meta":[],"product_brand":[],"product_cat":[66],"product_tag":[],"class_list":{"0":"post-7140","1":"product","2":"type-product","3":"status-publish","4":"has-post-thumbnail","6":"product_cat-tabletas-y-capsulas","8":"first","9":"instock","10":"shipping-taxable","11":"product-type-simple"},"_links":{"self":[{"href":"https:\/\/rapifarma.shop\/en\/wp-json\/wp\/v2\/product\/7140","targetHints":{"allow":["GET"]}}],"collection":[{"href":"https:\/\/rapifarma.shop\/en\/wp-json\/wp\/v2\/product"}],"about":[{"href":"https:\/\/rapifarma.shop\/en\/wp-json\/wp\/v2\/types\/product"}],"replies":[{"embeddable":true,"href":"https:\/\/rapifarma.shop\/en\/wp-json\/wp\/v2\/comments?post=7140"}],"wp:featuredmedia":[{"embeddable":true,"href":"https:\/\/rapifarma.shop\/en\/wp-json\/wp\/v2\/media\/7253"}],"wp:attachment":[{"href":"https:\/\/rapifarma.shop\/en\/wp-json\/wp\/v2\/media?parent=7140"}],"wp:term":[{"taxonomy":"product_brand","embeddable":true,"href":"https:\/\/rapifarma.shop\/en\/wp-json\/wp\/v2\/product_brand?post=7140"},{"taxonomy":"product_cat","embeddable":true,"href":"https:\/\/rapifarma.shop\/en\/wp-json\/wp\/v2\/product_cat?post=7140"},{"taxonomy":"product_tag","embeddable":true,"href":"https:\/\/rapifarma.shop\/en\/wp-json\/wp\/v2\/product_tag?post=7140"}],"curies":[{"name":"wp","href":"https:\/\/api.w.org\/{rel}","templated":true}]}}