{"id":7137,"date":"2025-10-24T16:36:45","date_gmt":"2025-10-24T16:36:45","guid":{"rendered":"https:\/\/rapifarma.shop\/?post_type=product&#038;p=7137"},"modified":"2025-10-25T22:03:42","modified_gmt":"2025-10-25T22:03:42","slug":"materfol-tabletas-acido-folico-400-mcg","status":"publish","type":"product","link":"https:\/\/rapifarma.shop\/en\/product\/materfol-tabletas-acido-folico-400-mcg\/","title":{"rendered":"Materfol Tabletas (\u00c1cido F\u00f3lico) 400 mcg"},"content":{"rendered":"<p><strong data-start=\"0\" data-end=\"44\" data-is-only-node=\"\">Materfol Tabletas 400 mcg (\u00c1cido F\u00f3lico)<\/strong><br data-start=\"44\" data-end=\"47\" \/>Materfol contiene <strong data-start=\"65\" data-end=\"101\">\u00c1cido f\u00f3lico 400 mcg por tableta<\/strong>, una vitamina esencial del complejo B que contribuye a la formaci\u00f3n de gl\u00f3bulos rojos y al desarrollo saludable del sistema nervioso. Est\u00e1 especialmente indicado <strong data-start=\"264\" data-end=\"311\">para mujeres embarazadas o en planificaci\u00f3n<\/strong> para prevenir defectos del tubo neural en el feto. Se administra por v\u00eda oral, 1 tableta al d\u00eda seg\u00fan indicaci\u00f3n m\u00e9dica. <strong data-start=\"433\" data-end=\"500\" data-is-last-node=\"\">Fabricado por CMD Pharma. Presentaci\u00f3n: frasco con 90 tabletas.<\/strong><\/p>","protected":false},"excerpt":{"rendered":"<ul>\n<li><strong>30 Tabletas<\/strong><\/li>\n<li>\u00c1cido f\u00f3lico 400 mcg<\/li>\n<li>Laboratorios CMD PHARMA<\/li>\n<li>Fecha de Vencimiento: ??<\/li>\n<\/ul>","protected":false},"featured_media":7210,"comment_status":"open","ping_status":"closed","template":"","meta":[],"product_brand":[],"product_cat":[66],"product_tag":[],"class_list":{"0":"post-7137","1":"product","2":"type-product","3":"status-publish","4":"has-post-thumbnail","6":"product_cat-tabletas-y-capsulas","8":"first","9":"instock","10":"shipping-taxable","11":"purchasable","12":"product-type-simple"},"_links":{"self":[{"href":"https:\/\/rapifarma.shop\/en\/wp-json\/wp\/v2\/product\/7137","targetHints":{"allow":["GET"]}}],"collection":[{"href":"https:\/\/rapifarma.shop\/en\/wp-json\/wp\/v2\/product"}],"about":[{"href":"https:\/\/rapifarma.shop\/en\/wp-json\/wp\/v2\/types\/product"}],"replies":[{"embeddable":true,"href":"https:\/\/rapifarma.shop\/en\/wp-json\/wp\/v2\/comments?post=7137"}],"wp:featuredmedia":[{"embeddable":true,"href":"https:\/\/rapifarma.shop\/en\/wp-json\/wp\/v2\/media\/7210"}],"wp:attachment":[{"href":"https:\/\/rapifarma.shop\/en\/wp-json\/wp\/v2\/media?parent=7137"}],"wp:term":[{"taxonomy":"product_brand","embeddable":true,"href":"https:\/\/rapifarma.shop\/en\/wp-json\/wp\/v2\/product_brand?post=7137"},{"taxonomy":"product_cat","embeddable":true,"href":"https:\/\/rapifarma.shop\/en\/wp-json\/wp\/v2\/product_cat?post=7137"},{"taxonomy":"product_tag","embeddable":true,"href":"https:\/\/rapifarma.shop\/en\/wp-json\/wp\/v2\/product_tag?post=7137"}],"curies":[{"name":"wp","href":"https:\/\/api.w.org\/{rel}","templated":true}]}}