{"id":7132,"date":"2025-10-24T03:28:41","date_gmt":"2025-10-24T03:28:41","guid":{"rendered":"https:\/\/rapifarma.shop\/?post_type=product&#038;p=7132"},"modified":"2025-10-26T14:02:40","modified_gmt":"2025-10-26T14:02:40","slug":"bromuro-de-ipratropio-salbutamol-solucion-0-5-mg-2-5-mg","status":"publish","type":"product","link":"https:\/\/rapifarma.shop\/en\/product\/bromuro-de-ipratropio-salbutamol-solucion-0-5-mg-2-5-mg\/","title":{"rendered":"Bromuro de Ipratropio \/ Salbutamol Soluci\u00f3n 0.5 mg \/ 2.5 mg"},"content":{"rendered":"<article class=\"text-token-text-primary w-full focus:outline-none [--shadow-height:45px] has-data-writing-block:pointer-events-none has-data-writing-block:-mt-(--shadow-height) has-data-writing-block:pt-(--shadow-height) [&amp;:has([data-writing-block])&gt;*]:pointer-events-auto [content-visibility:auto] supports-[content-visibility:auto]:[contain-intrinsic-size:auto_100lvh] scroll-mt-[calc(var(--header-height)+min(200px,max(70px,20svh)))]\" dir=\"auto\" tabindex=\"-1\" data-turn-id=\"request-68f56e79-7224-8321-bcb7-7223252c1c05-1\" data-testid=\"conversation-turn-100\" data-scroll-anchor=\"true\" data-turn=\"assistant\">\n<div class=\"text-base my-auto mx-auto pb-10 [--thread-content-margin:--spacing(4)] thread-sm:[--thread-content-margin:--spacing(6)] thread-lg:[--thread-content-margin:--spacing(16)] px-(--thread-content-margin)\">\n<div class=\"[--thread-content-max-width:40rem] thread-lg:[--thread-content-max-width:48rem] mx-auto max-w-(--thread-content-max-width) flex-1 group\/turn-messages focus-visible:outline-hidden relative flex w-full min-w-0 flex-col agent-turn\" tabindex=\"-1\">\n<div class=\"flex max-w-full flex-col grow\">\n<div class=\"min-h-8 text-message relative flex w-full flex-col items-end gap-2 text-start break-words whitespace-normal [.text-message+&amp;]:mt-1\" dir=\"auto\" data-message-author-role=\"assistant\" data-message-id=\"684df2b5-137d-4140-9cb9-0ac719782cfa\" data-message-model-slug=\"gpt-5\">\n<div class=\"flex w-full flex-col gap-1 empty:hidden first:pt-[1px]\">\n<div class=\"markdown prose dark:prose-invert w-full break-words light markdown-new-styling\">\n<p data-start=\"0\" data-end=\"574\" data-is-last-node=\"\" data-is-only-node=\"\"><strong data-start=\"0\" data-end=\"83\" data-is-only-node=\"\">Bromuro de Ipratropio \/ Salbutamol Soluci\u00f3n 0.5 mg \/ 2.5 mg.<\/strong><br data-start=\"83\" data-end=\"86\" \/>Esta soluci\u00f3n para nebulizaci\u00f3n contiene <strong data-start=\"127\" data-end=\"176\">0.5 mg de Bromuro de Ipratropio monohidratado<\/strong> y <strong data-start=\"179\" data-end=\"214\">2.5 mg de Sulfato de Salbutamol<\/strong> por cada ampolleta de 2.5 mL. Est\u00e1 indicada para el <strong data-start=\"267\" data-end=\"300\">tratamiento del broncoespasmo<\/strong> en pacientes con enfermedades respiratorias obstructivas como <strong data-start=\"363\" data-end=\"378\">EPOC y asma<\/strong>, facilitando la respiraci\u00f3n al relajar los m\u00fasculos bronquiales. De uso por nebulizaci\u00f3n bajo supervisi\u00f3n m\u00e9dica. <strong data-start=\"493\" data-end=\"574\" data-is-last-node=\"\">Presentaci\u00f3n: caja con ampolletas de 2.5 mL. Fabricado por AMSA Laboratorios.<\/strong><\/p>\n<\/div>\n<\/div>\n<\/div>\n<\/div>\n<div class=\"z-0 flex min-h-[46px] justify-start\"><\/div>\n<div class=\"mt-3 w-full empty:hidden\">\n<div class=\"text-center\"><\/div>\n<\/div>\n<\/div>\n<\/div>\n<\/article>\n<div class=\"pointer-events-none h-px w-px\" aria-hidden=\"true\" data-edge=\"true\"><\/div>","protected":false},"excerpt":{"rendered":"<ul>\n<li><strong>Contiene 30 ml<\/strong><\/li>\n<li>Bromuro de Ipratropio monohidratado 0.5 mg y Sulfato de Salbutamol 2.5 mg<\/li>\n<li>Laboratorios AMSA<\/li>\n<li>Fecha de Vencimiento: Frebrero 2027<\/li>\n<\/ul>","protected":false},"featured_media":7277,"comment_status":"open","ping_status":"closed","template":"","meta":[],"product_brand":[],"product_cat":[69],"product_tag":[],"class_list":{"0":"post-7132","1":"product","2":"type-product","3":"status-publish","4":"has-post-thumbnail","6":"product_cat-suspensiones-y-colirios","8":"first","9":"instock","10":"shipping-taxable","11":"purchasable","12":"product-type-simple"},"_links":{"self":[{"href":"https:\/\/rapifarma.shop\/en\/wp-json\/wp\/v2\/product\/7132","targetHints":{"allow":["GET"]}}],"collection":[{"href":"https:\/\/rapifarma.shop\/en\/wp-json\/wp\/v2\/product"}],"about":[{"href":"https:\/\/rapifarma.shop\/en\/wp-json\/wp\/v2\/types\/product"}],"replies":[{"embeddable":true,"href":"https:\/\/rapifarma.shop\/en\/wp-json\/wp\/v2\/comments?post=7132"}],"wp:featuredmedia":[{"embeddable":true,"href":"https:\/\/rapifarma.shop\/en\/wp-json\/wp\/v2\/media\/7277"}],"wp:attachment":[{"href":"https:\/\/rapifarma.shop\/en\/wp-json\/wp\/v2\/media?parent=7132"}],"wp:term":[{"taxonomy":"product_brand","embeddable":true,"href":"https:\/\/rapifarma.shop\/en\/wp-json\/wp\/v2\/product_brand?post=7132"},{"taxonomy":"product_cat","embeddable":true,"href":"https:\/\/rapifarma.shop\/en\/wp-json\/wp\/v2\/product_cat?post=7132"},{"taxonomy":"product_tag","embeddable":true,"href":"https:\/\/rapifarma.shop\/en\/wp-json\/wp\/v2\/product_tag?post=7132"}],"curies":[{"name":"wp","href":"https:\/\/api.w.org\/{rel}","templated":true}]}}