{"id":7125,"date":"2025-10-24T02:50:09","date_gmt":"2025-10-24T02:50:09","guid":{"rendered":"https:\/\/rapifarma.shop\/?post_type=product&#038;p=7125"},"modified":"2025-10-26T15:42:54","modified_gmt":"2025-10-26T15:42:54","slug":"diurmessel-tabletas-furosemida-40-mg","status":"publish","type":"product","link":"https:\/\/rapifarma.shop\/en\/product\/diurmessel-tabletas-furosemida-40-mg\/","title":{"rendered":"Diurmessel Tabletas (Furosemida) 40 mg"},"content":{"rendered":"<p><strong data-start=\"0\" data-end=\"51\" data-is-only-node=\"\">Diurmessel Tabletas 40 mg (Furosemida)<\/strong><br data-start=\"51\" data-end=\"54\" \/>Diurmessel contiene <strong data-start=\"74\" data-end=\"106\">Furosemida 40 mg por tableta<\/strong>, un diur\u00e9tico de acci\u00f3n r\u00e1pida indicado para el tratamiento del edema asociado a insuficiencia card\u00edaca, hep\u00e1tica o renal, as\u00ed como para controlar la hipertensi\u00f3n arterial. Facilita la eliminaci\u00f3n del exceso de l\u00edquidos y sodio del organismo, ayudando a reducir la presi\u00f3n y la retenci\u00f3n de agua. Su administraci\u00f3n es <strong data-start=\"425\" data-end=\"433\">oral<\/strong> y bajo prescripci\u00f3n m\u00e9dica. <strong data-start=\"462\" data-end=\"523\" data-is-last-node=\"\">Fabricado por Biomep. Presentaci\u00f3n: caja con 20 tabletas.<\/strong><\/p>","protected":false},"excerpt":{"rendered":"<ul>\n<li><strong>30 Tabletas<\/strong><\/li>\n<li>FUROSEMIDA 40 mg<\/li>\n<li>Laboratorios BIOMEP<\/li>\n<li>Fecha de Vencimiento: ??<\/li>\n<\/ul>","protected":false},"featured_media":7368,"comment_status":"open","ping_status":"closed","template":"","meta":[],"product_brand":[],"product_cat":[66],"product_tag":[],"class_list":{"0":"post-7125","1":"product","2":"type-product","3":"status-publish","4":"has-post-thumbnail","6":"product_cat-tabletas-y-capsulas","8":"first","9":"instock","10":"shipping-taxable","11":"purchasable","12":"product-type-simple"},"_links":{"self":[{"href":"https:\/\/rapifarma.shop\/en\/wp-json\/wp\/v2\/product\/7125","targetHints":{"allow":["GET"]}}],"collection":[{"href":"https:\/\/rapifarma.shop\/en\/wp-json\/wp\/v2\/product"}],"about":[{"href":"https:\/\/rapifarma.shop\/en\/wp-json\/wp\/v2\/types\/product"}],"replies":[{"embeddable":true,"href":"https:\/\/rapifarma.shop\/en\/wp-json\/wp\/v2\/comments?post=7125"}],"wp:featuredmedia":[{"embeddable":true,"href":"https:\/\/rapifarma.shop\/en\/wp-json\/wp\/v2\/media\/7368"}],"wp:attachment":[{"href":"https:\/\/rapifarma.shop\/en\/wp-json\/wp\/v2\/media?parent=7125"}],"wp:term":[{"taxonomy":"product_brand","embeddable":true,"href":"https:\/\/rapifarma.shop\/en\/wp-json\/wp\/v2\/product_brand?post=7125"},{"taxonomy":"product_cat","embeddable":true,"href":"https:\/\/rapifarma.shop\/en\/wp-json\/wp\/v2\/product_cat?post=7125"},{"taxonomy":"product_tag","embeddable":true,"href":"https:\/\/rapifarma.shop\/en\/wp-json\/wp\/v2\/product_tag?post=7125"}],"curies":[{"name":"wp","href":"https:\/\/api.w.org\/{rel}","templated":true}]}}