{"id":7117,"date":"2025-10-22T14:39:41","date_gmt":"2025-10-22T14:39:41","guid":{"rendered":"https:\/\/rapifarma.shop\/?post_type=product&#038;p=7117"},"modified":"2025-10-26T04:48:59","modified_gmt":"2025-10-26T04:48:59","slug":"zertalin-tableta-azitromicina-500-mg","status":"publish","type":"product","link":"https:\/\/rapifarma.shop\/en\/product\/zertalin-tableta-azitromicina-500-mg\/","title":{"rendered":"Zertalin Tableta (Azitromicina) 500 mg"},"content":{"rendered":"<p><strong data-start=\"0\" data-end=\"42\" data-is-only-node=\"\">Zertalin Tableta 500 mg (Azitromicina)<\/strong><br data-start=\"42\" data-end=\"45\" \/>Zertalin contiene <strong data-start=\"63\" data-end=\"140\">Azitromicina dihidratada equivalente a 500 mg de Azitromicina por tableta<\/strong>, un antibi\u00f3tico macr\u00f3lido eficaz para el tratamiento de infecciones bacterianas del tracto respiratorio, piel, o\u00eddo y v\u00edas genitourinarias. Su acci\u00f3n inhibe el crecimiento bacteriano, favoreciendo una recuperaci\u00f3n r\u00e1pida. Se administra por v\u00eda oral bajo indicaci\u00f3n m\u00e9dica. <strong data-start=\"414\" data-end=\"488\" data-is-last-node=\"\">Fabricado por Laboratorios Collins. Presentaci\u00f3n: caja con 3 tabletas.<\/strong><\/p>","protected":false},"excerpt":{"rendered":"<ul>\n<li><strong>3 Tabletas<\/strong><\/li>\n<li>Azitromicina dihidratada equivalente a 500 mg<\/li>\n<li>Laboratorios COLLINS<\/li>\n<li>Fecha de Vencimiento: Mayo 2027<\/li>\n<\/ul>","protected":false},"featured_media":7271,"comment_status":"open","ping_status":"closed","template":"","meta":[],"product_brand":[],"product_cat":[66],"product_tag":[],"class_list":{"0":"post-7117","1":"product","2":"type-product","3":"status-publish","4":"has-post-thumbnail","6":"product_cat-tabletas-y-capsulas","8":"first","9":"instock","10":"shipping-taxable","11":"purchasable","12":"product-type-simple"},"_links":{"self":[{"href":"https:\/\/rapifarma.shop\/en\/wp-json\/wp\/v2\/product\/7117","targetHints":{"allow":["GET"]}}],"collection":[{"href":"https:\/\/rapifarma.shop\/en\/wp-json\/wp\/v2\/product"}],"about":[{"href":"https:\/\/rapifarma.shop\/en\/wp-json\/wp\/v2\/types\/product"}],"replies":[{"embeddable":true,"href":"https:\/\/rapifarma.shop\/en\/wp-json\/wp\/v2\/comments?post=7117"}],"wp:featuredmedia":[{"embeddable":true,"href":"https:\/\/rapifarma.shop\/en\/wp-json\/wp\/v2\/media\/7271"}],"wp:attachment":[{"href":"https:\/\/rapifarma.shop\/en\/wp-json\/wp\/v2\/media?parent=7117"}],"wp:term":[{"taxonomy":"product_brand","embeddable":true,"href":"https:\/\/rapifarma.shop\/en\/wp-json\/wp\/v2\/product_brand?post=7117"},{"taxonomy":"product_cat","embeddable":true,"href":"https:\/\/rapifarma.shop\/en\/wp-json\/wp\/v2\/product_cat?post=7117"},{"taxonomy":"product_tag","embeddable":true,"href":"https:\/\/rapifarma.shop\/en\/wp-json\/wp\/v2\/product_tag?post=7117"}],"curies":[{"name":"wp","href":"https:\/\/api.w.org\/{rel}","templated":true}]}}