{"id":7107,"date":"2025-10-22T04:56:27","date_gmt":"2025-10-22T04:56:27","guid":{"rendered":"https:\/\/rapifarma.shop\/?post_type=product&#038;p=7107"},"modified":"2025-10-27T00:22:38","modified_gmt":"2025-10-27T00:22:38","slug":"protaisol-aerosol-20-%c2%b5g","status":"publish","type":"product","link":"https:\/\/rapifarma.shop\/en\/product\/protaisol-aerosol-20-%c2%b5g\/","title":{"rendered":"Protaisol Aerosol 20 \u00b5g"},"content":{"rendered":"<p><strong data-start=\"0\" data-end=\"27\" data-is-only-node=\"\">Protaisol Aerosol 20 \u00b5g<\/strong> contiene <strong data-start=\"37\" data-end=\"62\">bromuro de ipratropio<\/strong>, un broncodilatador de acci\u00f3n r\u00e1pida indicado para el tratamiento del asma, la bronquitis cr\u00f3nica y la enfermedad pulmonar obstructiva cr\u00f3nica (EPOC). Su f\u00f3rmula act\u00faa relajando los m\u00fasculos de las v\u00edas respiratorias, facilitando la respiraci\u00f3n. Se administra por v\u00eda bucal mediante inhalaci\u00f3n, con frasco presurizado que ofrece <strong data-start=\"392\" data-end=\"417\">200 dosis dosificadas<\/strong>. Su uso requiere prescripci\u00f3n m\u00e9dica y debe agitarse antes de aplicarse. <strong data-start=\"491\" data-end=\"564\" data-is-last-node=\"\">Fabricado por Laboratorios Collins. Presentaci\u00f3n: aerosol con 12.8 g.<\/strong><\/p>","protected":false},"excerpt":{"rendered":"<ul>\n<li>200 dosis<\/li>\n<li>Bromuro de Ipratropio aerosol con 12.8 g<\/li>\n<li>Laboratorios COLLINS<\/li>\n<li>Fecha de Vencimiento: Mayo 2028<\/li>\n<\/ul>","protected":false},"featured_media":7281,"comment_status":"open","ping_status":"closed","template":"","meta":[],"product_brand":[],"product_cat":[69],"product_tag":[],"class_list":{"0":"post-7107","1":"product","2":"type-product","3":"status-publish","4":"has-post-thumbnail","6":"product_cat-suspensiones-y-colirios","8":"first","9":"instock","10":"shipping-taxable","11":"purchasable","12":"product-type-simple"},"_links":{"self":[{"href":"https:\/\/rapifarma.shop\/en\/wp-json\/wp\/v2\/product\/7107","targetHints":{"allow":["GET"]}}],"collection":[{"href":"https:\/\/rapifarma.shop\/en\/wp-json\/wp\/v2\/product"}],"about":[{"href":"https:\/\/rapifarma.shop\/en\/wp-json\/wp\/v2\/types\/product"}],"replies":[{"embeddable":true,"href":"https:\/\/rapifarma.shop\/en\/wp-json\/wp\/v2\/comments?post=7107"}],"wp:featuredmedia":[{"embeddable":true,"href":"https:\/\/rapifarma.shop\/en\/wp-json\/wp\/v2\/media\/7281"}],"wp:attachment":[{"href":"https:\/\/rapifarma.shop\/en\/wp-json\/wp\/v2\/media?parent=7107"}],"wp:term":[{"taxonomy":"product_brand","embeddable":true,"href":"https:\/\/rapifarma.shop\/en\/wp-json\/wp\/v2\/product_brand?post=7107"},{"taxonomy":"product_cat","embeddable":true,"href":"https:\/\/rapifarma.shop\/en\/wp-json\/wp\/v2\/product_cat?post=7107"},{"taxonomy":"product_tag","embeddable":true,"href":"https:\/\/rapifarma.shop\/en\/wp-json\/wp\/v2\/product_tag?post=7107"}],"curies":[{"name":"wp","href":"https:\/\/api.w.org\/{rel}","templated":true}]}}