{"id":7103,"date":"2025-10-22T04:44:22","date_gmt":"2025-10-22T04:44:22","guid":{"rendered":"https:\/\/rapifarma.shop\/?post_type=product&#038;p=7103"},"modified":"2025-10-26T17:27:26","modified_gmt":"2025-10-26T17:27:26","slug":"losartan-50-mg","status":"publish","type":"product","link":"https:\/\/rapifarma.shop\/en\/product\/losartan-50-mg\/","title":{"rendered":"Losart\u00e1n 50 mg"},"content":{"rendered":"<p><strong data-start=\"0\" data-end=\"30\" data-is-only-node=\"\">Losart\u00e1n Comprimidos 50 mg<\/strong> contiene <strong data-start=\"40\" data-end=\"67\">losart\u00e1n pot\u00e1sico 50 mg<\/strong>, un medicamento antihipertensivo que pertenece a los antagonistas del receptor de angiotensina II. Est\u00e1 indicado para el tratamiento de la hipertensi\u00f3n arterial y la protecci\u00f3n renal en pacientes con diabetes tipo 2 o da\u00f1o renal. Su acci\u00f3n ayuda a relajar los vasos sangu\u00edneos, reduciendo la presi\u00f3n y mejorando la circulaci\u00f3n. Se administra por v\u00eda oral bajo indicaci\u00f3n m\u00e9dica. <strong data-start=\"447\" data-end=\"528\" data-is-last-node=\"\">Fabricado por Laboratorios AMSA. Presentaci\u00f3n: caja con comprimidos de 50 mg.<\/strong><\/p>","protected":false},"excerpt":{"rendered":"<ul>\n<li><strong>30 Tabletas<\/strong><\/li>\n<li>Losart\u00e1n Pot\u00e1sico 50 mg<\/li>\n<li>Laboratorios AMSA<\/li>\n<li>Fecha de Vencimiento: Marzo 2027<\/li>\n<\/ul>","protected":false},"featured_media":7414,"comment_status":"open","ping_status":"closed","template":"","meta":[],"product_brand":[],"product_cat":[66],"product_tag":[],"class_list":{"0":"post-7103","1":"product","2":"type-product","3":"status-publish","4":"has-post-thumbnail","6":"product_cat-tabletas-y-capsulas","8":"first","9":"instock","10":"shipping-taxable","11":"purchasable","12":"product-type-simple"},"_links":{"self":[{"href":"https:\/\/rapifarma.shop\/en\/wp-json\/wp\/v2\/product\/7103","targetHints":{"allow":["GET"]}}],"collection":[{"href":"https:\/\/rapifarma.shop\/en\/wp-json\/wp\/v2\/product"}],"about":[{"href":"https:\/\/rapifarma.shop\/en\/wp-json\/wp\/v2\/types\/product"}],"replies":[{"embeddable":true,"href":"https:\/\/rapifarma.shop\/en\/wp-json\/wp\/v2\/comments?post=7103"}],"wp:featuredmedia":[{"embeddable":true,"href":"https:\/\/rapifarma.shop\/en\/wp-json\/wp\/v2\/media\/7414"}],"wp:attachment":[{"href":"https:\/\/rapifarma.shop\/en\/wp-json\/wp\/v2\/media?parent=7103"}],"wp:term":[{"taxonomy":"product_brand","embeddable":true,"href":"https:\/\/rapifarma.shop\/en\/wp-json\/wp\/v2\/product_brand?post=7103"},{"taxonomy":"product_cat","embeddable":true,"href":"https:\/\/rapifarma.shop\/en\/wp-json\/wp\/v2\/product_cat?post=7103"},{"taxonomy":"product_tag","embeddable":true,"href":"https:\/\/rapifarma.shop\/en\/wp-json\/wp\/v2\/product_tag?post=7103"}],"curies":[{"name":"wp","href":"https:\/\/api.w.org\/{rel}","templated":true}]}}