{"id":7095,"date":"2025-10-22T04:16:39","date_gmt":"2025-10-22T04:16:39","guid":{"rendered":"https:\/\/rapifarma.shop\/?post_type=product&#038;p=7095"},"modified":"2025-10-26T16:05:32","modified_gmt":"2025-10-26T16:05:32","slug":"voydol-ketorolaco-10-mg","status":"publish","type":"product","link":"https:\/\/rapifarma.shop\/en\/product\/voydol-ketorolaco-10-mg\/","title":{"rendered":"Voydol (Ketorolaco) 10 mg"},"content":{"rendered":"<p><strong data-start=\"0\" data-end=\"25\" data-is-only-node=\"\">Voydol Tabletas 10 mg<\/strong> contiene <strong data-start=\"35\" data-end=\"67\">ketorolaco trometamina 10 mg<\/strong>, un potente analg\u00e9sico antiinflamatorio no esteroideo (AINE) indicado para el alivio de dolores moderados a severos, como los postoperatorios, musculares o dentales. Act\u00faa inhibiendo la s\u00edntesis de prostaglandinas, reduciendo la inflamaci\u00f3n y el malestar. Se administra por v\u00eda oral bajo prescripci\u00f3n m\u00e9dica, sin exceder la dosis recomendada ni prolongar el tratamiento. No se debe usar durante embarazo, lactancia ni en menores de 16 a\u00f1os. <strong data-start=\"509\" data-end=\"604\" data-is-last-node=\"\">Fabricado por Laboratorios RAAM de Sahuayo S.A. de C.V. Presentaci\u00f3n: caja con 10 tabletas.<\/strong><\/p>","protected":false},"excerpt":{"rendered":"<ul>\n<li><strong>10 Tabletas<\/strong><\/li>\n<li>Ketorolaco Trometamina 10 mg<\/li>\n<li>Laboratorios RAAM<\/li>\n<li>Fecha de Vencimiento: Mayo 2027<\/li>\n<\/ul>","protected":false},"featured_media":7391,"comment_status":"open","ping_status":"closed","template":"","meta":[],"product_brand":[],"product_cat":[66],"product_tag":[],"class_list":{"0":"post-7095","1":"product","2":"type-product","3":"status-publish","4":"has-post-thumbnail","6":"product_cat-tabletas-y-capsulas","8":"first","9":"instock","10":"shipping-taxable","11":"product-type-simple"},"_links":{"self":[{"href":"https:\/\/rapifarma.shop\/en\/wp-json\/wp\/v2\/product\/7095","targetHints":{"allow":["GET"]}}],"collection":[{"href":"https:\/\/rapifarma.shop\/en\/wp-json\/wp\/v2\/product"}],"about":[{"href":"https:\/\/rapifarma.shop\/en\/wp-json\/wp\/v2\/types\/product"}],"replies":[{"embeddable":true,"href":"https:\/\/rapifarma.shop\/en\/wp-json\/wp\/v2\/comments?post=7095"}],"wp:featuredmedia":[{"embeddable":true,"href":"https:\/\/rapifarma.shop\/en\/wp-json\/wp\/v2\/media\/7391"}],"wp:attachment":[{"href":"https:\/\/rapifarma.shop\/en\/wp-json\/wp\/v2\/media?parent=7095"}],"wp:term":[{"taxonomy":"product_brand","embeddable":true,"href":"https:\/\/rapifarma.shop\/en\/wp-json\/wp\/v2\/product_brand?post=7095"},{"taxonomy":"product_cat","embeddable":true,"href":"https:\/\/rapifarma.shop\/en\/wp-json\/wp\/v2\/product_cat?post=7095"},{"taxonomy":"product_tag","embeddable":true,"href":"https:\/\/rapifarma.shop\/en\/wp-json\/wp\/v2\/product_tag?post=7095"}],"curies":[{"name":"wp","href":"https:\/\/api.w.org\/{rel}","templated":true}]}}