{"id":7087,"date":"2025-10-22T03:38:59","date_gmt":"2025-10-22T03:38:59","guid":{"rendered":"https:\/\/rapifarma.shop\/?post_type=product&#038;p=7087"},"modified":"2025-10-26T18:40:02","modified_gmt":"2025-10-26T18:40:02","slug":"collifrin-adulto-solucion-0-05","status":"publish","type":"product","link":"https:\/\/rapifarma.shop\/en\/product\/collifrin-adulto-solucion-0-05\/","title":{"rendered":"Collifrin Adulto Soluci\u00f3n 0.05%"},"content":{"rendered":"<p><strong data-start=\"0\" data-end=\"35\" data-is-only-node=\"\">Collifrin Adulto Soluci\u00f3n 0.05%<\/strong> contiene <strong data-start=\"45\" data-end=\"83\">clorhidrato de oximetazolina 0.05%<\/strong>, un descongestionante nasal de acci\u00f3n r\u00e1pida que alivia eficazmente la obstrucci\u00f3n nasal causada por resfriados, sinusitis o alergias. Su f\u00f3rmula incluye <strong data-start=\"238\" data-end=\"251\">glicerina<\/strong> como agente humectante para proteger e hidratar la mucosa nasal, evitando la resequedad. Indicado para adultos y mayores de 6 a\u00f1os, su aplicaci\u00f3n es nasal con 2 a 3 atomizaciones por fosa, cada 12 horas. No debe usarse por m\u00e1s de 3 d\u00edas consecutivos. <strong data-start=\"503\" data-end=\"598\" data-is-last-node=\"\">Elaborado por Productos Farmac\u00e9uticos Collins, S.A. de C.V. Presentaci\u00f3n: frasco con 20 mL.<\/strong><\/p>","protected":false},"excerpt":{"rendered":"<ul>\n<li><strong>Contiene 20 ml<\/strong><\/li>\n<li>Clorhidrato de Oximetazolina 0.05%<\/li>\n<li>Laboratorios COLLINS<\/li>\n<li>Fecha de Vencimiento: Mayo 2028<\/li>\n<\/ul>","protected":false},"featured_media":7465,"comment_status":"open","ping_status":"closed","template":"","meta":[],"product_brand":[],"product_cat":[69],"product_tag":[],"class_list":{"0":"post-7087","1":"product","2":"type-product","3":"status-publish","4":"has-post-thumbnail","6":"product_cat-suspensiones-y-colirios","8":"first","9":"instock","10":"shipping-taxable","11":"product-type-simple"},"_links":{"self":[{"href":"https:\/\/rapifarma.shop\/en\/wp-json\/wp\/v2\/product\/7087","targetHints":{"allow":["GET"]}}],"collection":[{"href":"https:\/\/rapifarma.shop\/en\/wp-json\/wp\/v2\/product"}],"about":[{"href":"https:\/\/rapifarma.shop\/en\/wp-json\/wp\/v2\/types\/product"}],"replies":[{"embeddable":true,"href":"https:\/\/rapifarma.shop\/en\/wp-json\/wp\/v2\/comments?post=7087"}],"wp:featuredmedia":[{"embeddable":true,"href":"https:\/\/rapifarma.shop\/en\/wp-json\/wp\/v2\/media\/7465"}],"wp:attachment":[{"href":"https:\/\/rapifarma.shop\/en\/wp-json\/wp\/v2\/media?parent=7087"}],"wp:term":[{"taxonomy":"product_brand","embeddable":true,"href":"https:\/\/rapifarma.shop\/en\/wp-json\/wp\/v2\/product_brand?post=7087"},{"taxonomy":"product_cat","embeddable":true,"href":"https:\/\/rapifarma.shop\/en\/wp-json\/wp\/v2\/product_cat?post=7087"},{"taxonomy":"product_tag","embeddable":true,"href":"https:\/\/rapifarma.shop\/en\/wp-json\/wp\/v2\/product_tag?post=7087"}],"curies":[{"name":"wp","href":"https:\/\/api.w.org\/{rel}","templated":true}]}}