{"id":7082,"date":"2025-10-22T03:19:30","date_gmt":"2025-10-22T03:19:30","guid":{"rendered":"https:\/\/rapifarma.shop\/?post_type=product&#038;p=7082"},"modified":"2025-10-26T04:06:23","modified_gmt":"2025-10-26T04:06:23","slug":"clamoxin-pediatrico-suspension-200-mg-28-5-mg","status":"publish","type":"product","link":"https:\/\/rapifarma.shop\/en\/product\/clamoxin-pediatrico-suspension-200-mg-28-5-mg\/","title":{"rendered":"Clamox\u00edn Pedi\u00e1trico Suspensi\u00f3n 200 mg \/ 28.5 mg"},"content":{"rendered":"<p><strong data-start=\"0\" data-end=\"65\" data-is-only-node=\"\">Clamox\u00edn 12 H Pedi\u00e1trico Suspensi\u00f3n 200 mg \/ 28.5 mg por 5 mL<\/strong> combina <strong data-start=\"74\" data-end=\"123\">amoxicilina trihidratada equivalente a 200 mg<\/strong> y <strong data-start=\"126\" data-end=\"195\">clavulanato de potasio equivalente a 28.5 mg de \u00e1cido clavul\u00e1nico<\/strong>, ofreciendo un tratamiento eficaz contra infecciones bacterianas en v\u00edas respiratorias, o\u00eddo, piel y tracto urinario en ni\u00f1os. Su f\u00f3rmula act\u00faa cada 12 horas, ayudando a eliminar bacterias resistentes a la penicilina. Se administra por v\u00eda oral junto con alimentos, previa reconstituci\u00f3n con agua. <strong data-start=\"494\" data-end=\"593\" data-is-last-node=\"\">Elaborado por Laboratorios Maver. Presentaci\u00f3n: frasco con polvo para 40 mL y vaso dosificador.<\/strong><\/p>","protected":false},"excerpt":{"rendered":"<ul>\n<li><strong>Contiene 40 ml<\/strong><\/li>\n<li>Amoxicilina Trihidratada equivalente a 200 mg y Clavulanato de Potasio equivalente a 28.5 mg de Acido Clavul\u00e1nico por cada\u00a05 mL<\/li>\n<li>Laboratorios MAVER<\/li>\n<li>Fecha de Vencimiento: Marzo 2027<\/li>\n<\/ul>","protected":false},"featured_media":7245,"comment_status":"open","ping_status":"closed","template":"","meta":[],"product_brand":[],"product_cat":[69],"product_tag":[],"class_list":{"0":"post-7082","1":"product","2":"type-product","3":"status-publish","4":"has-post-thumbnail","6":"product_cat-suspensiones-y-colirios","8":"first","9":"instock","10":"shipping-taxable","11":"purchasable","12":"product-type-simple"},"_links":{"self":[{"href":"https:\/\/rapifarma.shop\/en\/wp-json\/wp\/v2\/product\/7082","targetHints":{"allow":["GET"]}}],"collection":[{"href":"https:\/\/rapifarma.shop\/en\/wp-json\/wp\/v2\/product"}],"about":[{"href":"https:\/\/rapifarma.shop\/en\/wp-json\/wp\/v2\/types\/product"}],"replies":[{"embeddable":true,"href":"https:\/\/rapifarma.shop\/en\/wp-json\/wp\/v2\/comments?post=7082"}],"wp:featuredmedia":[{"embeddable":true,"href":"https:\/\/rapifarma.shop\/en\/wp-json\/wp\/v2\/media\/7245"}],"wp:attachment":[{"href":"https:\/\/rapifarma.shop\/en\/wp-json\/wp\/v2\/media?parent=7082"}],"wp:term":[{"taxonomy":"product_brand","embeddable":true,"href":"https:\/\/rapifarma.shop\/en\/wp-json\/wp\/v2\/product_brand?post=7082"},{"taxonomy":"product_cat","embeddable":true,"href":"https:\/\/rapifarma.shop\/en\/wp-json\/wp\/v2\/product_cat?post=7082"},{"taxonomy":"product_tag","embeddable":true,"href":"https:\/\/rapifarma.shop\/en\/wp-json\/wp\/v2\/product_tag?post=7082"}],"curies":[{"name":"wp","href":"https:\/\/api.w.org\/{rel}","templated":true}]}}