{"id":7078,"date":"2025-10-21T14:22:56","date_gmt":"2025-10-21T14:22:56","guid":{"rendered":"https:\/\/rapifarma.shop\/?post_type=product&#038;p=7078"},"modified":"2025-10-26T14:08:07","modified_gmt":"2025-10-26T14:08:07","slug":"senfem-novo-calcio-600-mg-400-ui","status":"publish","type":"product","link":"https:\/\/rapifarma.shop\/en\/product\/senfem-novo-calcio-600-mg-400-ui\/","title":{"rendered":"Senfem Novo (Calcio) 600 mg \/ 400 UI"},"content":{"rendered":"<p><strong data-start=\"0\" data-end=\"40\" data-is-only-node=\"\">Senfem Novo Tabletas 600 mg \/ 400 UI<\/strong> combina <strong data-start=\"49\" data-end=\"103\">carbonato de calcio equivalente a 600 mg de calcio<\/strong> y <strong data-start=\"106\" data-end=\"145\">colecalciferol (vitamina D3) 400 UI<\/strong>, ayudando a prevenir y tratar la <strong data-start=\"179\" data-end=\"195\">osteoporosis<\/strong> y la deficiencia de estos nutrientes esenciales. Su f\u00f3rmula fortalece los huesos, mejora la absorci\u00f3n de calcio y contribuye al mantenimiento de la salud \u00f3sea. Es ideal como coadyuvante en mujeres posmenop\u00e1usicas y adultos mayores. Debe tomarse con alimentos y bajo indicaci\u00f3n m\u00e9dica. <strong data-start=\"481\" data-end=\"548\" data-is-last-node=\"\">Elaborado por CMD Pharma. Presentaci\u00f3n: frasco con 60 tabletas.<\/strong><\/p>","protected":false},"excerpt":{"rendered":"<ul>\n<li><strong>60 Tabletas<\/strong><\/li>\n<li>Carbonato de Calcio equivalente a 600 mg de Calcio y Colecalciferol (vitamina D3) 400 UI<\/li>\n<li>Laboratorios CMD PHARMA<\/li>\n<li>Fecha de Vencimiento: Mayo 2027<\/li>\n<\/ul>","protected":false},"featured_media":7284,"comment_status":"open","ping_status":"closed","template":"","meta":[],"product_brand":[],"product_cat":[66],"product_tag":[],"class_list":{"0":"post-7078","1":"product","2":"type-product","3":"status-publish","4":"has-post-thumbnail","6":"product_cat-tabletas-y-capsulas","8":"first","9":"instock","10":"shipping-taxable","11":"purchasable","12":"product-type-simple"},"_links":{"self":[{"href":"https:\/\/rapifarma.shop\/en\/wp-json\/wp\/v2\/product\/7078","targetHints":{"allow":["GET"]}}],"collection":[{"href":"https:\/\/rapifarma.shop\/en\/wp-json\/wp\/v2\/product"}],"about":[{"href":"https:\/\/rapifarma.shop\/en\/wp-json\/wp\/v2\/types\/product"}],"replies":[{"embeddable":true,"href":"https:\/\/rapifarma.shop\/en\/wp-json\/wp\/v2\/comments?post=7078"}],"wp:featuredmedia":[{"embeddable":true,"href":"https:\/\/rapifarma.shop\/en\/wp-json\/wp\/v2\/media\/7284"}],"wp:attachment":[{"href":"https:\/\/rapifarma.shop\/en\/wp-json\/wp\/v2\/media?parent=7078"}],"wp:term":[{"taxonomy":"product_brand","embeddable":true,"href":"https:\/\/rapifarma.shop\/en\/wp-json\/wp\/v2\/product_brand?post=7078"},{"taxonomy":"product_cat","embeddable":true,"href":"https:\/\/rapifarma.shop\/en\/wp-json\/wp\/v2\/product_cat?post=7078"},{"taxonomy":"product_tag","embeddable":true,"href":"https:\/\/rapifarma.shop\/en\/wp-json\/wp\/v2\/product_tag?post=7078"}],"curies":[{"name":"wp","href":"https:\/\/api.w.org\/{rel}","templated":true}]}}