{"id":7076,"date":"2025-10-21T14:15:46","date_gmt":"2025-10-21T14:15:46","guid":{"rendered":"https:\/\/rapifarma.shop\/?post_type=product&#038;p=7076"},"modified":"2025-10-26T20:02:11","modified_gmt":"2025-10-26T20:02:11","slug":"termometro-clinico-digital","status":"publish","type":"product","link":"https:\/\/rapifarma.shop\/en\/product\/termometro-clinico-digital\/","title":{"rendered":"Term\u00f3metro Cl\u00ednico Digital"},"content":{"rendered":"<p><strong data-start=\"0\" data-end=\"43\" data-is-only-node=\"\">Term\u00f3metro Cl\u00ednico Digital SensiMedical<\/strong> es un dispositivo electr\u00f3nico de medici\u00f3n intermitente dise\u00f1ado para ofrecer <strong data-start=\"121\" data-end=\"188\">lecturas r\u00e1pidas, precisas y seguras de la temperatura corporal<\/strong>. Cuenta con pantalla digital de f\u00e1cil lectura, <strong data-start=\"236\" data-end=\"263\">alerta sonora de fiebre<\/strong>, funci\u00f3n de <strong data-start=\"276\" data-end=\"311\">memoria para la \u00faltima medici\u00f3n<\/strong> y sistema de <strong data-start=\"325\" data-end=\"340\">autoapagado<\/strong> para ahorro de energ\u00eda. Ideal para uso dom\u00e9stico o cl\u00ednico en personas de todas las edades. Su dise\u00f1o compacto y resistente permite una limpieza sencilla. <strong data-start=\"496\" data-end=\"559\" data-is-last-node=\"\">Elaborado por SensiMedical. Presentaci\u00f3n: caja con 1 pieza.<\/strong><\/p>","protected":false},"excerpt":{"rendered":"<ul>\n<li>Marca: SENSIMEDICAL<\/li>\n<li class=\"ui-vpp-highlighted-specs__features-list-item ui-pdp-color--BLACK ui-pdp-size--XSMALL ui-pdp-family--REGULAR\">Alarma de Fibre<\/li>\n<li>Memoria de lescturas<\/li>\n<li>Auto apagado.<\/li>\n<\/ul>","protected":false},"featured_media":7504,"comment_status":"open","ping_status":"closed","template":"","meta":[],"product_brand":[],"product_cat":[70],"product_tag":[],"class_list":{"0":"post-7076","1":"product","2":"type-product","3":"status-publish","4":"has-post-thumbnail","6":"product_cat-insumos-y-equipos","8":"first","9":"instock","10":"shipping-taxable","11":"purchasable","12":"product-type-simple"},"_links":{"self":[{"href":"https:\/\/rapifarma.shop\/en\/wp-json\/wp\/v2\/product\/7076","targetHints":{"allow":["GET"]}}],"collection":[{"href":"https:\/\/rapifarma.shop\/en\/wp-json\/wp\/v2\/product"}],"about":[{"href":"https:\/\/rapifarma.shop\/en\/wp-json\/wp\/v2\/types\/product"}],"replies":[{"embeddable":true,"href":"https:\/\/rapifarma.shop\/en\/wp-json\/wp\/v2\/comments?post=7076"}],"wp:featuredmedia":[{"embeddable":true,"href":"https:\/\/rapifarma.shop\/en\/wp-json\/wp\/v2\/media\/7504"}],"wp:attachment":[{"href":"https:\/\/rapifarma.shop\/en\/wp-json\/wp\/v2\/media?parent=7076"}],"wp:term":[{"taxonomy":"product_brand","embeddable":true,"href":"https:\/\/rapifarma.shop\/en\/wp-json\/wp\/v2\/product_brand?post=7076"},{"taxonomy":"product_cat","embeddable":true,"href":"https:\/\/rapifarma.shop\/en\/wp-json\/wp\/v2\/product_cat?post=7076"},{"taxonomy":"product_tag","embeddable":true,"href":"https:\/\/rapifarma.shop\/en\/wp-json\/wp\/v2\/product_tag?post=7076"}],"curies":[{"name":"wp","href":"https:\/\/api.w.org\/{rel}","templated":true}]}}