{"id":7072,"date":"2025-10-21T13:36:33","date_gmt":"2025-10-21T13:36:33","guid":{"rendered":"https:\/\/rapifarma.shop\/?post_type=product&#038;p=7072"},"modified":"2025-10-26T18:42:13","modified_gmt":"2025-10-26T18:42:13","slug":"tempire-pediatrico-solucion-paracetamol-100-mg-ml","status":"publish","type":"product","link":"https:\/\/rapifarma.shop\/en\/product\/tempire-pediatrico-solucion-paracetamol-100-mg-ml\/","title":{"rendered":"Tempire Pedi\u00e1trico Soluci\u00f3n (Paracetamol) 100 mg\/mL"},"content":{"rendered":"<p><strong data-start=\"0\" data-end=\"41\" data-is-only-node=\"\">Tempire Soluci\u00f3n Pedi\u00e1trica 100 mg\/mL<\/strong> contiene <strong data-start=\"51\" data-end=\"80\">paracetamol 100 mg por mL<\/strong>, un analg\u00e9sico y antipir\u00e9tico especialmente formulado para <strong data-start=\"140\" data-end=\"181\">aliviar la fiebre y el dolor en ni\u00f1os<\/strong>. Su acci\u00f3n suave y efectiva ayuda a controlar molestias causadas por resfriados, dentici\u00f3n o vacunaci\u00f3n. La soluci\u00f3n l\u00edquida facilita una dosificaci\u00f3n precisa mediante pipeta, asegurando una administraci\u00f3n segura. Su sabor agradable favorece la aceptaci\u00f3n en los peque\u00f1os. <strong data-start=\"455\" data-end=\"548\" data-is-last-node=\"\">Elaborado por Laboratorios Collins. Presentaci\u00f3n: frasco con 30 mL y gotero dosificador.<\/strong><\/p>","protected":false},"excerpt":{"rendered":"<ul>\n<li><strong>Contiene 30 ml<\/strong><\/li>\n<li>Paracetamol 100 mg por mL<\/li>\n<li>Laboratorios COLLINS<\/li>\n<li>Fecha de Vencimiento: Junio 2028<\/li>\n<\/ul>","protected":false},"featured_media":7469,"comment_status":"open","ping_status":"closed","template":"","meta":[],"product_brand":[],"product_cat":[69],"product_tag":[],"class_list":{"0":"post-7072","1":"product","2":"type-product","3":"status-publish","4":"has-post-thumbnail","6":"product_cat-suspensiones-y-colirios","8":"first","9":"instock","10":"shipping-taxable","11":"purchasable","12":"product-type-simple"},"_links":{"self":[{"href":"https:\/\/rapifarma.shop\/en\/wp-json\/wp\/v2\/product\/7072","targetHints":{"allow":["GET"]}}],"collection":[{"href":"https:\/\/rapifarma.shop\/en\/wp-json\/wp\/v2\/product"}],"about":[{"href":"https:\/\/rapifarma.shop\/en\/wp-json\/wp\/v2\/types\/product"}],"replies":[{"embeddable":true,"href":"https:\/\/rapifarma.shop\/en\/wp-json\/wp\/v2\/comments?post=7072"}],"wp:featuredmedia":[{"embeddable":true,"href":"https:\/\/rapifarma.shop\/en\/wp-json\/wp\/v2\/media\/7469"}],"wp:attachment":[{"href":"https:\/\/rapifarma.shop\/en\/wp-json\/wp\/v2\/media?parent=7072"}],"wp:term":[{"taxonomy":"product_brand","embeddable":true,"href":"https:\/\/rapifarma.shop\/en\/wp-json\/wp\/v2\/product_brand?post=7072"},{"taxonomy":"product_cat","embeddable":true,"href":"https:\/\/rapifarma.shop\/en\/wp-json\/wp\/v2\/product_cat?post=7072"},{"taxonomy":"product_tag","embeddable":true,"href":"https:\/\/rapifarma.shop\/en\/wp-json\/wp\/v2\/product_tag?post=7072"}],"curies":[{"name":"wp","href":"https:\/\/api.w.org\/{rel}","templated":true}]}}