{"id":7055,"date":"2025-10-21T01:19:49","date_gmt":"2025-10-21T01:19:49","guid":{"rendered":"https:\/\/rapifarma.shop\/?post_type=product&#038;p=7055"},"modified":"2025-10-26T14:50:33","modified_gmt":"2025-10-26T14:50:33","slug":"cidorix-clopidogrel-75-mg","status":"publish","type":"product","link":"https:\/\/rapifarma.shop\/en\/product\/cidorix-clopidogrel-75-mg\/","title":{"rendered":"Cidorix (Clopidogrel) 75 mg"},"content":{"rendered":"<p><strong data-start=\"0\" data-end=\"26\" data-is-only-node=\"\">Cidorix 75 mg Tabletas<\/strong> contiene <strong data-start=\"36\" data-end=\"57\">clopidogrel 75 mg<\/strong>, un medicamento antiplaquetario indicado para prevenir la formaci\u00f3n de co\u00e1gulos sangu\u00edneos en pacientes con <strong data-start=\"166\" data-end=\"247\">riesgo de infarto, accidente cerebrovascular o enfermedad arterial perif\u00e9rica<\/strong>. Su acci\u00f3n mejora la circulaci\u00f3n y reduce el riesgo de eventos cardiovasculares graves. Es especialmente \u00fatil en personas con antecedentes de aterosclerosis o que han recibido procedimientos card\u00edacos. Debe tomarse bajo supervisi\u00f3n m\u00e9dica para garantizar su eficacia y seguridad. <strong data-start=\"528\" data-end=\"602\" data-is-last-node=\"\">Elaborado por Laboratorios Avitus. Presentaci\u00f3n: caja con 28 tabletas.<\/strong><\/p>","protected":false},"excerpt":{"rendered":"<ul>\n<li><strong>28 Tabletas<\/strong><\/li>\n<li>Clopidogrel 75 mg<\/li>\n<li>Laboratorios AVITUS<\/li>\n<li>Fecha de Vencimiento: Abril 2027<\/li>\n<\/ul>","protected":false},"featured_media":7307,"comment_status":"open","ping_status":"closed","template":"","meta":[],"product_brand":[],"product_cat":[66],"product_tag":[],"class_list":{"0":"post-7055","1":"product","2":"type-product","3":"status-publish","4":"has-post-thumbnail","6":"product_cat-tabletas-y-capsulas","8":"first","9":"instock","10":"shipping-taxable","11":"purchasable","12":"product-type-simple"},"_links":{"self":[{"href":"https:\/\/rapifarma.shop\/en\/wp-json\/wp\/v2\/product\/7055","targetHints":{"allow":["GET"]}}],"collection":[{"href":"https:\/\/rapifarma.shop\/en\/wp-json\/wp\/v2\/product"}],"about":[{"href":"https:\/\/rapifarma.shop\/en\/wp-json\/wp\/v2\/types\/product"}],"replies":[{"embeddable":true,"href":"https:\/\/rapifarma.shop\/en\/wp-json\/wp\/v2\/comments?post=7055"}],"wp:featuredmedia":[{"embeddable":true,"href":"https:\/\/rapifarma.shop\/en\/wp-json\/wp\/v2\/media\/7307"}],"wp:attachment":[{"href":"https:\/\/rapifarma.shop\/en\/wp-json\/wp\/v2\/media?parent=7055"}],"wp:term":[{"taxonomy":"product_brand","embeddable":true,"href":"https:\/\/rapifarma.shop\/en\/wp-json\/wp\/v2\/product_brand?post=7055"},{"taxonomy":"product_cat","embeddable":true,"href":"https:\/\/rapifarma.shop\/en\/wp-json\/wp\/v2\/product_cat?post=7055"},{"taxonomy":"product_tag","embeddable":true,"href":"https:\/\/rapifarma.shop\/en\/wp-json\/wp\/v2\/product_tag?post=7055"}],"curies":[{"name":"wp","href":"https:\/\/api.w.org\/{rel}","templated":true}]}}