{"id":7024,"date":"2025-10-20T14:25:58","date_gmt":"2025-10-20T14:25:58","guid":{"rendered":"https:\/\/rapifarma.shop\/?post_type=product&#038;p=7024"},"modified":"2025-10-26T18:09:08","modified_gmt":"2025-10-26T18:09:08","slug":"naproxeno-sodico-550-mg","status":"publish","type":"product","link":"https:\/\/rapifarma.shop\/en\/product\/naproxeno-sodico-550-mg\/","title":{"rendered":"Naproxeno S\u00f3dico 550 mg"},"content":{"rendered":"<p><strong data-start=\"0\" data-end=\"46\" data-is-only-node=\"\">Naproxeno S\u00f3dico 550 mg Tabletas<\/strong> es un analg\u00e9sico y antiinflamatorio no esteroideo (AINE) que alivia eficazmente el <strong data-start=\"130\" data-end=\"167\">dolor, la fiebre y la inflamaci\u00f3n<\/strong> causados por afecciones musculares, articulares o menstruales. Cada tableta contiene <strong data-start=\"253\" data-end=\"280\">naproxeno s\u00f3dico 550 mg<\/strong>, ofreciendo acci\u00f3n prolongada y alivio sostenido. Est\u00e1 indicado para tratar dolores de cabeza, espalda, artritis y molestias comunes. Su uso debe realizarse bajo supervisi\u00f3n m\u00e9dica para evitar irritaci\u00f3n g\u00e1strica. <strong data-start=\"495\" data-end=\"559\" data-is-last-node=\"\">Elaborado por Beadvance. Presentaci\u00f3n: caja con 12 tabletas.<\/strong><\/p>","protected":false},"excerpt":{"rendered":"<ul>\n<li><strong>12 Tabletas<\/strong><\/li>\n<li>Naproxeno S\u00f3dico 550 mg<\/li>\n<li>Laboratorios BEADVANCE<\/li>\n<li>Fecha de Vencimiento: Octubre 2026<\/li>\n<\/ul>","protected":false},"featured_media":7449,"comment_status":"open","ping_status":"closed","template":"","meta":[],"product_brand":[],"product_cat":[66],"product_tag":[],"class_list":{"0":"post-7024","1":"product","2":"type-product","3":"status-publish","4":"has-post-thumbnail","6":"product_cat-tabletas-y-capsulas","8":"first","9":"instock","10":"shipping-taxable","11":"purchasable","12":"product-type-simple"},"_links":{"self":[{"href":"https:\/\/rapifarma.shop\/en\/wp-json\/wp\/v2\/product\/7024","targetHints":{"allow":["GET"]}}],"collection":[{"href":"https:\/\/rapifarma.shop\/en\/wp-json\/wp\/v2\/product"}],"about":[{"href":"https:\/\/rapifarma.shop\/en\/wp-json\/wp\/v2\/types\/product"}],"replies":[{"embeddable":true,"href":"https:\/\/rapifarma.shop\/en\/wp-json\/wp\/v2\/comments?post=7024"}],"wp:featuredmedia":[{"embeddable":true,"href":"https:\/\/rapifarma.shop\/en\/wp-json\/wp\/v2\/media\/7449"}],"wp:attachment":[{"href":"https:\/\/rapifarma.shop\/en\/wp-json\/wp\/v2\/media?parent=7024"}],"wp:term":[{"taxonomy":"product_brand","embeddable":true,"href":"https:\/\/rapifarma.shop\/en\/wp-json\/wp\/v2\/product_brand?post=7024"},{"taxonomy":"product_cat","embeddable":true,"href":"https:\/\/rapifarma.shop\/en\/wp-json\/wp\/v2\/product_cat?post=7024"},{"taxonomy":"product_tag","embeddable":true,"href":"https:\/\/rapifarma.shop\/en\/wp-json\/wp\/v2\/product_tag?post=7024"}],"curies":[{"name":"wp","href":"https:\/\/api.w.org\/{rel}","templated":true}]}}