{"id":7020,"date":"2025-10-20T13:52:17","date_gmt":"2025-10-20T13:52:17","guid":{"rendered":"https:\/\/rapifarma.shop\/?post_type=product&#038;p=7020"},"modified":"2025-10-26T15:51:28","modified_gmt":"2025-10-26T15:51:28","slug":"collicort-crema-hidrocortisona-1-g","status":"publish","type":"product","link":"https:\/\/rapifarma.shop\/en\/product\/collicort-crema-hidrocortisona-1-g\/","title":{"rendered":"Collicort Crema (Hidrocortisona) 1 g"},"content":{"rendered":"<p><strong data-start=\"0\" data-end=\"19\" data-is-only-node=\"\">Collicort Crema<\/strong> contiene <strong data-start=\"29\" data-end=\"66\">hidrocortisona 1 g por cada 100 g<\/strong>, un corticosteroide de uso <strong data-start=\"94\" data-end=\"104\">t\u00f3pico<\/strong> indicado para reducir la inflamaci\u00f3n, picaz\u00f3n y enrojecimiento causados por dermatitis, eccema, alergias cut\u00e1neas o picaduras de insectos. Su f\u00f3rmula act\u00faa directamente sobre la piel aliviando la irritaci\u00f3n y favoreciendo la recuperaci\u00f3n del tejido afectado. Es de r\u00e1pida absorci\u00f3n, no grasa y adecuada para uso en \u00e1reas localizadas. Requiere prescripci\u00f3n m\u00e9dica y debe aplicarse seg\u00fan indicaci\u00f3n profesional. <strong data-start=\"515\" data-end=\"593\" data-is-last-node=\"\">Elaborado por Laboratorios Collins. Presentaci\u00f3n: tubo con 100 g de crema.<\/strong><\/p>","protected":false},"excerpt":{"rendered":"<ul>\n<li><strong>Tubo 40 gr Crema<\/strong><\/li>\n<li>Hidrocortisona 1 g por cada 100 g<\/li>\n<li>Laboratorios COLLINS<\/li>\n<li>Fecha de Vencimiento: Febrero 2027<\/li>\n<\/ul>","protected":false},"featured_media":7375,"comment_status":"open","ping_status":"closed","template":"","meta":[],"product_brand":[],"product_cat":[65],"product_tag":[],"class_list":{"0":"post-7020","1":"product","2":"type-product","3":"status-publish","4":"has-post-thumbnail","6":"product_cat-cremas-y-unguentos","8":"first","9":"instock","10":"shipping-taxable","11":"purchasable","12":"product-type-simple"},"_links":{"self":[{"href":"https:\/\/rapifarma.shop\/en\/wp-json\/wp\/v2\/product\/7020","targetHints":{"allow":["GET"]}}],"collection":[{"href":"https:\/\/rapifarma.shop\/en\/wp-json\/wp\/v2\/product"}],"about":[{"href":"https:\/\/rapifarma.shop\/en\/wp-json\/wp\/v2\/types\/product"}],"replies":[{"embeddable":true,"href":"https:\/\/rapifarma.shop\/en\/wp-json\/wp\/v2\/comments?post=7020"}],"wp:featuredmedia":[{"embeddable":true,"href":"https:\/\/rapifarma.shop\/en\/wp-json\/wp\/v2\/media\/7375"}],"wp:attachment":[{"href":"https:\/\/rapifarma.shop\/en\/wp-json\/wp\/v2\/media?parent=7020"}],"wp:term":[{"taxonomy":"product_brand","embeddable":true,"href":"https:\/\/rapifarma.shop\/en\/wp-json\/wp\/v2\/product_brand?post=7020"},{"taxonomy":"product_cat","embeddable":true,"href":"https:\/\/rapifarma.shop\/en\/wp-json\/wp\/v2\/product_cat?post=7020"},{"taxonomy":"product_tag","embeddable":true,"href":"https:\/\/rapifarma.shop\/en\/wp-json\/wp\/v2\/product_tag?post=7020"}],"curies":[{"name":"wp","href":"https:\/\/api.w.org\/{rel}","templated":true}]}}