{"id":7016,"date":"2025-10-20T13:22:01","date_gmt":"2025-10-20T13:22:01","guid":{"rendered":"https:\/\/rapifarma.shop\/?post_type=product&#038;p=7016"},"modified":"2025-10-26T14:24:52","modified_gmt":"2025-10-26T14:24:52","slug":"visertral-cetirizina-10-mg","status":"publish","type":"product","link":"https:\/\/rapifarma.shop\/en\/product\/visertral-cetirizina-10-mg\/","title":{"rendered":"Visertral (Cetirizina) 10 mg"},"content":{"rendered":"<p><strong data-start=\"0\" data-end=\"39\" data-is-only-node=\"\">Visertral Cetirizina 10 mg Tabletas<\/strong> contiene <strong data-start=\"49\" data-end=\"87\">dihidrocloruro de cetirizina 10 mg<\/strong> por tableta, un antihistam\u00ednico eficaz para aliviar s\u00edntomas de <strong data-start=\"152\" data-end=\"164\">alergias<\/strong>, como estornudos, picaz\u00f3n, lagrimeo y congesti\u00f3n nasal. Tambi\u00e9n reduce la irritaci\u00f3n causada por urticaria o reacciones cut\u00e1neas. Su f\u00f3rmula de acci\u00f3n prolongada ofrece alivio durante todo el d\u00eda sin causar somnolencia significativa. <strong data-start=\"399\" data-end=\"461\" data-is-last-node=\"\">Presentaci\u00f3n: caja con 10 tabletas de administraci\u00f3n oral.<\/strong><\/p>","protected":false},"excerpt":{"rendered":"<ul>\n<li><strong>10 Tabletas<\/strong><\/li>\n<li>Dihidrocloruro de Cetirizina 10 mg<\/li>\n<li>Laboratorios SERRAL<\/li>\n<li>Fecha de Vencimiento: Enero 2027<\/li>\n<\/ul>","protected":false},"featured_media":7298,"comment_status":"open","ping_status":"closed","template":"","meta":[],"product_brand":[],"product_cat":[66],"product_tag":[],"class_list":{"0":"post-7016","1":"product","2":"type-product","3":"status-publish","4":"has-post-thumbnail","6":"product_cat-tabletas-y-capsulas","8":"first","9":"instock","10":"shipping-taxable","11":"product-type-simple"},"_links":{"self":[{"href":"https:\/\/rapifarma.shop\/en\/wp-json\/wp\/v2\/product\/7016","targetHints":{"allow":["GET"]}}],"collection":[{"href":"https:\/\/rapifarma.shop\/en\/wp-json\/wp\/v2\/product"}],"about":[{"href":"https:\/\/rapifarma.shop\/en\/wp-json\/wp\/v2\/types\/product"}],"replies":[{"embeddable":true,"href":"https:\/\/rapifarma.shop\/en\/wp-json\/wp\/v2\/comments?post=7016"}],"wp:featuredmedia":[{"embeddable":true,"href":"https:\/\/rapifarma.shop\/en\/wp-json\/wp\/v2\/media\/7298"}],"wp:attachment":[{"href":"https:\/\/rapifarma.shop\/en\/wp-json\/wp\/v2\/media?parent=7016"}],"wp:term":[{"taxonomy":"product_brand","embeddable":true,"href":"https:\/\/rapifarma.shop\/en\/wp-json\/wp\/v2\/product_brand?post=7016"},{"taxonomy":"product_cat","embeddable":true,"href":"https:\/\/rapifarma.shop\/en\/wp-json\/wp\/v2\/product_cat?post=7016"},{"taxonomy":"product_tag","embeddable":true,"href":"https:\/\/rapifarma.shop\/en\/wp-json\/wp\/v2\/product_tag?post=7016"}],"curies":[{"name":"wp","href":"https:\/\/api.w.org\/{rel}","templated":true}]}}