{"id":7012,"date":"2025-10-20T13:04:42","date_gmt":"2025-10-20T13:04:42","guid":{"rendered":"https:\/\/rapifarma.shop\/?post_type=product&#038;p=7012"},"modified":"2025-10-26T15:23:35","modified_gmt":"2025-10-26T15:23:35","slug":"hidrigort-benadrilina-50-mg","status":"publish","type":"product","link":"https:\/\/rapifarma.shop\/en\/product\/hidrigort-benadrilina-50-mg\/","title":{"rendered":"Hidrigort (Benadrilina) 50 mg"},"content":{"rendered":"<p><strong data-start=\"0\" data-end=\"28\" data-is-only-node=\"\">Hidrigort 50 mg Tabletas<\/strong> contiene <strong data-start=\"38\" data-end=\"74\">difenhidramina clorhidrato 50 mg<\/strong> por tableta, un antihistam\u00ednico con efecto sedante que ayuda a <strong data-start=\"138\" data-end=\"178\">conciliar el sue\u00f1o de forma efectiva<\/strong> en casos de insomnio ocasional o dificultad para dormir. Su acci\u00f3n reduce la tensi\u00f3n y favorece el descanso natural durante la noche. Tambi\u00e9n alivia s\u00edntomas leves de alergias o resfriado que interfieren con el sue\u00f1o. Es ideal para promover un descanso reparador y mejorar la calidad del sue\u00f1o. <strong data-start=\"474\" data-end=\"535\" data-is-last-node=\"\">Presentaci\u00f3n: caja con 8 tabletas de administraci\u00f3n oral.<\/strong><\/p>","protected":false},"excerpt":{"rendered":"<ul>\n<li><strong>8 Tabletas<\/strong><\/li>\n<li>Difenhidramina Clorhidrato 50 mg<\/li>\n<li>Laboratorios DEGORT&#8217;S CHEMICAL<\/li>\n<li>Fecha de Vencimiento: Marzo 2027<\/li>\n<\/ul>","protected":false},"featured_media":7346,"comment_status":"open","ping_status":"closed","template":"","meta":[],"product_brand":[],"product_cat":[66],"product_tag":[],"class_list":{"0":"post-7012","1":"product","2":"type-product","3":"status-publish","4":"has-post-thumbnail","6":"product_cat-tabletas-y-capsulas","8":"first","9":"instock","10":"shipping-taxable","11":"purchasable","12":"product-type-simple"},"_links":{"self":[{"href":"https:\/\/rapifarma.shop\/en\/wp-json\/wp\/v2\/product\/7012","targetHints":{"allow":["GET"]}}],"collection":[{"href":"https:\/\/rapifarma.shop\/en\/wp-json\/wp\/v2\/product"}],"about":[{"href":"https:\/\/rapifarma.shop\/en\/wp-json\/wp\/v2\/types\/product"}],"replies":[{"embeddable":true,"href":"https:\/\/rapifarma.shop\/en\/wp-json\/wp\/v2\/comments?post=7012"}],"wp:featuredmedia":[{"embeddable":true,"href":"https:\/\/rapifarma.shop\/en\/wp-json\/wp\/v2\/media\/7346"}],"wp:attachment":[{"href":"https:\/\/rapifarma.shop\/en\/wp-json\/wp\/v2\/media?parent=7012"}],"wp:term":[{"taxonomy":"product_brand","embeddable":true,"href":"https:\/\/rapifarma.shop\/en\/wp-json\/wp\/v2\/product_brand?post=7012"},{"taxonomy":"product_cat","embeddable":true,"href":"https:\/\/rapifarma.shop\/en\/wp-json\/wp\/v2\/product_cat?post=7012"},{"taxonomy":"product_tag","embeddable":true,"href":"https:\/\/rapifarma.shop\/en\/wp-json\/wp\/v2\/product_tag?post=7012"}],"curies":[{"name":"wp","href":"https:\/\/api.w.org\/{rel}","templated":true}]}}