{"id":7004,"date":"2025-10-20T02:24:40","date_gmt":"2025-10-20T02:24:40","guid":{"rendered":"https:\/\/rapifarma.shop\/?post_type=product&#038;p=7004"},"modified":"2025-10-26T17:20:50","modified_gmt":"2025-10-26T17:20:50","slug":"levotiroxina-sodica-100-mcg","status":"publish","type":"product","link":"https:\/\/rapifarma.shop\/en\/product\/levotiroxina-sodica-100-mcg\/","title":{"rendered":"Levotiroxina S\u00f3dica 100 mcg"},"content":{"rendered":"<p><strong data-start=\"0\" data-end=\"40\" data-is-only-node=\"\">Levotiroxina S\u00f3dica 100 mcg Tabletas<\/strong> es un medicamento hormonal utilizado para el tratamiento del <strong data-start=\"102\" data-end=\"120\">hipotiroidismo<\/strong>, ayudando a restaurar los niveles normales de hormona tiroidea y regular el metabolismo del organismo. Cada tableta contiene <strong data-start=\"246\" data-end=\"285\">levotiroxina s\u00f3dica 100 microgramos<\/strong> con excipientes modificados para una absorci\u00f3n adecuada. Favorece el equilibrio energ\u00e9tico, la funci\u00f3n cardiovascular y el bienestar general. <strong data-start=\"428\" data-end=\"468\" data-is-last-node=\"\">Presentaci\u00f3n: caja con 100 tabletas.<\/strong><\/p>","protected":false},"excerpt":{"rendered":"<ul>\n<li><strong>100 Tabletas<\/strong><\/li>\n<li>Levotiroxina D\u00f3dica 100 microgramos<\/li>\n<li>Laboratorios SIMILARES<\/li>\n<li>Fecha de Vencimiento: Abril 2027<\/li>\n<\/ul>","protected":false},"featured_media":7407,"comment_status":"open","ping_status":"closed","template":"","meta":[],"product_brand":[],"product_cat":[66],"product_tag":[],"class_list":{"0":"post-7004","1":"product","2":"type-product","3":"status-publish","4":"has-post-thumbnail","6":"product_cat-tabletas-y-capsulas","8":"first","9":"instock","10":"shipping-taxable","11":"purchasable","12":"product-type-simple"},"_links":{"self":[{"href":"https:\/\/rapifarma.shop\/en\/wp-json\/wp\/v2\/product\/7004","targetHints":{"allow":["GET"]}}],"collection":[{"href":"https:\/\/rapifarma.shop\/en\/wp-json\/wp\/v2\/product"}],"about":[{"href":"https:\/\/rapifarma.shop\/en\/wp-json\/wp\/v2\/types\/product"}],"replies":[{"embeddable":true,"href":"https:\/\/rapifarma.shop\/en\/wp-json\/wp\/v2\/comments?post=7004"}],"wp:featuredmedia":[{"embeddable":true,"href":"https:\/\/rapifarma.shop\/en\/wp-json\/wp\/v2\/media\/7407"}],"wp:attachment":[{"href":"https:\/\/rapifarma.shop\/en\/wp-json\/wp\/v2\/media?parent=7004"}],"wp:term":[{"taxonomy":"product_brand","embeddable":true,"href":"https:\/\/rapifarma.shop\/en\/wp-json\/wp\/v2\/product_brand?post=7004"},{"taxonomy":"product_cat","embeddable":true,"href":"https:\/\/rapifarma.shop\/en\/wp-json\/wp\/v2\/product_cat?post=7004"},{"taxonomy":"product_tag","embeddable":true,"href":"https:\/\/rapifarma.shop\/en\/wp-json\/wp\/v2\/product_tag?post=7004"}],"curies":[{"name":"wp","href":"https:\/\/api.w.org\/{rel}","templated":true}]}}