{"id":6999,"date":"2025-10-20T01:58:00","date_gmt":"2025-10-20T01:58:00","guid":{"rendered":"https:\/\/rapifarma.shop\/?post_type=product&#038;p=6999"},"modified":"2025-10-26T18:36:12","modified_gmt":"2025-10-26T18:36:12","slug":"omeprazol-40-mg-inyectable","status":"publish","type":"product","link":"https:\/\/rapifarma.shop\/en\/product\/omeprazol-40-mg-inyectable\/","title":{"rendered":"Omeprazol 40 mg Inyectable"},"content":{"rendered":"<p><strong data-start=\"0\" data-end=\"35\" data-is-only-node=\"\">Omeprazol AMSA 40 mg Inyectable<\/strong> es un medicamento inhibidor de la bomba de protones indicado para el tratamiento de \u00falceras g\u00e1stricas, reflujo gastroesof\u00e1gico y gastritis severa. Cada frasco \u00e1mpula contiene <strong data-start=\"211\" data-end=\"264\">omeprazol s\u00f3dico equivalente a 40 mg de omeprazol<\/strong>, acompa\u00f1ado de una ampolleta con diluyente que incluye <strong data-start=\"320\" data-end=\"356\">\u00e1cido c\u00edtrico monohidratado 5 mg<\/strong>, <strong data-start=\"358\" data-end=\"378\">macrogol 400 4 g<\/strong> y <strong data-start=\"381\" data-end=\"410\">agua para inyecci\u00f3n 10 mL<\/strong>. Su administraci\u00f3n intravenosa permite un alivio r\u00e1pido de la acidez y la inflamaci\u00f3n g\u00e1strica. <strong data-start=\"507\" data-end=\"578\" data-is-last-node=\"\">Presentaci\u00f3n: caja con 1 frasco \u00e1mpula y 1 ampolleta con diluyente.<\/strong><\/p>","protected":false},"excerpt":{"rendered":"<ul>\n<li><strong>5 Ampulas \/ 5 Jeringuillas<\/strong><\/li>\n<li>Bulbo con Omeprazol S\u00f3dico 40 mg y \u00e1mpula con Acido C\u00edtrico Monohidratado 5 mg, Macrogol 400 4 g y Agua para Inyecci\u00f3n 10 mL<\/li>\n<li>Laboratorios AMSA<\/li>\n<li>Fecha de Vencimiento: Mayo????<\/li>\n<\/ul>","protected":false},"featured_media":7460,"comment_status":"open","ping_status":"closed","template":"","meta":[],"product_brand":[],"product_cat":[64],"product_tag":[],"class_list":{"0":"post-6999","1":"product","2":"type-product","3":"status-publish","4":"has-post-thumbnail","6":"product_cat-inyectables","8":"first","9":"instock","10":"shipping-taxable","11":"purchasable","12":"product-type-simple"},"_links":{"self":[{"href":"https:\/\/rapifarma.shop\/en\/wp-json\/wp\/v2\/product\/6999","targetHints":{"allow":["GET"]}}],"collection":[{"href":"https:\/\/rapifarma.shop\/en\/wp-json\/wp\/v2\/product"}],"about":[{"href":"https:\/\/rapifarma.shop\/en\/wp-json\/wp\/v2\/types\/product"}],"replies":[{"embeddable":true,"href":"https:\/\/rapifarma.shop\/en\/wp-json\/wp\/v2\/comments?post=6999"}],"wp:featuredmedia":[{"embeddable":true,"href":"https:\/\/rapifarma.shop\/en\/wp-json\/wp\/v2\/media\/7460"}],"wp:attachment":[{"href":"https:\/\/rapifarma.shop\/en\/wp-json\/wp\/v2\/media?parent=6999"}],"wp:term":[{"taxonomy":"product_brand","embeddable":true,"href":"https:\/\/rapifarma.shop\/en\/wp-json\/wp\/v2\/product_brand?post=6999"},{"taxonomy":"product_cat","embeddable":true,"href":"https:\/\/rapifarma.shop\/en\/wp-json\/wp\/v2\/product_cat?post=6999"},{"taxonomy":"product_tag","embeddable":true,"href":"https:\/\/rapifarma.shop\/en\/wp-json\/wp\/v2\/product_tag?post=6999"}],"curies":[{"name":"wp","href":"https:\/\/api.w.org\/{rel}","templated":true}]}}