{"id":6986,"date":"2025-10-19T23:58:43","date_gmt":"2025-10-19T23:58:43","guid":{"rendered":"https:\/\/rapifarma.shop\/?post_type=product&#038;p=6986"},"modified":"2025-10-26T16:07:18","modified_gmt":"2025-10-26T16:07:18","slug":"laritol-d-loratadina-y-finelefrina-120-ml","status":"publish","type":"product","link":"https:\/\/rapifarma.shop\/en\/product\/laritol-d-loratadina-y-finelefrina-120-ml\/","title":{"rendered":"Laritol D (Loratadina y Finelefrina) 120 mL"},"content":{"rendered":"<article class=\"text-token-text-primary w-full focus:outline-none [--shadow-height:45px] has-data-writing-block:pointer-events-none has-data-writing-block:-mt-(--shadow-height) has-data-writing-block:pt-(--shadow-height) [&amp;:has([data-writing-block])&gt;*]:pointer-events-auto [content-visibility:auto] supports-[content-visibility:auto]:[contain-intrinsic-size:auto_100lvh] scroll-mt-[calc(var(--header-height)+min(200px,max(70px,20svh)))]\" dir=\"auto\" tabindex=\"-1\" data-turn-id=\"request-68f56e79-7224-8321-bcb7-7223252c1c05-3\" data-testid=\"conversation-turn-16\" data-scroll-anchor=\"false\" data-turn=\"assistant\">\n<div class=\"text-base my-auto mx-auto [--thread-content-margin:--spacing(4)] thread-sm:[--thread-content-margin:--spacing(6)] thread-lg:[--thread-content-margin:--spacing(16)] px-(--thread-content-margin)\">\n<div class=\"[--thread-content-max-width:40rem] thread-lg:[--thread-content-max-width:48rem] mx-auto max-w-(--thread-content-max-width) flex-1 group\/turn-messages focus-visible:outline-hidden relative flex w-full min-w-0 flex-col agent-turn\" tabindex=\"-1\">\n<div class=\"flex max-w-full flex-col grow\">\n<div class=\"min-h-8 text-message relative flex w-full flex-col items-end gap-2 text-start break-words whitespace-normal [.text-message+&amp;]:mt-1\" dir=\"auto\" data-message-author-role=\"assistant\" data-message-id=\"ab21c666-a2a7-47cd-b25a-0fd3783097c0\" data-message-model-slug=\"gpt-5\">\n<div class=\"flex w-full flex-col gap-1 empty:hidden first:pt-[1px]\">\n<div class=\"markdown prose dark:prose-invert w-full break-words light markdown-new-styling\">\n<p data-start=\"0\" data-end=\"415\" data-is-last-node=\"\" data-is-only-node=\"\"><strong data-start=\"0\" data-end=\"29\" data-is-only-node=\"\">Laritol D Soluci\u00f3n 120 mL<\/strong> es un medicamento para adultos que combina <strong data-start=\"73\" data-end=\"94\">loratadina 100 mg<\/strong> y <strong data-start=\"97\" data-end=\"135\">fenilefrina 200 mg por cada 100 mL<\/strong>, brindando alivio eficaz contra los s\u00edntomas de la <strong data-start=\"187\" data-end=\"217\">gripe y el resfriado com\u00fan<\/strong>. Su acci\u00f3n antihistam\u00ednica y descongestionante reduce la congesti\u00f3n nasal, estornudos, moqueo y malestar general. Favorece la respiraci\u00f3n, el descanso y el bienestar durante los cuadros gripales. <strong data-start=\"414\" data-end=\"469\" data-is-last-node=\"\">Presentaci\u00f3n: frasco con 120 mL y vaso dosificador.<\/strong><\/p>\n<\/div>\n<\/div>\n<\/div>\n<\/div>\n<div class=\"z-0 flex min-h-[46px] justify-start\"><\/div>\n<\/div>\n<\/div>\n<\/article>\n<article class=\"text-token-text-primary w-full focus:outline-none [--shadow-height:45px] has-data-writing-block:pointer-events-none has-data-writing-block:-mt-(--shadow-height) has-data-writing-block:pt-(--shadow-height) [&amp;:has([data-writing-block])&gt;*]:pointer-events-auto scroll-mt-(--header-height)\" dir=\"auto\" tabindex=\"-1\" data-turn-id=\"df034343-aa54-460a-ae80-cef48d7977e4\" data-testid=\"conversation-turn-17\" data-scroll-anchor=\"false\" data-turn=\"user\">\n<h5 class=\"sr-only\"><\/h5>\n<\/article>","protected":false},"excerpt":{"rendered":"<ul>\n<li><strong>Contiene 120 ml<\/strong><\/li>\n<li>Loratadina 100 mg y Fenilefrina 200 mg por cada 100 mL<\/li>\n<li>Laboratorios MAVER<\/li>\n<li>Fecha de Vencimiento: Noviembre 2026<\/li>\n<\/ul>","protected":false},"featured_media":7394,"comment_status":"open","ping_status":"closed","template":"","meta":[],"product_brand":[],"product_cat":[69],"product_tag":[],"class_list":{"0":"post-6986","1":"product","2":"type-product","3":"status-publish","4":"has-post-thumbnail","6":"product_cat-suspensiones-y-colirios","8":"first","9":"instock","10":"shipping-taxable","11":"purchasable","12":"product-type-simple"},"_links":{"self":[{"href":"https:\/\/rapifarma.shop\/en\/wp-json\/wp\/v2\/product\/6986","targetHints":{"allow":["GET"]}}],"collection":[{"href":"https:\/\/rapifarma.shop\/en\/wp-json\/wp\/v2\/product"}],"about":[{"href":"https:\/\/rapifarma.shop\/en\/wp-json\/wp\/v2\/types\/product"}],"replies":[{"embeddable":true,"href":"https:\/\/rapifarma.shop\/en\/wp-json\/wp\/v2\/comments?post=6986"}],"wp:featuredmedia":[{"embeddable":true,"href":"https:\/\/rapifarma.shop\/en\/wp-json\/wp\/v2\/media\/7394"}],"wp:attachment":[{"href":"https:\/\/rapifarma.shop\/en\/wp-json\/wp\/v2\/media?parent=6986"}],"wp:term":[{"taxonomy":"product_brand","embeddable":true,"href":"https:\/\/rapifarma.shop\/en\/wp-json\/wp\/v2\/product_brand?post=6986"},{"taxonomy":"product_cat","embeddable":true,"href":"https:\/\/rapifarma.shop\/en\/wp-json\/wp\/v2\/product_cat?post=6986"},{"taxonomy":"product_tag","embeddable":true,"href":"https:\/\/rapifarma.shop\/en\/wp-json\/wp\/v2\/product_tag?post=6986"}],"curies":[{"name":"wp","href":"https:\/\/api.w.org\/{rel}","templated":true}]}}