{"id":6976,"date":"2025-10-19T23:12:24","date_gmt":"2025-10-19T23:12:24","guid":{"rendered":"https:\/\/rapifarma.shop\/?post_type=product&#038;p=6976"},"modified":"2025-10-26T14:21:34","modified_gmt":"2025-10-26T14:21:34","slug":"ceftriaxona-rosefin-1-g","status":"publish","type":"product","link":"https:\/\/rapifarma.shop\/en\/product\/ceftriaxona-rosefin-1-g\/","title":{"rendered":"Ceftriaxona (Rosefin) 1 g"},"content":{"rendered":"<p>La <strong data-start=\"3\" data-end=\"43\">Ceftriaxona 1 g Inyectable<\/strong> es un antibi\u00f3tico de amplio espectro del grupo de las cefalosporinas de tercera generaci\u00f3n, indicado para tratar infecciones respiratorias, urinarias, cut\u00e1neas, abdominales y del sistema nervioso causadas por bacterias sensibles. Se presenta en frasco con polvo y ampolleta con diluyente de lidoca\u00edna al 1%. Su administraci\u00f3n debe realizarse bajo supervisi\u00f3n m\u00e9dica, por v\u00eda intramuscular o intravenosa, seg\u00fan la gravedad del cuadro. Es eficaz en infecciones moderadas y graves, y tambi\u00e9n se utiliza como profilaxis en procedimientos quir\u00fargicos.<\/p>","protected":false},"excerpt":{"rendered":"<ul>\n<li><strong>1 Bulbo \/ 1 Ampula<\/strong><\/li>\n<li>Ceftriaxona 1 g<\/li>\n<li>Laboratorios BEADVANCE<\/li>\n<li>Fecha de Vencimiento: ???<\/li>\n<\/ul>","protected":false},"featured_media":7297,"comment_status":"open","ping_status":"closed","template":"","meta":[],"product_brand":[],"product_cat":[64],"product_tag":[],"class_list":{"0":"post-6976","1":"product","2":"type-product","3":"status-publish","4":"has-post-thumbnail","6":"product_cat-inyectables","8":"first","9":"instock","10":"shipping-taxable","11":"purchasable","12":"product-type-simple"},"_links":{"self":[{"href":"https:\/\/rapifarma.shop\/en\/wp-json\/wp\/v2\/product\/6976","targetHints":{"allow":["GET"]}}],"collection":[{"href":"https:\/\/rapifarma.shop\/en\/wp-json\/wp\/v2\/product"}],"about":[{"href":"https:\/\/rapifarma.shop\/en\/wp-json\/wp\/v2\/types\/product"}],"replies":[{"embeddable":true,"href":"https:\/\/rapifarma.shop\/en\/wp-json\/wp\/v2\/comments?post=6976"}],"wp:featuredmedia":[{"embeddable":true,"href":"https:\/\/rapifarma.shop\/en\/wp-json\/wp\/v2\/media\/7297"}],"wp:attachment":[{"href":"https:\/\/rapifarma.shop\/en\/wp-json\/wp\/v2\/media?parent=6976"}],"wp:term":[{"taxonomy":"product_brand","embeddable":true,"href":"https:\/\/rapifarma.shop\/en\/wp-json\/wp\/v2\/product_brand?post=6976"},{"taxonomy":"product_cat","embeddable":true,"href":"https:\/\/rapifarma.shop\/en\/wp-json\/wp\/v2\/product_cat?post=6976"},{"taxonomy":"product_tag","embeddable":true,"href":"https:\/\/rapifarma.shop\/en\/wp-json\/wp\/v2\/product_tag?post=6976"}],"curies":[{"name":"wp","href":"https:\/\/api.w.org\/{rel}","templated":true}]}}