{"id":6967,"date":"2025-10-19T04:51:17","date_gmt":"2025-10-19T04:51:17","guid":{"rendered":"https:\/\/rapifarma.shop\/?post_type=product&#038;p=6967"},"modified":"2025-10-26T19:36:03","modified_gmt":"2025-10-26T19:36:03","slug":"premagnol-prednisona-5-mg","status":"publish","type":"product","link":"https:\/\/rapifarma.shop\/en\/product\/premagnol-prednisona-5-mg\/","title":{"rendered":"Premagnol (Prednisona) 5 mg"},"content":{"rendered":"<p><strong data-start=\"0\" data-end=\"73\" data-is-only-node=\"\">PREMAGNOL Tabletas \u2013 Prednisona 5 mg \u2013 Caja con frasco de 20 tabletas<\/strong><br data-start=\"73\" data-end=\"76\" \/>Premagnol contiene <strong data-start=\"95\" data-end=\"114\">Prednisona 5 mg<\/strong>, un <strong data-start=\"119\" data-end=\"172\">corticosteroide antiinflamatorio e inmunosupresor<\/strong> utilizado para el tratamiento de enfermedades al\u00e9rgicas, reum\u00e1ticas, respiratorias y dermatol\u00f3gicas, as\u00ed como trastornos autoinmunes. Su formulaci\u00f3n ayuda a reducir la inflamaci\u00f3n y modular la respuesta inmunol\u00f3gica. De <strong data-start=\"393\" data-end=\"416\">administraci\u00f3n oral<\/strong> y venta bajo receta m\u00e9dica. Fabricado por <strong data-start=\"459\" data-end=\"469\">\u00c1vitus<\/strong>, este medicamento garantiza eficacia y control terap\u00e9utico en tratamientos que requieren regulaci\u00f3n inflamatoria y hormonal.<\/p>","protected":false},"excerpt":{"rendered":"<ul>\n<li><strong>20 Tabletas<\/strong><\/li>\n<li>Prednisona 5 mg<\/li>\n<li>Laboratorios AVITUS<\/li>\n<li>Fecha de Vencimiento: Marzo 2027<\/li>\n<\/ul>","protected":false},"featured_media":7485,"comment_status":"open","ping_status":"closed","template":"","meta":[],"product_brand":[],"product_cat":[66],"product_tag":[],"class_list":{"0":"post-6967","1":"product","2":"type-product","3":"status-publish","4":"has-post-thumbnail","6":"product_cat-tabletas-y-capsulas","8":"first","9":"instock","10":"shipping-taxable","11":"purchasable","12":"product-type-simple"},"_links":{"self":[{"href":"https:\/\/rapifarma.shop\/en\/wp-json\/wp\/v2\/product\/6967","targetHints":{"allow":["GET"]}}],"collection":[{"href":"https:\/\/rapifarma.shop\/en\/wp-json\/wp\/v2\/product"}],"about":[{"href":"https:\/\/rapifarma.shop\/en\/wp-json\/wp\/v2\/types\/product"}],"replies":[{"embeddable":true,"href":"https:\/\/rapifarma.shop\/en\/wp-json\/wp\/v2\/comments?post=6967"}],"wp:featuredmedia":[{"embeddable":true,"href":"https:\/\/rapifarma.shop\/en\/wp-json\/wp\/v2\/media\/7485"}],"wp:attachment":[{"href":"https:\/\/rapifarma.shop\/en\/wp-json\/wp\/v2\/media?parent=6967"}],"wp:term":[{"taxonomy":"product_brand","embeddable":true,"href":"https:\/\/rapifarma.shop\/en\/wp-json\/wp\/v2\/product_brand?post=6967"},{"taxonomy":"product_cat","embeddable":true,"href":"https:\/\/rapifarma.shop\/en\/wp-json\/wp\/v2\/product_cat?post=6967"},{"taxonomy":"product_tag","embeddable":true,"href":"https:\/\/rapifarma.shop\/en\/wp-json\/wp\/v2\/product_tag?post=6967"}],"curies":[{"name":"wp","href":"https:\/\/api.w.org\/{rel}","templated":true}]}}