{"id":6959,"date":"2025-10-19T04:26:53","date_gmt":"2025-10-19T04:26:53","guid":{"rendered":"https:\/\/rapifarma.shop\/?post_type=product&#038;p=6959"},"modified":"2025-10-26T15:15:41","modified_gmt":"2025-10-26T15:15:41","slug":"diclofenaco-100-mg-liberacion-prolongada","status":"publish","type":"product","link":"https:\/\/rapifarma.shop\/en\/product\/diclofenaco-100-mg-liberacion-prolongada\/","title":{"rendered":"Diclofenaco 100 mg (liberaci\u00f3n prolongada)"},"content":{"rendered":"<p><strong data-start=\"0\" data-end=\"91\" data-is-only-node=\"\">Diclofenaco Tabletas \u2013 100 mg de liberaci\u00f3n prolongada \u2013 Caja con 20 tabletas<\/strong><br data-start=\"91\" data-end=\"94\" \/>Beadvance Diclofenaco contiene <strong data-start=\"125\" data-end=\"154\">Diclofenaco s\u00f3dico 100 mg<\/strong>, un potente <strong data-start=\"167\" data-end=\"208\">antiinflamatorio no esteroideo (AINE)<\/strong> indicado para aliviar el dolor, la inflamaci\u00f3n y la rigidez en afecciones musculares, articulares y postoperatorias. Su formulaci\u00f3n de <strong data-start=\"344\" data-end=\"369\">liberaci\u00f3n prolongada<\/strong> proporciona un efecto analg\u00e9sico duradero, reduciendo la necesidad de dosis frecuentes. De administraci\u00f3n oral y venta con receta m\u00e9dica. Fabricado por <strong data-start=\"522\" data-end=\"542\">Beadvance Pharma<\/strong>, cumpliendo altos est\u00e1ndares de calidad y eficacia terap\u00e9utica.<\/p>","protected":false},"excerpt":{"rendered":"<ul>\n<li><strong>20 Tabletas<\/strong><\/li>\n<li>Diclofenaco s\u00f3dico 100 mg<\/li>\n<li>Laboratorios BEADVANCE<\/li>\n<li>Fecha de Vencimiento: Marzo 2027<\/li>\n<\/ul>","protected":false},"featured_media":7338,"comment_status":"open","ping_status":"closed","template":"","meta":[],"product_brand":[],"product_cat":[66],"product_tag":[],"class_list":{"0":"post-6959","1":"product","2":"type-product","3":"status-publish","4":"has-post-thumbnail","6":"product_cat-tabletas-y-capsulas","8":"first","9":"instock","10":"shipping-taxable","11":"purchasable","12":"product-type-simple"},"_links":{"self":[{"href":"https:\/\/rapifarma.shop\/en\/wp-json\/wp\/v2\/product\/6959","targetHints":{"allow":["GET"]}}],"collection":[{"href":"https:\/\/rapifarma.shop\/en\/wp-json\/wp\/v2\/product"}],"about":[{"href":"https:\/\/rapifarma.shop\/en\/wp-json\/wp\/v2\/types\/product"}],"replies":[{"embeddable":true,"href":"https:\/\/rapifarma.shop\/en\/wp-json\/wp\/v2\/comments?post=6959"}],"wp:featuredmedia":[{"embeddable":true,"href":"https:\/\/rapifarma.shop\/en\/wp-json\/wp\/v2\/media\/7338"}],"wp:attachment":[{"href":"https:\/\/rapifarma.shop\/en\/wp-json\/wp\/v2\/media?parent=6959"}],"wp:term":[{"taxonomy":"product_brand","embeddable":true,"href":"https:\/\/rapifarma.shop\/en\/wp-json\/wp\/v2\/product_brand?post=6959"},{"taxonomy":"product_cat","embeddable":true,"href":"https:\/\/rapifarma.shop\/en\/wp-json\/wp\/v2\/product_cat?post=6959"},{"taxonomy":"product_tag","embeddable":true,"href":"https:\/\/rapifarma.shop\/en\/wp-json\/wp\/v2\/product_tag?post=6959"}],"curies":[{"name":"wp","href":"https:\/\/api.w.org\/{rel}","templated":true}]}}