{"id":6955,"date":"2025-10-19T04:11:23","date_gmt":"2025-10-19T04:11:23","guid":{"rendered":"https:\/\/rapifarma.shop\/?post_type=product&#038;p=6955"},"modified":"2025-10-26T15:40:14","modified_gmt":"2025-10-26T15:40:14","slug":"steryx-finasterida-5-mg","status":"publish","type":"product","link":"https:\/\/rapifarma.shop\/en\/product\/steryx-finasterida-5-mg\/","title":{"rendered":"Steryx (Finasterida) 5 mg"},"content":{"rendered":"<p><strong data-start=\"0\" data-end=\"61\" data-is-only-node=\"\">STERYX Tabletas \u2013 Finasterida 5 mg \u2013 Caja con 30 tabletas<\/strong><br data-start=\"61\" data-end=\"64\" \/>Steryx es un medicamento que contiene <strong data-start=\"102\" data-end=\"122\">Finasterida 5 mg<\/strong>, indicado para el tratamiento de los s\u00edntomas de la <strong data-start=\"175\" data-end=\"215\">hiperplasia prost\u00e1tica benigna (HPB)<\/strong>, ayudando a reducir el tama\u00f1o de la pr\u00f3stata y mejorar el flujo urinario. Tambi\u00e9n puede utilizarse bajo prescripci\u00f3n m\u00e9dica para prevenir la progresi\u00f3n de la enfermedad y disminuir la necesidad de cirug\u00eda. De administraci\u00f3n oral, requiere receta m\u00e9dica. Fabricado por <strong data-start=\"484\" data-end=\"500\">Accord Farma<\/strong>, cumple con altos est\u00e1ndares de calidad farmac\u00e9utica y eficacia terap\u00e9utica comprobada.<\/p>","protected":false},"excerpt":{"rendered":"<ul>\n<li><strong>30 Tabletas<\/strong><\/li>\n<li>Finasterida 5 mg<\/li>\n<li>Laboratorios ACCORD<\/li>\n<li>Fecha de Vencimiento: Enero 2028<\/li>\n<\/ul>","protected":false},"featured_media":7366,"comment_status":"open","ping_status":"closed","template":"","meta":[],"product_brand":[],"product_cat":[66],"product_tag":[],"class_list":{"0":"post-6955","1":"product","2":"type-product","3":"status-publish","4":"has-post-thumbnail","6":"product_cat-tabletas-y-capsulas","8":"first","9":"instock","10":"shipping-taxable","11":"purchasable","12":"product-type-simple"},"_links":{"self":[{"href":"https:\/\/rapifarma.shop\/en\/wp-json\/wp\/v2\/product\/6955","targetHints":{"allow":["GET"]}}],"collection":[{"href":"https:\/\/rapifarma.shop\/en\/wp-json\/wp\/v2\/product"}],"about":[{"href":"https:\/\/rapifarma.shop\/en\/wp-json\/wp\/v2\/types\/product"}],"replies":[{"embeddable":true,"href":"https:\/\/rapifarma.shop\/en\/wp-json\/wp\/v2\/comments?post=6955"}],"wp:featuredmedia":[{"embeddable":true,"href":"https:\/\/rapifarma.shop\/en\/wp-json\/wp\/v2\/media\/7366"}],"wp:attachment":[{"href":"https:\/\/rapifarma.shop\/en\/wp-json\/wp\/v2\/media?parent=6955"}],"wp:term":[{"taxonomy":"product_brand","embeddable":true,"href":"https:\/\/rapifarma.shop\/en\/wp-json\/wp\/v2\/product_brand?post=6955"},{"taxonomy":"product_cat","embeddable":true,"href":"https:\/\/rapifarma.shop\/en\/wp-json\/wp\/v2\/product_cat?post=6955"},{"taxonomy":"product_tag","embeddable":true,"href":"https:\/\/rapifarma.shop\/en\/wp-json\/wp\/v2\/product_tag?post=6955"}],"curies":[{"name":"wp","href":"https:\/\/api.w.org\/{rel}","templated":true}]}}