{"id":6946,"date":"2025-10-19T02:33:12","date_gmt":"2025-10-19T02:33:12","guid":{"rendered":"https:\/\/rapifarma.shop\/?post_type=product&#038;p=6946"},"modified":"2025-10-26T14:17:04","modified_gmt":"2025-10-26T14:17:04","slug":"cefalver-cefalexina-500-mg","status":"publish","type":"product","link":"https:\/\/rapifarma.shop\/en\/product\/cefalver-cefalexina-500-mg\/","title":{"rendered":"Cefalver (Cefalexina) 500 mg"},"content":{"rendered":"<p><strong data-start=\"0\" data-end=\"64\" data-is-only-node=\"\">CEFALVER C\u00e1psulas \u2013 Cefalexina 500 mg \u2013 Caja con 12 c\u00e1psulas<\/strong><br data-start=\"64\" data-end=\"67\" \/>Cefalver es un <strong data-start=\"82\" data-end=\"116\">antibi\u00f3tico de amplio espectro<\/strong> en c\u00e1psulas que contiene <strong data-start=\"142\" data-end=\"177\">Cefalexina monohidratada 500 mg<\/strong>, eficaz en el tratamiento de infecciones bacterianas del sistema respiratorio, urinario, d\u00e9rmico y \u00f3seo. Su acci\u00f3n elimina bacterias sensibles, ayudando a controlar infecciones comunes como amigdalitis, faringitis, bronquitis o infecciones cut\u00e1neas. De administraci\u00f3n oral, requiere prescripci\u00f3n m\u00e9dica para su uso adecuado. Fabricado por <strong data-start=\"517\" data-end=\"539\">Laboratorios Maver<\/strong>, garantiza calidad farmac\u00e9utica y efectividad terap\u00e9utica comprobada.<\/p>","protected":false},"excerpt":{"rendered":"<ul>\n<li><strong>12 C\u00e1psulas<\/strong><\/li>\n<li>Cefalexina 500 mg<\/li>\n<li>Laboratorios MAVER<\/li>\n<li>Fecha de Vencimiento: Marzo 2028<\/li>\n<\/ul>","protected":false},"featured_media":7290,"comment_status":"open","ping_status":"closed","template":"","meta":[],"product_brand":[],"product_cat":[66],"product_tag":[],"class_list":{"0":"post-6946","1":"product","2":"type-product","3":"status-publish","4":"has-post-thumbnail","6":"product_cat-tabletas-y-capsulas","8":"first","9":"instock","10":"shipping-taxable","11":"purchasable","12":"product-type-simple"},"_links":{"self":[{"href":"https:\/\/rapifarma.shop\/en\/wp-json\/wp\/v2\/product\/6946","targetHints":{"allow":["GET"]}}],"collection":[{"href":"https:\/\/rapifarma.shop\/en\/wp-json\/wp\/v2\/product"}],"about":[{"href":"https:\/\/rapifarma.shop\/en\/wp-json\/wp\/v2\/types\/product"}],"replies":[{"embeddable":true,"href":"https:\/\/rapifarma.shop\/en\/wp-json\/wp\/v2\/comments?post=6946"}],"wp:featuredmedia":[{"embeddable":true,"href":"https:\/\/rapifarma.shop\/en\/wp-json\/wp\/v2\/media\/7290"}],"wp:attachment":[{"href":"https:\/\/rapifarma.shop\/en\/wp-json\/wp\/v2\/media?parent=6946"}],"wp:term":[{"taxonomy":"product_brand","embeddable":true,"href":"https:\/\/rapifarma.shop\/en\/wp-json\/wp\/v2\/product_brand?post=6946"},{"taxonomy":"product_cat","embeddable":true,"href":"https:\/\/rapifarma.shop\/en\/wp-json\/wp\/v2\/product_cat?post=6946"},{"taxonomy":"product_tag","embeddable":true,"href":"https:\/\/rapifarma.shop\/en\/wp-json\/wp\/v2\/product_tag?post=6946"}],"curies":[{"name":"wp","href":"https:\/\/api.w.org\/{rel}","templated":true}]}}