{"id":6941,"date":"2025-10-19T02:08:13","date_gmt":"2025-10-19T02:08:13","guid":{"rendered":"https:\/\/rapifarma.shop\/?post_type=product&#038;p=6941"},"modified":"2025-10-26T17:56:22","modified_gmt":"2025-10-26T17:56:22","slug":"tabletas-para-migrana-paracetamol-acido-acetilsalicilico-y-cafeina-250-mg-250-mg-65-mg","status":"publish","type":"product","link":"https:\/\/rapifarma.shop\/en\/product\/tabletas-para-migrana-paracetamol-acido-acetilsalicilico-y-cafeina-250-mg-250-mg-65-mg\/","title":{"rendered":"Tabletas para Migra\u00f1a \u2013 Paracetamol, \u00c1cido Acetilsalic\u00edlico y Cafe\u00edna (250 mg \/ 250 mg \/ 65 mg)"},"content":{"rendered":"<article class=\"text-token-text-primary w-full focus:outline-none [--shadow-height:45px] has-data-writing-block:pointer-events-none has-data-writing-block:-mt-(--shadow-height) has-data-writing-block:pt-(--shadow-height) [&amp;:has([data-writing-block])&gt;*]:pointer-events-auto [content-visibility:auto] supports-[content-visibility:auto]:[contain-intrinsic-size:auto_100lvh] scroll-mt-[calc(var(--header-height)+min(200px,max(70px,20svh)))]\" dir=\"auto\" tabindex=\"-1\" data-turn-id=\"request-68ee7c11-fe6c-832c-b53e-35f0c7dc3e2c-10\" data-testid=\"conversation-turn-124\" data-scroll-anchor=\"true\" data-turn=\"assistant\">\n<div class=\"text-base my-auto mx-auto pb-10 [--thread-content-margin:--spacing(4)] thread-sm:[--thread-content-margin:--spacing(6)] thread-lg:[--thread-content-margin:--spacing(16)] px-(--thread-content-margin)\">\n<div class=\"[--thread-content-max-width:40rem] thread-lg:[--thread-content-max-width:48rem] mx-auto max-w-(--thread-content-max-width) flex-1 group\/turn-messages focus-visible:outline-hidden relative flex w-full min-w-0 flex-col agent-turn\" tabindex=\"-1\">\n<div class=\"flex max-w-full flex-col grow\">\n<div class=\"min-h-8 text-message relative flex w-full flex-col items-end gap-2 text-start break-words whitespace-normal [.text-message+&amp;]:mt-1\" dir=\"auto\" data-message-author-role=\"assistant\" data-message-id=\"e5766d0d-329c-4f15-90a0-af32a29b60b7\" data-message-model-slug=\"gpt-5\">\n<div class=\"flex w-full flex-col gap-1 empty:hidden first:pt-[1px]\">\n<div class=\"markdown prose dark:prose-invert w-full break-words light markdown-new-styling\">\n<p data-start=\"0\" data-end=\"649\" data-is-last-node=\"\" data-is-only-node=\"\"><strong data-start=\"0\" data-end=\"122\" data-is-only-node=\"\">Tabletas para Migra\u00f1a \u2013 Paracetamol, \u00c1cido Acetilsalic\u00edlico y Cafe\u00edna (250 mg \/ 250 mg \/ 65 mg) \u2013 Caja con 24 tabletas<\/strong><br data-start=\"122\" data-end=\"125\" \/>Este medicamento es un auxiliar eficaz en el alivio de los s\u00edntomas de la <strong data-start=\"199\" data-end=\"210\">migra\u00f1a<\/strong> y el <strong data-start=\"216\" data-end=\"243\">dolor de cabeza intenso<\/strong>. Su f\u00f3rmula combina <strong data-start=\"264\" data-end=\"286\">Paracetamol 250 mg<\/strong>, <strong data-start=\"288\" data-end=\"321\">\u00c1cido Acetilsalic\u00edlico 250 mg<\/strong> y <strong data-start=\"324\" data-end=\"341\">Cafe\u00edna 65 mg<\/strong>, ofreciendo una acci\u00f3n analg\u00e9sica y estimulante que ayuda a reducir el dolor, la fatiga y la presi\u00f3n asociada a los episodios migra\u00f1osos. Ideal para aliviar dolores musculares, dentales o de sinusitis. Fabricado por <strong data-start=\"558\" data-end=\"579\">Laboratorios Simi<\/strong>, garantiza alivio r\u00e1pido y efectivo para mejorar el bienestar diario.<\/p>\n<\/div>\n<\/div>\n<\/div>\n<\/div>\n<div class=\"z-0 flex min-h-[46px] justify-start\"><\/div>\n<div class=\"mt-3 w-full empty:hidden\">\n<div class=\"text-center\"><\/div>\n<\/div>\n<\/div>\n<\/div>\n<\/article>\n<div class=\"pointer-events-none h-px w-px\" aria-hidden=\"true\" data-edge=\"true\"><\/div>","protected":false},"excerpt":{"rendered":"<ul>\n<li><strong>24 Tabletas<\/strong><\/li>\n<li>Paracetamol 250 mg, \u00c1cido Acetilsalic\u00edlico 250 mg y Cafe\u00edna 65 mg<\/li>\n<li>Laboratorios SIMILARES<\/li>\n<li>Fecha de Vencimiento: Marzo 2027<\/li>\n<\/ul>","protected":false},"featured_media":7441,"comment_status":"open","ping_status":"closed","template":"","meta":[],"product_brand":[],"product_cat":[66],"product_tag":[],"class_list":{"0":"post-6941","1":"product","2":"type-product","3":"status-publish","4":"has-post-thumbnail","6":"product_cat-tabletas-y-capsulas","8":"first","9":"instock","10":"shipping-taxable","11":"purchasable","12":"product-type-simple"},"_links":{"self":[{"href":"https:\/\/rapifarma.shop\/en\/wp-json\/wp\/v2\/product\/6941","targetHints":{"allow":["GET"]}}],"collection":[{"href":"https:\/\/rapifarma.shop\/en\/wp-json\/wp\/v2\/product"}],"about":[{"href":"https:\/\/rapifarma.shop\/en\/wp-json\/wp\/v2\/types\/product"}],"replies":[{"embeddable":true,"href":"https:\/\/rapifarma.shop\/en\/wp-json\/wp\/v2\/comments?post=6941"}],"wp:featuredmedia":[{"embeddable":true,"href":"https:\/\/rapifarma.shop\/en\/wp-json\/wp\/v2\/media\/7441"}],"wp:attachment":[{"href":"https:\/\/rapifarma.shop\/en\/wp-json\/wp\/v2\/media?parent=6941"}],"wp:term":[{"taxonomy":"product_brand","embeddable":true,"href":"https:\/\/rapifarma.shop\/en\/wp-json\/wp\/v2\/product_brand?post=6941"},{"taxonomy":"product_cat","embeddable":true,"href":"https:\/\/rapifarma.shop\/en\/wp-json\/wp\/v2\/product_cat?post=6941"},{"taxonomy":"product_tag","embeddable":true,"href":"https:\/\/rapifarma.shop\/en\/wp-json\/wp\/v2\/product_tag?post=6941"}],"curies":[{"name":"wp","href":"https:\/\/api.w.org\/{rel}","templated":true}]}}