{"id":6911,"date":"2025-10-18T14:24:39","date_gmt":"2025-10-18T14:24:39","guid":{"rendered":"https:\/\/rapifarma.shop\/?post_type=product&#038;p=6911"},"modified":"2026-02-09T09:40:48","modified_gmt":"2026-02-09T09:40:48","slug":"simisure-d-alimento-en-polvo-sabor-chocolate-462-g","status":"publish","type":"product","link":"https:\/\/rapifarma.shop\/en\/product\/simisure-d-alimento-en-polvo-sabor-chocolate-462-g\/","title":{"rendered":"SIMISURE D \u2013 Alimento en Polvo Sabor Chocolate (462 g)"},"content":{"rendered":"<p><strong>SIMISURE DIABETICO \u2013 Alimento en Polvo Sabor Chocolate (462 g)<\/strong><\/p>\n<p>Simisure D es un alimento en polvo sin lactosa, especialmente formulado para personas con diabetes o deficiente control gluc\u00e9mico. Enriquecido con prote\u00ednas de soya, vitaminas y minerales esenciales, proporciona energ\u00eda y apoyo nutricional diario. Su f\u00f3rmula contiene edulcorantes no cal\u00f3ricos y bajo contenido en grasas y az\u00facares. Ideal para complementar la alimentaci\u00f3n de manera segura y equilibrada. Sabor delicioso a chocolate, f\u00e1cil de preparar y disfrutar cada d\u00eda. <strong>Rinde 1.7 litros y es suficiente para una semana.<\/strong><\/p>","protected":false},"excerpt":{"rendered":"<ul>\n<li><strong data-start=\"244\" data-end=\"279\">Bolsa 462 gr<\/strong><\/li>\n<li>Vitaminas y Proteinas (ver informacion nutrimental en las imagenes)<\/li>\n<li>Laboratorios SIMILARES<\/li>\n<li>Fecha de Vencimiento: Agosto 2030<\/li>\n<\/ul>","protected":false},"featured_media":7497,"comment_status":"open","ping_status":"closed","template":"","meta":[],"product_brand":[],"product_cat":[67],"product_tag":[],"class_list":{"0":"post-6911","1":"product","2":"type-product","3":"status-publish","4":"has-post-thumbnail","6":"product_cat-suplementosy-vitaminas","8":"first","9":"instock","10":"sale","11":"shipping-taxable","12":"purchasable","13":"product-type-simple"},"_links":{"self":[{"href":"https:\/\/rapifarma.shop\/en\/wp-json\/wp\/v2\/product\/6911","targetHints":{"allow":["GET"]}}],"collection":[{"href":"https:\/\/rapifarma.shop\/en\/wp-json\/wp\/v2\/product"}],"about":[{"href":"https:\/\/rapifarma.shop\/en\/wp-json\/wp\/v2\/types\/product"}],"replies":[{"embeddable":true,"href":"https:\/\/rapifarma.shop\/en\/wp-json\/wp\/v2\/comments?post=6911"}],"wp:featuredmedia":[{"embeddable":true,"href":"https:\/\/rapifarma.shop\/en\/wp-json\/wp\/v2\/media\/7497"}],"wp:attachment":[{"href":"https:\/\/rapifarma.shop\/en\/wp-json\/wp\/v2\/media?parent=6911"}],"wp:term":[{"taxonomy":"product_brand","embeddable":true,"href":"https:\/\/rapifarma.shop\/en\/wp-json\/wp\/v2\/product_brand?post=6911"},{"taxonomy":"product_cat","embeddable":true,"href":"https:\/\/rapifarma.shop\/en\/wp-json\/wp\/v2\/product_cat?post=6911"},{"taxonomy":"product_tag","embeddable":true,"href":"https:\/\/rapifarma.shop\/en\/wp-json\/wp\/v2\/product_tag?post=6911"}],"curies":[{"name":"wp","href":"https:\/\/api.w.org\/{rel}","templated":true}]}}