{"id":6909,"date":"2025-10-18T13:51:25","date_gmt":"2025-10-18T13:51:25","guid":{"rendered":"https:\/\/rapifarma.shop\/?post_type=product&#038;p=6909"},"modified":"2025-10-26T20:06:27","modified_gmt":"2025-10-26T20:06:27","slug":"venda-elastica-de-alta-compresion","status":"publish","type":"product","link":"https:\/\/rapifarma.shop\/en\/product\/venda-elastica-de-alta-compresion\/","title":{"rendered":"Venda El\u00e1stica de Alta Compresi\u00f3n"},"content":{"rendered":"<article class=\"text-token-text-primary w-full focus:outline-none [--shadow-height:45px] has-data-writing-block:pointer-events-none has-data-writing-block:-mt-(--shadow-height) has-data-writing-block:pt-(--shadow-height) [&amp;:has([data-writing-block])&gt;*]:pointer-events-auto [content-visibility:auto] supports-[content-visibility:auto]:[contain-intrinsic-size:auto_100lvh] scroll-mt-[calc(var(--header-height)+min(200px,max(70px,20svh)))]\" dir=\"auto\" tabindex=\"-1\" data-turn-id=\"request-68ee7c11-fe6c-832c-b53e-35f0c7dc3e2c-1\" data-testid=\"conversation-turn-86\" data-scroll-anchor=\"true\" data-turn=\"assistant\">\n<div class=\"text-base my-auto mx-auto pb-10 [--thread-content-margin:--spacing(4)] thread-sm:[--thread-content-margin:--spacing(6)] thread-lg:[--thread-content-margin:--spacing(16)] px-(--thread-content-margin)\">\n<div class=\"[--thread-content-max-width:40rem] thread-lg:[--thread-content-max-width:48rem] mx-auto max-w-(--thread-content-max-width) flex-1 group\/turn-messages focus-visible:outline-hidden relative flex w-full min-w-0 flex-col agent-turn\" tabindex=\"-1\">\n<div class=\"flex max-w-full flex-col grow\">\n<div class=\"min-h-8 text-message relative flex w-full flex-col items-end gap-2 text-start break-words whitespace-normal [.text-message+&amp;]:mt-1\" dir=\"auto\" data-message-author-role=\"assistant\" data-message-id=\"4110c8cd-aa12-45db-ba94-761dca548b00\" data-message-model-slug=\"gpt-5\">\n<div class=\"flex w-full flex-col gap-1 empty:hidden first:pt-[1px]\">\n<div class=\"markdown prose dark:prose-invert w-full break-words light markdown-new-styling\">\n<p data-start=\"0\" data-end=\"535\" data-is-last-node=\"\" data-is-only-node=\"\"><strong data-start=\"0\" data-end=\"63\" data-is-only-node=\"\">Protec TENSOLASTIC PLUS \u2014 Venda El\u00e1stica de Alta Compresi\u00f3n<\/strong><br data-start=\"63\" data-end=\"66\" \/>Venda el\u00e1stica m\u00e9dica dise\u00f1ada para <strong data-start=\"102\" data-end=\"151\">brindar soporte firme y compresi\u00f3n controlada<\/strong> en lesiones musculares, esguinces o tratamientos de varices. Fabricada con material <strong data-start=\"238\" data-end=\"267\">resistente y transpirable<\/strong>, que ofrece alta durabilidad y ajuste seguro sin perder elasticidad. Ideal para uso deportivo o terap\u00e9utico, favorece la circulaci\u00f3n y reduce inflamaciones. <strong data-start=\"429\" data-end=\"441\">Medidas:<\/strong> ancho 10 cm, longitud estirada 5 m. Producto de <strong data-start=\"492\" data-end=\"511\">alta compresi\u00f3n<\/strong>, c\u00f3modo y reutilizable.<\/p>\n<\/div>\n<\/div>\n<\/div>\n<\/div>\n<div class=\"z-0 flex min-h-[46px] justify-start\"><\/div>\n<div class=\"mt-3 w-full empty:hidden\">\n<div class=\"text-center\"><\/div>\n<\/div>\n<\/div>\n<\/div>\n<\/article>\n<div class=\"pointer-events-none h-px w-px\" aria-hidden=\"true\" data-edge=\"true\"><\/div>","protected":false},"excerpt":{"rendered":"<ul>\n<li><strong data-start=\"244\" data-end=\"279\">10 cm de ancho x 5 m de largo<\/strong><\/li>\n<li>Marca: TENSOLASTIC PLUS<\/li>\n<li>Laboratorios PROTEC<\/li>\n<li>Fecha de Vencimiento: Agosto 2030<\/li>\n<\/ul>","protected":false},"featured_media":7508,"comment_status":"open","ping_status":"closed","template":"","meta":[],"product_brand":[],"product_cat":[70],"product_tag":[],"class_list":{"0":"post-6909","1":"product","2":"type-product","3":"status-publish","4":"has-post-thumbnail","6":"product_cat-insumos-y-equipos","8":"first","9":"instock","10":"shipping-taxable","11":"purchasable","12":"product-type-simple"},"_links":{"self":[{"href":"https:\/\/rapifarma.shop\/en\/wp-json\/wp\/v2\/product\/6909","targetHints":{"allow":["GET"]}}],"collection":[{"href":"https:\/\/rapifarma.shop\/en\/wp-json\/wp\/v2\/product"}],"about":[{"href":"https:\/\/rapifarma.shop\/en\/wp-json\/wp\/v2\/types\/product"}],"replies":[{"embeddable":true,"href":"https:\/\/rapifarma.shop\/en\/wp-json\/wp\/v2\/comments?post=6909"}],"wp:featuredmedia":[{"embeddable":true,"href":"https:\/\/rapifarma.shop\/en\/wp-json\/wp\/v2\/media\/7508"}],"wp:attachment":[{"href":"https:\/\/rapifarma.shop\/en\/wp-json\/wp\/v2\/media?parent=6909"}],"wp:term":[{"taxonomy":"product_brand","embeddable":true,"href":"https:\/\/rapifarma.shop\/en\/wp-json\/wp\/v2\/product_brand?post=6909"},{"taxonomy":"product_cat","embeddable":true,"href":"https:\/\/rapifarma.shop\/en\/wp-json\/wp\/v2\/product_cat?post=6909"},{"taxonomy":"product_tag","embeddable":true,"href":"https:\/\/rapifarma.shop\/en\/wp-json\/wp\/v2\/product_tag?post=6909"}],"curies":[{"name":"wp","href":"https:\/\/api.w.org\/{rel}","templated":true}]}}