{"id":6899,"date":"2025-10-18T01:56:47","date_gmt":"2025-10-18T01:56:47","guid":{"rendered":"https:\/\/rapifarma.shop\/?post_type=product&#038;p=6899"},"modified":"2025-10-26T17:34:18","modified_gmt":"2025-10-26T17:34:18","slug":"losartan-hidroclorotiazida-100-mg-25-mg","status":"publish","type":"product","link":"https:\/\/rapifarma.shop\/en\/product\/losartan-hidroclorotiazida-100-mg-25-mg\/","title":{"rendered":"Losart\u00e1n \/ Hidroclorotiazida 100 mg \/ 25 mg"},"content":{"rendered":"<p><strong data-start=\"0\" data-end=\"68\" data-is-only-node=\"\">Losart\u00e1n \/ Hidroclorotiazida 100 mg \/ 25 mg (Ultra Laboratorios) <\/strong>Medicamento combinado utilizado para el <strong data-start=\"111\" data-end=\"154\">tratamiento de la hipertensi\u00f3n arterial<\/strong>. Contiene <strong data-start=\"167\" data-end=\"179\">losart\u00e1n<\/strong>, que relaja los vasos sangu\u00edneos, y <strong data-start=\"216\" data-end=\"237\">hidroclorotiazida<\/strong>, un diur\u00e9tico que ayuda a eliminar el exceso de l\u00edquidos y sodio. Su uso regular ayuda a controlar la presi\u00f3n y prevenir complicaciones cardiovasculares. <strong data-start=\"396\" data-end=\"413\">Presentaci\u00f3n:<\/strong> caja con 15 tabletas.<br data-start=\"435\" data-end=\"438\" \/>Administraci\u00f3n oral, bajo supervisi\u00f3n m\u00e9dica.<\/p>","protected":false},"excerpt":{"rendered":"<ul>\n<li><strong>15 Tabletas<\/strong><\/li>\n<li>Losart\u00e1n \/ Hidroclorotiazida 100 mg \/ 25 mg<\/li>\n<li>Laboratorios ULTRA<\/li>\n<li>Fecha de Vencimiento: Abril 2027<\/li>\n<\/ul>","protected":false},"featured_media":7420,"comment_status":"open","ping_status":"closed","template":"","meta":[],"product_brand":[],"product_cat":[66],"product_tag":[],"class_list":{"0":"post-6899","1":"product","2":"type-product","3":"status-publish","4":"has-post-thumbnail","6":"product_cat-tabletas-y-capsulas","8":"first","9":"instock","10":"shipping-taxable","11":"purchasable","12":"product-type-simple"},"_links":{"self":[{"href":"https:\/\/rapifarma.shop\/en\/wp-json\/wp\/v2\/product\/6899","targetHints":{"allow":["GET"]}}],"collection":[{"href":"https:\/\/rapifarma.shop\/en\/wp-json\/wp\/v2\/product"}],"about":[{"href":"https:\/\/rapifarma.shop\/en\/wp-json\/wp\/v2\/types\/product"}],"replies":[{"embeddable":true,"href":"https:\/\/rapifarma.shop\/en\/wp-json\/wp\/v2\/comments?post=6899"}],"wp:featuredmedia":[{"embeddable":true,"href":"https:\/\/rapifarma.shop\/en\/wp-json\/wp\/v2\/media\/7420"}],"wp:attachment":[{"href":"https:\/\/rapifarma.shop\/en\/wp-json\/wp\/v2\/media?parent=6899"}],"wp:term":[{"taxonomy":"product_brand","embeddable":true,"href":"https:\/\/rapifarma.shop\/en\/wp-json\/wp\/v2\/product_brand?post=6899"},{"taxonomy":"product_cat","embeddable":true,"href":"https:\/\/rapifarma.shop\/en\/wp-json\/wp\/v2\/product_cat?post=6899"},{"taxonomy":"product_tag","embeddable":true,"href":"https:\/\/rapifarma.shop\/en\/wp-json\/wp\/v2\/product_tag?post=6899"}],"curies":[{"name":"wp","href":"https:\/\/api.w.org\/{rel}","templated":true}]}}