{"id":6891,"date":"2025-10-18T00:42:26","date_gmt":"2025-10-18T00:42:26","guid":{"rendered":"https:\/\/rapifarma.shop\/?post_type=product&#038;p=6891"},"modified":"2025-10-26T14:52:59","modified_gmt":"2025-10-26T14:52:59","slug":"clotrimazol-ovulos-500-mg","status":"publish","type":"product","link":"https:\/\/rapifarma.shop\/en\/product\/clotrimazol-ovulos-500-mg\/","title":{"rendered":"Clotrimazol \u00d3vulos 500 mg"},"content":{"rendered":"<p><strong data-start=\"0\" data-end=\"37\" data-is-only-node=\"\">Clotrimazol \u00d3vulos 500 mg<\/strong><br data-start=\"37\" data-end=\"40\" \/>Tratamiento antif\u00fangico de uso vaginal indicado para <strong data-start=\"93\" data-end=\"141\">infecciones por hongos (candidiasis vaginal)<\/strong>, aliviando s\u00edntomas como picaz\u00f3n, ardor y flujo anormal. Cada \u00f3vulo contiene <strong data-start=\"221\" data-end=\"246\">500 mg de clotrimazol<\/strong>, eficaz contra <strong><em data-start=\"262\" data-end=\"280\">Candida albicans<\/em><\/strong> y otros hongos. Se aplica por v\u00eda vaginal, preferentemente por la noche antes de dormir. Ayuda a restaurar el equilibrio natural de la flora vaginal y eliminar la infecci\u00f3n. <strong data-start=\"374\" data-end=\"391\">Presentaci\u00f3n:<\/strong> caja con 1 \u00f3vulo de 500 mg.<\/p>","protected":false},"excerpt":{"rendered":"<ul>\n<li><strong>1 Ovulo<\/strong><\/li>\n<li>Clotrimazol 500 mg<\/li>\n<li>Laboratorios SONS<\/li>\n<li>Fecha de Vencimiento: Mayo 2027<\/li>\n<\/ul>","protected":false},"featured_media":7310,"comment_status":"open","ping_status":"closed","template":"","meta":[],"product_brand":[],"product_cat":[68],"product_tag":[],"class_list":{"0":"post-6891","1":"product","2":"type-product","3":"status-publish","4":"has-post-thumbnail","6":"product_cat-ovulos-y-supositorios","8":"first","9":"instock","10":"shipping-taxable","11":"purchasable","12":"product-type-simple"},"_links":{"self":[{"href":"https:\/\/rapifarma.shop\/en\/wp-json\/wp\/v2\/product\/6891","targetHints":{"allow":["GET"]}}],"collection":[{"href":"https:\/\/rapifarma.shop\/en\/wp-json\/wp\/v2\/product"}],"about":[{"href":"https:\/\/rapifarma.shop\/en\/wp-json\/wp\/v2\/types\/product"}],"replies":[{"embeddable":true,"href":"https:\/\/rapifarma.shop\/en\/wp-json\/wp\/v2\/comments?post=6891"}],"wp:featuredmedia":[{"embeddable":true,"href":"https:\/\/rapifarma.shop\/en\/wp-json\/wp\/v2\/media\/7310"}],"wp:attachment":[{"href":"https:\/\/rapifarma.shop\/en\/wp-json\/wp\/v2\/media?parent=6891"}],"wp:term":[{"taxonomy":"product_brand","embeddable":true,"href":"https:\/\/rapifarma.shop\/en\/wp-json\/wp\/v2\/product_brand?post=6891"},{"taxonomy":"product_cat","embeddable":true,"href":"https:\/\/rapifarma.shop\/en\/wp-json\/wp\/v2\/product_cat?post=6891"},{"taxonomy":"product_tag","embeddable":true,"href":"https:\/\/rapifarma.shop\/en\/wp-json\/wp\/v2\/product_tag?post=6891"}],"curies":[{"name":"wp","href":"https:\/\/api.w.org\/{rel}","templated":true}]}}