{"id":6882,"date":"2025-10-17T23:49:14","date_gmt":"2025-10-17T23:49:14","guid":{"rendered":"https:\/\/rapifarma.shop\/?post_type=product&#038;p=6882"},"modified":"2025-10-26T15:55:59","modified_gmt":"2025-10-26T15:55:59","slug":"idopovidona-solucion-antiseptica-120-ml","status":"publish","type":"product","link":"https:\/\/rapifarma.shop\/en\/product\/idopovidona-solucion-antiseptica-120-ml\/","title":{"rendered":"Iodopovidona Soluci\u00f3n Antis\u00e9ptica 120 ml"},"content":{"rendered":"<div class=\"text-base my-auto mx-auto pb-10 [--thread-content-margin:--spacing(4)] thread-sm:[--thread-content-margin:--spacing(6)] thread-lg:[--thread-content-margin:--spacing(16)] px-(--thread-content-margin)\">\n<div class=\"[--thread-content-max-width:40rem] thread-lg:[--thread-content-max-width:48rem] mx-auto max-w-(--thread-content-max-width) flex-1 group\/turn-messages focus-visible:outline-hidden relative flex w-full min-w-0 flex-col agent-turn\" tabindex=\"-1\">\n<div class=\"flex max-w-full flex-col grow\">\n<div class=\"min-h-8 text-message relative flex w-full flex-col items-end gap-2 text-start break-words whitespace-normal [.text-message+&amp;]:mt-1\" dir=\"auto\" data-message-author-role=\"assistant\" data-message-id=\"ba708ffd-56ca-4f71-b541-71c7a89ac58d\" data-message-model-slug=\"gpt-5\">\n<div class=\"flex w-full flex-col gap-1 empty:hidden first:pt-[1px]\">\n<div class=\"markdown prose dark:prose-invert w-full break-words light markdown-new-styling\">\n<p data-start=\"0\" data-end=\"491\" data-is-last-node=\"\" data-is-only-node=\"\"><strong data-start=\"3\" data-end=\"47\">Iodopovidona Soluci\u00f3n Antis\u00e9ptica 120 mL<\/strong> es un desinfectante t\u00f3pico que elimina bacterias, hongos y virus en heridas, raspaduras y quemaduras leves. Contiene <strong data-start=\"167\" data-end=\"191\">iodopovidona al 10 %<\/strong> (equivalente a 1 g de yodo por cada 100 mL) y se aplica directamente sobre la piel.<br data-start=\"275\" data-end=\"278\" \/>Ayuda a prevenir infecciones y favorecer la cicatrizaci\u00f3n. No debe usarse en personas al\u00e9rgicas al yodo o con irritaci\u00f3n cut\u00e1nea.<br data-start=\"409\" data-end=\"412\" \/>Es ideal para <strong data-start=\"426\" data-end=\"490\">primeros auxilios y material de curaci\u00f3n dom\u00e9stico o cl\u00ednico<\/strong>.<\/p>\n<\/div>\n<\/div>\n<\/div>\n<\/div>\n<\/div>\n<\/div>","protected":false},"excerpt":{"rendered":"<ul>\n<li><strong>Contiene 120 ml<\/strong><\/li>\n<li>Iodopovidona al 10 %<\/li>\n<li>Laboratorios SIMILARES<\/li>\n<li>Fecha de Vencimiento: Mayo 2027<\/li>\n<\/ul>","protected":false},"featured_media":7382,"comment_status":"open","ping_status":"closed","template":"","meta":[],"product_brand":[],"product_cat":[70],"product_tag":[],"class_list":{"0":"post-6882","1":"product","2":"type-product","3":"status-publish","4":"has-post-thumbnail","6":"product_cat-insumos-y-equipos","8":"first","9":"instock","10":"shipping-taxable","11":"purchasable","12":"product-type-simple"},"_links":{"self":[{"href":"https:\/\/rapifarma.shop\/en\/wp-json\/wp\/v2\/product\/6882","targetHints":{"allow":["GET"]}}],"collection":[{"href":"https:\/\/rapifarma.shop\/en\/wp-json\/wp\/v2\/product"}],"about":[{"href":"https:\/\/rapifarma.shop\/en\/wp-json\/wp\/v2\/types\/product"}],"replies":[{"embeddable":true,"href":"https:\/\/rapifarma.shop\/en\/wp-json\/wp\/v2\/comments?post=6882"}],"wp:featuredmedia":[{"embeddable":true,"href":"https:\/\/rapifarma.shop\/en\/wp-json\/wp\/v2\/media\/7382"}],"wp:attachment":[{"href":"https:\/\/rapifarma.shop\/en\/wp-json\/wp\/v2\/media?parent=6882"}],"wp:term":[{"taxonomy":"product_brand","embeddable":true,"href":"https:\/\/rapifarma.shop\/en\/wp-json\/wp\/v2\/product_brand?post=6882"},{"taxonomy":"product_cat","embeddable":true,"href":"https:\/\/rapifarma.shop\/en\/wp-json\/wp\/v2\/product_cat?post=6882"},{"taxonomy":"product_tag","embeddable":true,"href":"https:\/\/rapifarma.shop\/en\/wp-json\/wp\/v2\/product_tag?post=6882"}],"curies":[{"name":"wp","href":"https:\/\/api.w.org\/{rel}","templated":true}]}}