{"id":6852,"date":"2025-10-17T14:44:28","date_gmt":"2025-10-17T14:44:28","guid":{"rendered":"https:\/\/rapifarma.shop\/?post_type=product&#038;p=6852"},"modified":"2025-10-26T17:24:23","modified_gmt":"2025-10-26T17:24:23","slug":"loratadina-10-mg","status":"publish","type":"product","link":"https:\/\/rapifarma.shop\/en\/product\/loratadina-10-mg\/","title":{"rendered":"Loratadina 10 mg"},"content":{"rendered":"<p><strong data-start=\"0\" data-end=\"30\" data-is-only-node=\"\">Loratadina 10 mg<\/strong><br data-start=\"30\" data-end=\"33\" \/>Antihistam\u00ednico en <strong data-start=\"52\" data-end=\"76\">caja con 20 tabletas<\/strong> indicado para el alivio de s\u00edntomas causados por alergias, como estornudos, picaz\u00f3n, lagrimeo y escurrimiento nasal. Tambi\u00e9n ayuda a reducir la irritaci\u00f3n por urticaria y otras reacciones cut\u00e1neas al\u00e9rgicas. De administraci\u00f3n oral, proporciona alivio prolongado sin causar somnolencia en la mayor\u00eda de los casos.<\/p>","protected":false},"excerpt":{"rendered":"<ul>\n<li><strong>20 Tabletas<\/strong><\/li>\n<li>Loratadina 10 mg<\/li>\n<li>Laboratorios BEADVANCE<\/li>\n<li>Fecha de Vencimiento: Abril 2027<\/li>\n<\/ul>","protected":false},"featured_media":7410,"comment_status":"open","ping_status":"closed","template":"","meta":[],"product_brand":[],"product_cat":[66],"product_tag":[],"class_list":{"0":"post-6852","1":"product","2":"type-product","3":"status-publish","4":"has-post-thumbnail","6":"product_cat-tabletas-y-capsulas","8":"first","9":"instock","10":"shipping-taxable","11":"purchasable","12":"product-type-simple"},"_links":{"self":[{"href":"https:\/\/rapifarma.shop\/en\/wp-json\/wp\/v2\/product\/6852","targetHints":{"allow":["GET"]}}],"collection":[{"href":"https:\/\/rapifarma.shop\/en\/wp-json\/wp\/v2\/product"}],"about":[{"href":"https:\/\/rapifarma.shop\/en\/wp-json\/wp\/v2\/types\/product"}],"replies":[{"embeddable":true,"href":"https:\/\/rapifarma.shop\/en\/wp-json\/wp\/v2\/comments?post=6852"}],"wp:featuredmedia":[{"embeddable":true,"href":"https:\/\/rapifarma.shop\/en\/wp-json\/wp\/v2\/media\/7410"}],"wp:attachment":[{"href":"https:\/\/rapifarma.shop\/en\/wp-json\/wp\/v2\/media?parent=6852"}],"wp:term":[{"taxonomy":"product_brand","embeddable":true,"href":"https:\/\/rapifarma.shop\/en\/wp-json\/wp\/v2\/product_brand?post=6852"},{"taxonomy":"product_cat","embeddable":true,"href":"https:\/\/rapifarma.shop\/en\/wp-json\/wp\/v2\/product_cat?post=6852"},{"taxonomy":"product_tag","embeddable":true,"href":"https:\/\/rapifarma.shop\/en\/wp-json\/wp\/v2\/product_tag?post=6852"}],"curies":[{"name":"wp","href":"https:\/\/api.w.org\/{rel}","templated":true}]}}