{"id":6846,"date":"2025-10-17T13:32:25","date_gmt":"2025-10-17T13:32:25","guid":{"rendered":"https:\/\/rapifarma.shop\/?post_type=product&#038;p=6846"},"modified":"2025-10-26T14:47:27","modified_gmt":"2025-10-26T14:47:27","slug":"ciprain-ciprofloxacino-500-mg","status":"publish","type":"product","link":"https:\/\/rapifarma.shop\/en\/product\/ciprain-ciprofloxacino-500-mg\/","title":{"rendered":"Cipra\u00edn (Ciprofloxacino) 500 mg"},"content":{"rendered":"<p><strong data-start=\"0\" data-end=\"35\" data-is-only-node=\"\">Cipra\u00edn (Ciprofloxacino 500 mg)<\/strong><br data-start=\"35\" data-end=\"38\" \/>Antibi\u00f3tico en <strong data-start=\"53\" data-end=\"77\">caja con 10 tabletas<\/strong> indicado para el tratamiento de infecciones bacterianas en v\u00edas respiratorias, urinarias, gastrointestinales, piel y tejidos blandos. Act\u00faa eliminando las bacterias responsables de la infecci\u00f3n, ayudando a reducir la fiebre y el malestar. Su administraci\u00f3n es oral y debe realizarse bajo prescripci\u00f3n m\u00e9dica para garantizar su eficacia y seguridad.<\/p>","protected":false},"excerpt":{"rendered":"<ul>\n<li><strong>20 Tabletas<\/strong><\/li>\n<li>Ciprofloxacino 500 mg<\/li>\n<li>Laboratorios MAVER<\/li>\n<li>Fecha de Vencimiento: Febrero 2027<\/li>\n<\/ul>","protected":false},"featured_media":7304,"comment_status":"open","ping_status":"closed","template":"","meta":[],"product_brand":[],"product_cat":[66],"product_tag":[],"class_list":{"0":"post-6846","1":"product","2":"type-product","3":"status-publish","4":"has-post-thumbnail","6":"product_cat-tabletas-y-capsulas","8":"first","9":"instock","10":"shipping-taxable","11":"purchasable","12":"product-type-simple"},"_links":{"self":[{"href":"https:\/\/rapifarma.shop\/en\/wp-json\/wp\/v2\/product\/6846","targetHints":{"allow":["GET"]}}],"collection":[{"href":"https:\/\/rapifarma.shop\/en\/wp-json\/wp\/v2\/product"}],"about":[{"href":"https:\/\/rapifarma.shop\/en\/wp-json\/wp\/v2\/types\/product"}],"replies":[{"embeddable":true,"href":"https:\/\/rapifarma.shop\/en\/wp-json\/wp\/v2\/comments?post=6846"}],"wp:featuredmedia":[{"embeddable":true,"href":"https:\/\/rapifarma.shop\/en\/wp-json\/wp\/v2\/media\/7304"}],"wp:attachment":[{"href":"https:\/\/rapifarma.shop\/en\/wp-json\/wp\/v2\/media?parent=6846"}],"wp:term":[{"taxonomy":"product_brand","embeddable":true,"href":"https:\/\/rapifarma.shop\/en\/wp-json\/wp\/v2\/product_brand?post=6846"},{"taxonomy":"product_cat","embeddable":true,"href":"https:\/\/rapifarma.shop\/en\/wp-json\/wp\/v2\/product_cat?post=6846"},{"taxonomy":"product_tag","embeddable":true,"href":"https:\/\/rapifarma.shop\/en\/wp-json\/wp\/v2\/product_tag?post=6846"}],"curies":[{"name":"wp","href":"https:\/\/api.w.org\/{rel}","templated":true}]}}