{"id":6842,"date":"2025-10-17T05:24:58","date_gmt":"2025-10-17T05:24:58","guid":{"rendered":"https:\/\/rapifarma.shop\/?post_type=product&#038;p=6842"},"modified":"2025-10-26T17:45:52","modified_gmt":"2025-10-26T17:45:52","slug":"cirulan-metoclopramida-10-mg","status":"publish","type":"product","link":"https:\/\/rapifarma.shop\/en\/product\/cirulan-metoclopramida-10-mg\/","title":{"rendered":"Cirulan (Metoclopramida) 10 mg"},"content":{"rendered":"<p><strong data-start=\"0\" data-end=\"34\" data-is-only-node=\"\">Cirulan (Metoclopramida 10 mg)<\/strong><br data-start=\"34\" data-end=\"37\" \/>Medicamento en <strong data-start=\"52\" data-end=\"76\">caja con 20 tabletas<\/strong> indicado para aliviar n\u00e1useas, v\u00f3mito y malestares digestivos causados por reflujo, gastritis o migra\u00f1a. Act\u00faa regulando los movimientos del est\u00f3mago y facilitando el vaciado g\u00e1strico. Su uso es oral y debe administrarse bajo recomendaci\u00f3n m\u00e9dica para garantizar un tratamiento seguro y eficaz.<\/p>","protected":false},"excerpt":{"rendered":"<ul>\n<li><strong>24 Tabletas<\/strong><\/li>\n<li>Metoclopramida 10 mg<\/li>\n<li>Laboratorios NOVAG<\/li>\n<li>Fecha de Vencimiento: Diciembre 2027<\/li>\n<\/ul>\n<p>&nbsp;<\/p>","protected":false},"featured_media":7429,"comment_status":"open","ping_status":"closed","template":"","meta":[],"product_brand":[],"product_cat":[66],"product_tag":[],"class_list":{"0":"post-6842","1":"product","2":"type-product","3":"status-publish","4":"has-post-thumbnail","6":"product_cat-tabletas-y-capsulas","8":"first","9":"instock","10":"shipping-taxable","11":"purchasable","12":"product-type-simple"},"_links":{"self":[{"href":"https:\/\/rapifarma.shop\/en\/wp-json\/wp\/v2\/product\/6842","targetHints":{"allow":["GET"]}}],"collection":[{"href":"https:\/\/rapifarma.shop\/en\/wp-json\/wp\/v2\/product"}],"about":[{"href":"https:\/\/rapifarma.shop\/en\/wp-json\/wp\/v2\/types\/product"}],"replies":[{"embeddable":true,"href":"https:\/\/rapifarma.shop\/en\/wp-json\/wp\/v2\/comments?post=6842"}],"wp:featuredmedia":[{"embeddable":true,"href":"https:\/\/rapifarma.shop\/en\/wp-json\/wp\/v2\/media\/7429"}],"wp:attachment":[{"href":"https:\/\/rapifarma.shop\/en\/wp-json\/wp\/v2\/media?parent=6842"}],"wp:term":[{"taxonomy":"product_brand","embeddable":true,"href":"https:\/\/rapifarma.shop\/en\/wp-json\/wp\/v2\/product_brand?post=6842"},{"taxonomy":"product_cat","embeddable":true,"href":"https:\/\/rapifarma.shop\/en\/wp-json\/wp\/v2\/product_cat?post=6842"},{"taxonomy":"product_tag","embeddable":true,"href":"https:\/\/rapifarma.shop\/en\/wp-json\/wp\/v2\/product_tag?post=6842"}],"curies":[{"name":"wp","href":"https:\/\/api.w.org\/{rel}","templated":true}]}}