{"id":6840,"date":"2025-10-17T05:07:17","date_gmt":"2025-10-17T05:07:17","guid":{"rendered":"https:\/\/rapifarma.shop\/?post_type=product&#038;p=6840"},"modified":"2025-10-26T19:37:43","modified_gmt":"2025-10-26T19:37:43","slug":"electrolitos-sabor-coco-sales-de-rehidratacion","status":"publish","type":"product","link":"https:\/\/rapifarma.shop\/en\/product\/electrolitos-sabor-coco-sales-de-rehidratacion\/","title":{"rendered":"Electrolitos Sabor Coco (sales de rehidrataci\u00f3n)"},"content":{"rendered":"<p><strong data-start=\"0\" data-end=\"33\" data-is-only-node=\"\">Seltz Electrolitos Sabor Coco<\/strong><br data-start=\"33\" data-end=\"36\" \/>Suplemento alimenticio en <strong data-start=\"62\" data-end=\"100\">tubo con 13 tabletas efervescentes<\/strong>, formulado con sodio, potasio, magnesio, calcio y zinc para mantener el equilibrio de l\u00edquidos y minerales en el cuerpo. Ayuda a prevenir la deshidrataci\u00f3n causada por ejercicio, calor o resaca, y favorece la recuperaci\u00f3n f\u00edsica. Se disuelve una tableta en 500 ml de agua para obtener una bebida hidratante con sabor a coco, que rinde aproximadamente 6.5 litros.<\/p>","protected":false},"excerpt":{"rendered":"<ul>\n<li><strong>13 Tabletas<\/strong><\/li>\n<li>Magnesio 12.2 mg<\/li>\n<li>Potasio 303 mg<\/li>\n<li>Cloruro 275 mg<\/li>\n<li>Calcio 27 mg<\/li>\n<li>Sodio 210 mg<\/li>\n<li>Laboratorios SELTZ<\/li>\n<li>Fecha de Vencimiento: Noviembre 2027<\/li>\n<\/ul>","protected":false},"featured_media":7488,"comment_status":"open","ping_status":"closed","template":"","meta":[],"product_brand":[],"product_cat":[66],"product_tag":[],"class_list":{"0":"post-6840","1":"product","2":"type-product","3":"status-publish","4":"has-post-thumbnail","6":"product_cat-tabletas-y-capsulas","8":"first","9":"instock","10":"shipping-taxable","11":"purchasable","12":"product-type-simple"},"_links":{"self":[{"href":"https:\/\/rapifarma.shop\/en\/wp-json\/wp\/v2\/product\/6840","targetHints":{"allow":["GET"]}}],"collection":[{"href":"https:\/\/rapifarma.shop\/en\/wp-json\/wp\/v2\/product"}],"about":[{"href":"https:\/\/rapifarma.shop\/en\/wp-json\/wp\/v2\/types\/product"}],"replies":[{"embeddable":true,"href":"https:\/\/rapifarma.shop\/en\/wp-json\/wp\/v2\/comments?post=6840"}],"wp:featuredmedia":[{"embeddable":true,"href":"https:\/\/rapifarma.shop\/en\/wp-json\/wp\/v2\/media\/7488"}],"wp:attachment":[{"href":"https:\/\/rapifarma.shop\/en\/wp-json\/wp\/v2\/media?parent=6840"}],"wp:term":[{"taxonomy":"product_brand","embeddable":true,"href":"https:\/\/rapifarma.shop\/en\/wp-json\/wp\/v2\/product_brand?post=6840"},{"taxonomy":"product_cat","embeddable":true,"href":"https:\/\/rapifarma.shop\/en\/wp-json\/wp\/v2\/product_cat?post=6840"},{"taxonomy":"product_tag","embeddable":true,"href":"https:\/\/rapifarma.shop\/en\/wp-json\/wp\/v2\/product_tag?post=6840"}],"curies":[{"name":"wp","href":"https:\/\/api.w.org\/{rel}","templated":true}]}}