{"id":6832,"date":"2025-10-17T04:39:25","date_gmt":"2025-10-17T04:39:25","guid":{"rendered":"https:\/\/rapifarma.shop\/?post_type=product&#038;p=6832"},"modified":"2025-10-26T13:59:09","modified_gmt":"2025-10-26T13:59:09","slug":"fibroxol-besafibrato-200-mg","status":"publish","type":"product","link":"https:\/\/rapifarma.shop\/en\/product\/fibroxol-besafibrato-200-mg\/","title":{"rendered":"Fibroxol (Bezafibrato) 200 mg"},"content":{"rendered":"<p><strong data-start=\"0\" data-end=\"33\" data-is-only-node=\"\">Fibroxol (Bezafibrato 200 mg)<\/strong><br data-start=\"33\" data-end=\"36\" \/>Medicamento en <strong data-start=\"51\" data-end=\"75\">caja con 30 tabletas<\/strong> indicado para reducir los niveles elevados de colesterol y triglic\u00e9ridos en la sangre. Ayuda a prevenir enfermedades cardiovasculares al mejorar el perfil lip\u00eddico y proteger la salud arterial. Su uso debe complementarse con dieta equilibrada y ejercicio regular, bajo supervisi\u00f3n m\u00e9dica.<\/p>","protected":false},"excerpt":{"rendered":"<ul>\n<li><strong>30 Tabletas<\/strong><\/li>\n<li>Bezafibrato 200 mg<\/li>\n<li>Laboratorios AVITUS<\/li>\n<li>Fecha de Vencimiento: Noviembre 2026<\/li>\n<\/ul>","protected":false},"featured_media":7274,"comment_status":"open","ping_status":"closed","template":"","meta":[],"product_brand":[],"product_cat":[66],"product_tag":[],"class_list":{"0":"post-6832","1":"product","2":"type-product","3":"status-publish","4":"has-post-thumbnail","6":"product_cat-tabletas-y-capsulas","8":"first","9":"instock","10":"shipping-taxable","11":"purchasable","12":"product-type-simple"},"_links":{"self":[{"href":"https:\/\/rapifarma.shop\/en\/wp-json\/wp\/v2\/product\/6832","targetHints":{"allow":["GET"]}}],"collection":[{"href":"https:\/\/rapifarma.shop\/en\/wp-json\/wp\/v2\/product"}],"about":[{"href":"https:\/\/rapifarma.shop\/en\/wp-json\/wp\/v2\/types\/product"}],"replies":[{"embeddable":true,"href":"https:\/\/rapifarma.shop\/en\/wp-json\/wp\/v2\/comments?post=6832"}],"wp:featuredmedia":[{"embeddable":true,"href":"https:\/\/rapifarma.shop\/en\/wp-json\/wp\/v2\/media\/7274"}],"wp:attachment":[{"href":"https:\/\/rapifarma.shop\/en\/wp-json\/wp\/v2\/media?parent=6832"}],"wp:term":[{"taxonomy":"product_brand","embeddable":true,"href":"https:\/\/rapifarma.shop\/en\/wp-json\/wp\/v2\/product_brand?post=6832"},{"taxonomy":"product_cat","embeddable":true,"href":"https:\/\/rapifarma.shop\/en\/wp-json\/wp\/v2\/product_cat?post=6832"},{"taxonomy":"product_tag","embeddable":true,"href":"https:\/\/rapifarma.shop\/en\/wp-json\/wp\/v2\/product_tag?post=6832"}],"curies":[{"name":"wp","href":"https:\/\/api.w.org\/{rel}","templated":true}]}}