{"id":6828,"date":"2025-10-17T04:09:54","date_gmt":"2025-10-17T04:09:54","guid":{"rendered":"https:\/\/rapifarma.shop\/?post_type=product&#038;p=6828"},"modified":"2025-10-26T18:45:10","modified_gmt":"2025-10-26T18:45:10","slug":"quitadol-paracetamol-500mg","status":"publish","type":"product","link":"https:\/\/rapifarma.shop\/en\/product\/quitadol-paracetamol-500mg\/","title":{"rendered":"Quitadol (Paracetamol) 500mg"},"content":{"rendered":"<p><strong data-start=\"0\" data-end=\"33\" data-is-only-node=\"\">Quitadol (Paracetamol 500 mg)<\/strong><br data-start=\"33\" data-end=\"36\" \/>Medicamento en <strong data-start=\"51\" data-end=\"75\">caja con 10 tabletas<\/strong> indicado para aliviar el dolor leve a moderado y reducir la fiebre. Eficaz en casos de dolor de cabeza, dental, muscular o molestias por resfriado com\u00fan. Su acci\u00f3n analg\u00e9sica y antipir\u00e9tica proporciona alivio r\u00e1pido y seguro. De uso oral, puede tomarse cada 6 a 8 horas seg\u00fan indicaci\u00f3n m\u00e9dica.<\/p>","protected":false},"excerpt":{"rendered":"<ul>\n<li><strong>10 Tabletas<\/strong><\/li>\n<li>Paracetamol 500 mg<\/li>\n<li>Laboratorios BIOMEP<\/li>\n<li>Fecha de Vencimiento: Febrero 2027<\/li>\n<\/ul>","protected":false},"featured_media":7472,"comment_status":"open","ping_status":"closed","template":"","meta":[],"product_brand":[],"product_cat":[66],"product_tag":[],"class_list":{"0":"post-6828","1":"product","2":"type-product","3":"status-publish","4":"has-post-thumbnail","6":"product_cat-tabletas-y-capsulas","8":"first","9":"instock","10":"shipping-taxable","11":"purchasable","12":"product-type-simple"},"_links":{"self":[{"href":"https:\/\/rapifarma.shop\/en\/wp-json\/wp\/v2\/product\/6828","targetHints":{"allow":["GET"]}}],"collection":[{"href":"https:\/\/rapifarma.shop\/en\/wp-json\/wp\/v2\/product"}],"about":[{"href":"https:\/\/rapifarma.shop\/en\/wp-json\/wp\/v2\/types\/product"}],"replies":[{"embeddable":true,"href":"https:\/\/rapifarma.shop\/en\/wp-json\/wp\/v2\/comments?post=6828"}],"wp:featuredmedia":[{"embeddable":true,"href":"https:\/\/rapifarma.shop\/en\/wp-json\/wp\/v2\/media\/7472"}],"wp:attachment":[{"href":"https:\/\/rapifarma.shop\/en\/wp-json\/wp\/v2\/media?parent=6828"}],"wp:term":[{"taxonomy":"product_brand","embeddable":true,"href":"https:\/\/rapifarma.shop\/en\/wp-json\/wp\/v2\/product_brand?post=6828"},{"taxonomy":"product_cat","embeddable":true,"href":"https:\/\/rapifarma.shop\/en\/wp-json\/wp\/v2\/product_cat?post=6828"},{"taxonomy":"product_tag","embeddable":true,"href":"https:\/\/rapifarma.shop\/en\/wp-json\/wp\/v2\/product_tag?post=6828"}],"curies":[{"name":"wp","href":"https:\/\/api.w.org\/{rel}","templated":true}]}}