{"id":6806,"date":"2025-10-14T23:20:12","date_gmt":"2025-10-14T23:20:12","guid":{"rendered":"https:\/\/rapifarma.shop\/?post_type=product&#038;p=6806"},"modified":"2025-10-26T17:40:33","modified_gmt":"2025-10-26T17:40:33","slug":"messelfenil-duralgina-500-mg","status":"publish","type":"product","link":"https:\/\/rapifarma.shop\/en\/product\/messelfenil-duralgina-500-mg\/","title":{"rendered":"Messelfenil (Duralgina) 500 mg"},"content":{"rendered":"<p><strong data-start=\"0\" data-end=\"41\" data-is-only-node=\"\">Messelfenil (Metamizol s\u00f3dico 500 mg)<\/strong><br data-start=\"41\" data-end=\"44\" \/>Medicamento en <strong data-start=\"59\" data-end=\"83\">caja con 10 tabletas<\/strong> indicado para el alivio del dolor moderado a intenso y la reducci\u00f3n de la fiebre. Eficaz en casos de dolor muscular, dental, menstrual o postoperatorio. Su acci\u00f3n analg\u00e9sica y antipir\u00e9tica proporciona un alivio r\u00e1pido y prolongado de los s\u00edntomas. Se recomienda su uso bajo indicaci\u00f3n m\u00e9dica.<\/p>","protected":false},"excerpt":{"rendered":"<ul>\n<li><strong>10 Tabletas<\/strong><\/li>\n<li>Metamizol S\u00f3doco (Duralgina) 500 mg<\/li>\n<li>Laboratorios BIOMEP<\/li>\n<li>Fecha de Vencimiento: Junio 2027<\/li>\n<\/ul>","protected":false},"featured_media":7426,"comment_status":"open","ping_status":"closed","template":"","meta":[],"product_brand":[],"product_cat":[66],"product_tag":[],"class_list":{"0":"post-6806","1":"product","2":"type-product","3":"status-publish","4":"has-post-thumbnail","6":"product_cat-tabletas-y-capsulas","8":"first","9":"instock","10":"shipping-taxable","11":"purchasable","12":"product-type-simple"},"_links":{"self":[{"href":"https:\/\/rapifarma.shop\/en\/wp-json\/wp\/v2\/product\/6806","targetHints":{"allow":["GET"]}}],"collection":[{"href":"https:\/\/rapifarma.shop\/en\/wp-json\/wp\/v2\/product"}],"about":[{"href":"https:\/\/rapifarma.shop\/en\/wp-json\/wp\/v2\/types\/product"}],"replies":[{"embeddable":true,"href":"https:\/\/rapifarma.shop\/en\/wp-json\/wp\/v2\/comments?post=6806"}],"wp:featuredmedia":[{"embeddable":true,"href":"https:\/\/rapifarma.shop\/en\/wp-json\/wp\/v2\/media\/7426"}],"wp:attachment":[{"href":"https:\/\/rapifarma.shop\/en\/wp-json\/wp\/v2\/media?parent=6806"}],"wp:term":[{"taxonomy":"product_brand","embeddable":true,"href":"https:\/\/rapifarma.shop\/en\/wp-json\/wp\/v2\/product_brand?post=6806"},{"taxonomy":"product_cat","embeddable":true,"href":"https:\/\/rapifarma.shop\/en\/wp-json\/wp\/v2\/product_cat?post=6806"},{"taxonomy":"product_tag","embeddable":true,"href":"https:\/\/rapifarma.shop\/en\/wp-json\/wp\/v2\/product_tag?post=6806"}],"curies":[{"name":"wp","href":"https:\/\/api.w.org\/{rel}","templated":true}]}}