{"id":6797,"date":"2025-10-14T21:48:54","date_gmt":"2025-10-14T21:48:54","guid":{"rendered":"https:\/\/rapifarma.shop\/?post_type=product&#038;p=6797"},"modified":"2025-10-26T18:15:24","modified_gmt":"2025-10-26T18:15:24","slug":"nebulizador-compresor-super-confort","status":"publish","type":"product","link":"https:\/\/rapifarma.shop\/en\/product\/nebulizador-compresor-super-confort\/","title":{"rendered":"Nebulizador Compresor SUPER CONFORT"},"content":{"rendered":"<p><strong data-start=\"0\" data-end=\"46\" data-is-only-node=\"\">Nebulizador de Compresor (Modelo SC-NB001)<\/strong><br data-start=\"46\" data-end=\"49\" \/>Dispositivo m\u00e9dico dise\u00f1ado para administrar medicamentos l\u00edquidos en forma de niebla fina, facilitando su inhalaci\u00f3n directa a los pulmones. Ideal para el tratamiento del asma, bronquitis, alergias y otras enfermedades respiratorias. Incluye mascarillas para adultos y ni\u00f1os, tubo de aire y vaso nebulizador. Ofrece flujo de aire potente y estable, garantizando una terapia respiratoria eficaz y c\u00f3moda en el hogar.<\/p>","protected":false},"excerpt":{"rendered":"<ul>\n<li>Modelo SC-NB001<\/li>\n<li class=\"ui-vpp-highlighted-specs__features-list-item ui-pdp-color--BLACK ui-pdp-size--XSMALL ui-pdp-family--REGULAR\">Voltaje: 127V \/ 60 Hz<\/li>\n<li class=\"ui-vpp-highlighted-specs__features-list-item ui-pdp-color--BLACK ui-pdp-size--XSMALL ui-pdp-family--REGULAR\">Capacidad: 8 ml<\/li>\n<li class=\"ui-vpp-highlighted-specs__features-list-item ui-pdp-color--BLACK ui-pdp-size--XSMALL ui-pdp-family--REGULAR\">\u00a0Tama\u00f1o de part\u00edcula: \u00d3ptimo para alcanzar las v\u00edas respiratorias inferiores<\/li>\n<li>Nivel de ruido: Extremadamente bajo<\/li>\n<li>Peso: 4.6 lb<\/li>\n<li>Incluye: Compresor de alta performance \/ Manguera de aire flexible \/ Mascarillas para adultos y ni\u00f1os \/\u00a0Boquilla \/ 5 filtros de repuesto<\/li>\n<\/ul>","protected":false},"featured_media":7451,"comment_status":"open","ping_status":"closed","template":"","meta":[],"product_brand":[],"product_cat":[70],"product_tag":[],"class_list":{"0":"post-6797","1":"product","2":"type-product","3":"status-publish","4":"has-post-thumbnail","6":"product_cat-insumos-y-equipos","8":"first","9":"instock","10":"shipping-taxable","11":"purchasable","12":"product-type-simple"},"_links":{"self":[{"href":"https:\/\/rapifarma.shop\/en\/wp-json\/wp\/v2\/product\/6797","targetHints":{"allow":["GET"]}}],"collection":[{"href":"https:\/\/rapifarma.shop\/en\/wp-json\/wp\/v2\/product"}],"about":[{"href":"https:\/\/rapifarma.shop\/en\/wp-json\/wp\/v2\/types\/product"}],"replies":[{"embeddable":true,"href":"https:\/\/rapifarma.shop\/en\/wp-json\/wp\/v2\/comments?post=6797"}],"wp:featuredmedia":[{"embeddable":true,"href":"https:\/\/rapifarma.shop\/en\/wp-json\/wp\/v2\/media\/7451"}],"wp:attachment":[{"href":"https:\/\/rapifarma.shop\/en\/wp-json\/wp\/v2\/media?parent=6797"}],"wp:term":[{"taxonomy":"product_brand","embeddable":true,"href":"https:\/\/rapifarma.shop\/en\/wp-json\/wp\/v2\/product_brand?post=6797"},{"taxonomy":"product_cat","embeddable":true,"href":"https:\/\/rapifarma.shop\/en\/wp-json\/wp\/v2\/product_cat?post=6797"},{"taxonomy":"product_tag","embeddable":true,"href":"https:\/\/rapifarma.shop\/en\/wp-json\/wp\/v2\/product_tag?post=6797"}],"curies":[{"name":"wp","href":"https:\/\/api.w.org\/{rel}","templated":true}]}}