{"id":6795,"date":"2025-10-14T21:05:52","date_gmt":"2025-10-14T21:05:52","guid":{"rendered":"https:\/\/rapifarma.shop\/?post_type=product&#038;p=6795"},"modified":"2025-10-26T19:40:25","modified_gmt":"2025-10-26T19:40:25","slug":"electrolitos-sabor-lima-limon-sales-de-rehidratacion","status":"publish","type":"product","link":"https:\/\/rapifarma.shop\/en\/product\/electrolitos-sabor-lima-limon-sales-de-rehidratacion\/","title":{"rendered":"Electrolitos Sabor Lima Lim\u00f3n (sales de rehidrataci\u00f3n)"},"content":{"rendered":"<p><strong data-start=\"186\" data-end=\"225\">Seltz Electrolitos Sabor Lima Lim\u00f3n<\/strong><br data-start=\"225\" data-end=\"228\" \/>Suplemento efervescente en <strong data-start=\"255\" data-end=\"288\">tubo con 13 tabletas de 6.2 g<\/strong>, formulado con sodio, potasio, magnesio, calcio y zinc para reponer l\u00edquidos y minerales perdidos. Ayuda a prevenir la deshidrataci\u00f3n causada por ejercicio, calor o resaca, manteniendo el equilibrio \u00e1cido-base del cuerpo. Se disuelve en agua (1 tableta por 500 ml) para una bebida refrescante que mejora la hidrataci\u00f3n y el rendimiento f\u00edsico. Rinde 6.5 litros.<\/p>","protected":false},"excerpt":{"rendered":"<ul>\n<li><strong>13 Tabletas<\/strong><\/li>\n<li>Magnesio 12.2 mg<\/li>\n<li>Potasio 303 mg<\/li>\n<li>Cloruro 275 mg<\/li>\n<li>Calcio 27 mg<\/li>\n<li>Sodio 210 mg<\/li>\n<li>Laboratorios SELTZ<\/li>\n<li>Fecha de Vencimiento: Diciembre 2027<\/li>\n<\/ul>","protected":false},"featured_media":7490,"comment_status":"open","ping_status":"closed","template":"","meta":[],"product_brand":[],"product_cat":[66],"product_tag":[],"class_list":{"0":"post-6795","1":"product","2":"type-product","3":"status-publish","4":"has-post-thumbnail","6":"product_cat-tabletas-y-capsulas","8":"first","9":"instock","10":"shipping-taxable","11":"purchasable","12":"product-type-simple"},"_links":{"self":[{"href":"https:\/\/rapifarma.shop\/en\/wp-json\/wp\/v2\/product\/6795","targetHints":{"allow":["GET"]}}],"collection":[{"href":"https:\/\/rapifarma.shop\/en\/wp-json\/wp\/v2\/product"}],"about":[{"href":"https:\/\/rapifarma.shop\/en\/wp-json\/wp\/v2\/types\/product"}],"replies":[{"embeddable":true,"href":"https:\/\/rapifarma.shop\/en\/wp-json\/wp\/v2\/comments?post=6795"}],"wp:featuredmedia":[{"embeddable":true,"href":"https:\/\/rapifarma.shop\/en\/wp-json\/wp\/v2\/media\/7490"}],"wp:attachment":[{"href":"https:\/\/rapifarma.shop\/en\/wp-json\/wp\/v2\/media?parent=6795"}],"wp:term":[{"taxonomy":"product_brand","embeddable":true,"href":"https:\/\/rapifarma.shop\/en\/wp-json\/wp\/v2\/product_brand?post=6795"},{"taxonomy":"product_cat","embeddable":true,"href":"https:\/\/rapifarma.shop\/en\/wp-json\/wp\/v2\/product_cat?post=6795"},{"taxonomy":"product_tag","embeddable":true,"href":"https:\/\/rapifarma.shop\/en\/wp-json\/wp\/v2\/product_tag?post=6795"}],"curies":[{"name":"wp","href":"https:\/\/api.w.org\/{rel}","templated":true}]}}