{"id":6786,"date":"2025-10-14T20:02:18","date_gmt":"2025-10-14T20:02:18","guid":{"rendered":"https:\/\/rapifarma.shop\/?post_type=product&#038;p=6786"},"modified":"2025-10-26T18:33:52","modified_gmt":"2025-10-26T18:33:52","slug":"omeprazol-20-mg","status":"publish","type":"product","link":"https:\/\/rapifarma.shop\/en\/product\/omeprazol-20-mg\/","title":{"rendered":"Omeprazol 20 mg"},"content":{"rendered":"<h6 class=\"sr-only\">ChatGPT dijo:<\/h6>\n<div class=\"text-base my-auto mx-auto pb-10 [--thread-content-margin:--spacing(4)] thread-sm:[--thread-content-margin:--spacing(6)] thread-lg:[--thread-content-margin:--spacing(16)] px-(--thread-content-margin)\">\n<div class=\"[--thread-content-max-width:40rem] thread-lg:[--thread-content-max-width:48rem] mx-auto max-w-(--thread-content-max-width) flex-1 group\/turn-messages focus-visible:outline-hidden relative flex w-full min-w-0 flex-col agent-turn\" tabindex=\"-1\">\n<div class=\"flex max-w-full flex-col grow\">\n<div class=\"min-h-8 text-message relative flex w-full flex-col items-end gap-2 text-start break-words whitespace-normal [.text-message+&amp;]:mt-1\" dir=\"auto\" data-message-author-role=\"assistant\" data-message-id=\"6e5636c9-639e-4ac2-8ecb-fdd2b48f7df6\" data-message-model-slug=\"gpt-5\">\n<div class=\"flex w-full flex-col gap-1 empty:hidden first:pt-[1px]\">\n<div class=\"markdown prose dark:prose-invert w-full break-words light markdown-new-styling\">\n<p data-start=\"0\" data-end=\"349\" data-is-last-node=\"\" data-is-only-node=\"\"><strong data-start=\"0\" data-end=\"35\" data-is-only-node=\"\">Omeprazol 20 mg\u00a0<\/strong><br data-start=\"35\" data-end=\"38\" \/>Medicamento en <strong data-start=\"53\" data-end=\"79\">frasco con 60 c\u00e1psulas<\/strong> indicado para el alivio de gastritis, reflujo y acidez estomacal. Act\u00faa reduciendo la producci\u00f3n de \u00e1cido en el est\u00f3mago, brindando alivio prolongado y protecci\u00f3n de la mucosa g\u00e1strica. Ideal para el tratamiento de \u00falceras g\u00e1stricas o duodenales bajo indicaci\u00f3n m\u00e9dica.<\/p>\n<\/div>\n<\/div>\n<\/div>\n<\/div>\n<\/div>\n<\/div>","protected":false},"excerpt":{"rendered":"<ul>\n<li><strong>30 Tabletas<\/strong><\/li>\n<li>Enalapril 10 mg<\/li>\n<li>Laboratorios AVIVIA PHARMA<\/li>\n<li>Fecha de Vencimiento: Julio 2027<\/li>\n<\/ul>","protected":false},"featured_media":7458,"comment_status":"open","ping_status":"closed","template":"","meta":[],"product_brand":[],"product_cat":[66],"product_tag":[],"class_list":{"0":"post-6786","1":"product","2":"type-product","3":"status-publish","4":"has-post-thumbnail","6":"product_cat-tabletas-y-capsulas","8":"first","9":"instock","10":"shipping-taxable","11":"purchasable","12":"product-type-simple"},"_links":{"self":[{"href":"https:\/\/rapifarma.shop\/en\/wp-json\/wp\/v2\/product\/6786","targetHints":{"allow":["GET"]}}],"collection":[{"href":"https:\/\/rapifarma.shop\/en\/wp-json\/wp\/v2\/product"}],"about":[{"href":"https:\/\/rapifarma.shop\/en\/wp-json\/wp\/v2\/types\/product"}],"replies":[{"embeddable":true,"href":"https:\/\/rapifarma.shop\/en\/wp-json\/wp\/v2\/comments?post=6786"}],"wp:featuredmedia":[{"embeddable":true,"href":"https:\/\/rapifarma.shop\/en\/wp-json\/wp\/v2\/media\/7458"}],"wp:attachment":[{"href":"https:\/\/rapifarma.shop\/en\/wp-json\/wp\/v2\/media?parent=6786"}],"wp:term":[{"taxonomy":"product_brand","embeddable":true,"href":"https:\/\/rapifarma.shop\/en\/wp-json\/wp\/v2\/product_brand?post=6786"},{"taxonomy":"product_cat","embeddable":true,"href":"https:\/\/rapifarma.shop\/en\/wp-json\/wp\/v2\/product_cat?post=6786"},{"taxonomy":"product_tag","embeddable":true,"href":"https:\/\/rapifarma.shop\/en\/wp-json\/wp\/v2\/product_tag?post=6786"}],"curies":[{"name":"wp","href":"https:\/\/api.w.org\/{rel}","templated":true}]}}